{"id":1435,"date":"2021-01-18T20:08:23","date_gmt":"2021-01-18T20:08:23","guid":{"rendered":"https:\/\/vertidoscero.com\/?page_id=1435"},"modified":"2026-03-30T13:23:02","modified_gmt":"2026-03-30T13:23:02","slug":"libera-ciencia","status":"publish","type":"page","link":"https:\/\/vertidoscero.com\/en\/proyectos\/libera-ciencia\/","title":{"rendered":"Libera Ciencia &#8211; R\u00edos"},"content":{"rendered":"<div data-elementor-type=\"wp-page\" data-elementor-id=\"1435\" class=\"elementor elementor-1435\" data-elementor-post-type=\"page\">\n\t\t\t\t\t\t<section class=\"elementor-section elementor-top-section elementor-element elementor-element-46143ac elementor-section-height-min-height elementor-section-content-middle elementor-section-boxed elementor-section-height-default elementor-section-items-middle\" data-id=\"46143ac\" data-element_type=\"section\" data-e-type=\"section\" data-settings=\"{&quot;background_background&quot;:&quot;classic&quot;}\">\n\t\t\t\t\t\t\t<div class=\"elementor-background-overlay\"><\/div>\n\t\t\t\t\t\t\t<div class=\"elementor-container elementor-column-gap-default\">\n\t\t\t\t\t<div class=\"elementor-column elementor-col-100 elementor-top-column elementor-element elementor-element-1fd724f6\" data-id=\"1fd724f6\" data-element_type=\"column\" data-e-type=\"column\">\n\t\t\t<div class=\"elementor-widget-wrap elementor-element-populated\">\n\t\t\t\t\t\t<div class=\"elementor-element elementor-element-5de06eae elementor-invisible elementor-widget elementor-widget-text-editor\" data-id=\"5de06eae\" data-element_type=\"widget\" data-e-type=\"widget\" data-settings=\"{&quot;_animation&quot;:&quot;fadeInDown&quot;}\" data-widget_type=\"text-editor.default\">\n\t\t\t\t<div class=\"elementor-widget-container\">\n\t\t\t\t\t\t\t\t\t<p style=\"text-align: left;\">PROYECTOS VERTIDOS CERO<\/p>\t\t\t\t\t\t\t\t<\/div>\n\t\t\t\t<\/div>\n\t\t\t\t<div class=\"elementor-element elementor-element-39c44dde elementor-widget elementor-widget-heading\" data-id=\"39c44dde\" data-element_type=\"widget\" data-e-type=\"widget\" data-widget_type=\"heading.default\">\n\t\t\t\t<div class=\"elementor-widget-container\">\n\t\t\t\t\t<h1 class=\"elementor-heading-title elementor-size-default\">ANTERIORES<\/h1>\t\t\t\t<\/div>\n\t\t\t\t<\/div>\n\t\t\t\t\t<\/div>\n\t\t<\/div>\n\t\t\t\t\t<\/div>\n\t\t<\/section>\n\t\t\t\t<section class=\"elementor-section elementor-top-section elementor-element elementor-element-7f791982 elementor-section-content-middle elementor-section-boxed elementor-section-height-default elementor-section-height-default\" data-id=\"7f791982\" data-element_type=\"section\" data-e-type=\"section\">\n\t\t\t\t\t\t<div class=\"elementor-container elementor-column-gap-no\">\n\t\t\t\t\t<div class=\"elementor-column elementor-col-100 elementor-top-column elementor-element elementor-element-516cddd8\" data-id=\"516cddd8\" data-element_type=\"column\" data-e-type=\"column\">\n\t\t\t<div class=\"elementor-widget-wrap elementor-element-populated\">\n\t\t\t\t\t\t<div class=\"elementor-element elementor-element-5eedfb9f elementor-widget elementor-widget-heading\" data-id=\"5eedfb9f\" data-element_type=\"widget\" data-e-type=\"widget\" data-widget_type=\"heading.default\">\n\t\t\t\t<div class=\"elementor-widget-container\">\n\t\t\t\t\t<h4 class=\"elementor-heading-title elementor-size-default\">LIBERA CIENCIA \u2013 R\u00cdOS<\/h4>\t\t\t\t<\/div>\n\t\t\t\t<\/div>\n\t\t\t\t<div class=\"elementor-element elementor-element-50733773 elementor-widget elementor-widget-text-editor\" data-id=\"50733773\" data-element_type=\"widget\" data-e-type=\"widget\" data-widget_type=\"text-editor.default\">\n\t\t\t\t<div class=\"elementor-widget-container\">\n\t\t\t\t\t\t\t\t\t<p>El proyecto se inicia en 2017, mediante la colaboraci\u00f3n de las asociaciones\u00a0<a href=\"https:\/\/vertidoscero.com\/en\/\" target=\"_blank\" rel=\"noreferrer noopener\" aria-label=\"Asociaci\u00f3n Vertidos Cero (abre en una nueva pesta\u00f1a)\">Vertidos Cero<\/a>\u00a0y\u00a0<a href=\"https:\/\/paisajelimpio.com\/\" target=\"_blank\" rel=\"noreferrer noopener\" aria-label=\"Paisaje Limpio (abre en una nueva pesta\u00f1a)\">Paisaje Limpio<\/a>, para la investigaci\u00f3n de nuevos sistemas de control y seguimiento de residuos y micropl\u00e1sticos en cauces fluviales.<\/p>\n<p>Desde el comienzo del proyecto hasta 2022, se ha llevado a cabo el estudio de cuatro r\u00edos con diferentes caracter\u00edsticas, probando distintas metodolog\u00edas de muestreo adaptadas a sus particularidades.<\/p>\n<p>Las campa\u00f1as de campo aportaron muestras de micropl\u00e1sticos en agua y sedimentos de especial inter\u00e9s, que en colaboraci\u00f3n con la Asociaci\u00f3n\u00a0<a href=\"https:\/\/hombreyterritorio.org\/\" target=\"_blank\" rel=\"noreferrer noopener\" aria-label=\"Hombre y Territorio (abre en una nueva pesta\u00f1a)\">Hombre y Territorio<\/a>\u00a0y la Universidad Aut\u00f3noma de Madrid, han sido analizadas para conocer su composici\u00f3n y origen.<\/p>\n<ul>\n<li><em><a href=\"https:\/\/www.flickr.com\/photos\/97966071@N03\/albums\/72157717941624436\" target=\"_blank\" rel=\"noopener\">Galer\u00eda de im\u00e1genes de Libera Ciencia en r\u00edos<\/a><\/em><\/li>\n<\/ul>\n<p>Con el apoyo del\u00a0<a href=\"https:\/\/proyectolibera.org\/basuraleza\/\" target=\"_blank\" rel=\"noreferrer noopener\">Proyecto Libera<\/a>\u00a0de SEO\/BirdLife y Ecoembes.<\/p>\t\t\t\t\t\t\t\t<\/div>\n\t\t\t\t<\/div>\n\t\t\t\t\t<\/div>\n\t\t<\/div>\n\t\t\t\t\t<\/div>\n\t\t<\/section>\n\t\t\t\t<section class=\"elementor-section elementor-top-section elementor-element elementor-element-629403eb elementor-section-boxed elementor-section-height-default elementor-section-height-default\" data-id=\"629403eb\" data-element_type=\"section\" data-e-type=\"section\">\n\t\t\t\t\t\t<div class=\"elementor-container elementor-column-gap-default\">\n\t\t\t\t\t<div class=\"elementor-column elementor-col-100 elementor-top-column elementor-element elementor-element-3bdffd81\" data-id=\"3bdffd81\" data-element_type=\"column\" data-e-type=\"column\">\n\t\t\t<div class=\"elementor-widget-wrap elementor-element-populated\">\n\t\t\t\t\t\t<div class=\"elementor-element elementor-element-2183b91a elementor-widget elementor-widget-text-editor\" data-id=\"2183b91a\" data-element_type=\"widget\" data-e-type=\"widget\" data-widget_type=\"text-editor.default\">\n\t\t\t\t<div class=\"elementor-widget-container\">\n\t\t\t\t\t\t\t\t\t\n<p><img decoding=\"async\" src=\"https:\/\/vertidoscero.com\/wp-content\/uploads\/2021\/01\/LiberaCiencia_VertidosCero.gif\" \/><\/p>\n<p>\u00a0<\/p>\n<figure class=\"wp-block-embed is-type-rich is-provider-flickr wp-block-embed-flickr\">\n<figcaption><\/figcaption>\n<\/figure>\n\t\t\t\t\t\t\t\t<\/div>\n\t\t\t\t<\/div>\n\t\t\t\t\t<\/div>\n\t\t<\/div>\n\t\t\t\t\t<\/div>\n\t\t<\/section>\n\t\t\t\t<\/div>","protected":false},"excerpt":{"rendered":"<p>PROYECTOS VERTIDOS CERO ANTERIORES LIBERA CIENCIA \u2013 R\u00cdOS El proyecto se inicia en 2017, mediante la colaboraci\u00f3n de las asociaciones\u00a0Vertidos Cero\u00a0y\u00a0Paisaje Limpio, para la investigaci\u00f3n de nuevos sistemas de control y seguimiento de residuos y micropl\u00e1sticos en cauces fluviales. Desde el comienzo del proyecto hasta 2022, se ha llevado a cabo el estudio de cuatro [&hellip;]<\/p>\n","protected":false},"author":1,"featured_media":1438,"parent":39,"menu_order":0,"comment_status":"closed","ping_status":"closed","template":"","meta":{"_monsterinsights_skip_tracking":false,"_monsterinsights_sitenote_active":false,"_monsterinsights_sitenote_note":"","_monsterinsights_sitenote_category":0,"site-sidebar-layout":"default","site-content-layout":"","ast-site-content-layout":"default","site-content-style":"default","site-sidebar-style":"default","ast-global-header-display":"","ast-banner-title-visibility":"","ast-main-header-display":"","ast-hfb-above-header-display":"","ast-hfb-below-header-display":"","ast-hfb-mobile-header-display":"","site-post-title":"disabled","ast-breadcrumbs-content":"","ast-featured-img":"","footer-sml-layout":"","ast-disable-related-posts":"","theme-transparent-header-meta":"","adv-header-id-meta":"","stick-header-meta":"","header-above-stick-meta":"","header-main-stick-meta":"","header-below-stick-meta":"","astra-migrate-meta-layouts":"default","ast-page-background-enabled":"default","ast-page-background-meta":{"desktop":{"background-color":"var(--ast-global-color-4)","background-image":"","background-repeat":"repeat","background-position":"center center","background-size":"auto","background-attachment":"scroll","background-type":"","background-media":"","overlay-type":"","overlay-color":"","overlay-opacity":"","overlay-gradient":""},"tablet":{"background-color":"","background-image":"","background-repeat":"repeat","background-position":"center center","background-size":"auto","background-attachment":"scroll","background-type":"","background-media":"","overlay-type":"","overlay-color":"","overlay-opacity":"","overlay-gradient":""},"mobile":{"background-color":"","background-image":"","background-repeat":"repeat","background-position":"center center","background-size":"auto","background-attachment":"scroll","background-type":"","background-media":"","overlay-type":"","overlay-color":"","overlay-opacity":"","overlay-gradient":""}},"ast-content-background-meta":{"desktop":{"background-color":"var(--ast-global-color-5)","background-image":"","background-repeat":"repeat","background-position":"center center","background-size":"auto","background-attachment":"scroll","background-type":"","background-media":"","overlay-type":"","overlay-color":"","overlay-opacity":"","overlay-gradient":""},"tablet":{"background-color":"var(--ast-global-color-5)","background-image":"","background-repeat":"repeat","background-position":"center center","background-size":"auto","background-attachment":"scroll","background-type":"","background-media":"","overlay-type":"","overlay-color":"","overlay-opacity":"","overlay-gradient":""},"mobile":{"background-color":"var(--ast-global-color-5)","background-image":"","background-repeat":"repeat","background-position":"center center","background-size":"auto","background-attachment":"scroll","background-type":"","background-media":"","overlay-type":"","overlay-color":"","overlay-opacity":"","overlay-gradient":""}},"footnotes":""},"class_list":["post-1435","page","type-page","status-publish","has-post-thumbnail","hentry"],"yoast_head":"<!-- This site is optimized with the Yoast SEO plugin v27.3 - https:\/\/yoast.com\/product\/yoast-seo-wordpress\/ -->\n<title>Libera Ciencia - R\u00edos - Asociaci\u00f3n Vertidos Cero<\/title>\n<meta name=\"robots\" content=\"index, follow, max-snippet:-1, max-image-preview:large, max-video-preview:-1\" \/>\n<link rel=\"canonical\" href=\"https:\/\/vertidoscero.com\/en\/proyectos\/libera-ciencia\/\" \/>\n<meta property=\"og:locale\" content=\"en_GB\" \/>\n<meta property=\"og:type\" content=\"article\" \/>\n<meta property=\"og:title\" content=\"Libera Ciencia - R\u00edos - Asociaci\u00f3n Vertidos Cero\" \/>\n<meta property=\"og:description\" content=\"PROYECTOS VERTIDOS CERO ANTERIORES LIBERA CIENCIA \u2013 R\u00cdOS El proyecto se inicia en 2017, mediante la colaboraci\u00f3n de las asociaciones\u00a0Vertidos Cero\u00a0y\u00a0Paisaje Limpio, para la investigaci\u00f3n de nuevos sistemas de control y seguimiento de residuos y micropl\u00e1sticos en cauces fluviales. Desde el comienzo del proyecto hasta 2022, se ha llevado a cabo el estudio de cuatro [&hellip;]\" \/>\n<meta property=\"og:url\" content=\"https:\/\/vertidoscero.com\/en\/proyectos\/libera-ciencia\/\" \/>\n<meta property=\"og:site_name\" content=\"Asociaci\u00f3n Vertidos Cero\" \/>\n<meta property=\"article:modified_time\" content=\"2026-03-30T13:23:02+00:00\" \/>\n<meta property=\"og:image\" content=\"https:\/\/vertidoscero.com\/wp-content\/uploads\/2021\/01\/LiberaCiencia_VertidosCero.gif\" \/>\n\t<meta property=\"og:image:width\" content=\"2268\" \/>\n\t<meta property=\"og:image:height\" content=\"1102\" \/>\n\t<meta property=\"og:image:type\" content=\"image\/gif\" \/>\n<meta name=\"twitter:card\" content=\"summary_large_image\" \/>\n<meta name=\"twitter:label1\" content=\"Estimated reading time\" \/>\n\t<meta name=\"twitter:data1\" content=\"1 minute\" \/>\n<script type=\"application\/ld+json\" class=\"yoast-schema-graph\">{\"@context\":\"https:\\\/\\\/schema.org\",\"@graph\":[{\"@type\":\"WebPage\",\"@id\":\"https:\\\/\\\/vertidoscero.com\\\/proyectos\\\/libera-ciencia\\\/\",\"url\":\"https:\\\/\\\/vertidoscero.com\\\/proyectos\\\/libera-ciencia\\\/\",\"name\":\"Libera Ciencia - R\u00edos - Asociaci\u00f3n Vertidos Cero\",\"isPartOf\":{\"@id\":\"https:\\\/\\\/vertidoscero.com\\\/#website\"},\"primaryImageOfPage\":{\"@id\":\"https:\\\/\\\/vertidoscero.com\\\/proyectos\\\/libera-ciencia\\\/#primaryimage\"},\"image\":{\"@id\":\"https:\\\/\\\/vertidoscero.com\\\/proyectos\\\/libera-ciencia\\\/#primaryimage\"},\"thumbnailUrl\":\"https:\\\/\\\/vertidoscero.com\\\/wp-content\\\/uploads\\\/2021\\\/01\\\/LiberaCiencia_VertidosCero.gif\",\"datePublished\":\"2021-01-18T20:08:23+00:00\",\"dateModified\":\"2026-03-30T13:23:02+00:00\",\"breadcrumb\":{\"@id\":\"https:\\\/\\\/vertidoscero.com\\\/proyectos\\\/libera-ciencia\\\/#breadcrumb\"},\"inLanguage\":\"en-GB\",\"potentialAction\":[{\"@type\":\"ReadAction\",\"target\":[\"https:\\\/\\\/vertidoscero.com\\\/proyectos\\\/libera-ciencia\\\/\"]}]},{\"@type\":\"ImageObject\",\"inLanguage\":\"en-GB\",\"@id\":\"https:\\\/\\\/vertidoscero.com\\\/proyectos\\\/libera-ciencia\\\/#primaryimage\",\"url\":\"https:\\\/\\\/vertidoscero.com\\\/wp-content\\\/uploads\\\/2021\\\/01\\\/LiberaCiencia_VertidosCero.gif\",\"contentUrl\":\"https:\\\/\\\/vertidoscero.com\\\/wp-content\\\/uploads\\\/2021\\\/01\\\/LiberaCiencia_VertidosCero.gif\",\"width\":2268,\"height\":1102},{\"@type\":\"BreadcrumbList\",\"@id\":\"https:\\\/\\\/vertidoscero.com\\\/proyectos\\\/libera-ciencia\\\/#breadcrumb\",\"itemListElement\":[{\"@type\":\"ListItem\",\"position\":1,\"name\":\"Portada\",\"item\":\"https:\\\/\\\/vertidoscero.com\\\/\"},{\"@type\":\"ListItem\",\"position\":2,\"name\":\"Proyectos\",\"item\":\"https:\\\/\\\/vertidoscero.com\\\/proyectos\\\/\"},{\"@type\":\"ListItem\",\"position\":3,\"name\":\"Libera Ciencia &#8211; R\u00edos\"}]},{\"@type\":\"WebSite\",\"@id\":\"https:\\\/\\\/vertidoscero.com\\\/#website\",\"url\":\"https:\\\/\\\/vertidoscero.com\\\/\",\"name\":\"Asociaci\u00f3n Vertidos Cero\",\"description\":\"Asociaci\u00f3n Vertidos Cero para la prevenci\u00f3n, minimizaci\u00f3n y eliminaci\u00f3n de los vertidos\",\"publisher\":{\"@id\":\"https:\\\/\\\/vertidoscero.com\\\/#organization\"},\"potentialAction\":[{\"@type\":\"SearchAction\",\"target\":{\"@type\":\"EntryPoint\",\"urlTemplate\":\"https:\\\/\\\/vertidoscero.com\\\/?s={search_term_string}\"},\"query-input\":{\"@type\":\"PropertyValueSpecification\",\"valueRequired\":true,\"valueName\":\"search_term_string\"}}],\"inLanguage\":\"en-GB\"},{\"@type\":\"Organization\",\"@id\":\"https:\\\/\\\/vertidoscero.com\\\/#organization\",\"name\":\"Asociaci\u00f3n Vertidos Cero\",\"url\":\"https:\\\/\\\/vertidoscero.com\\\/\",\"logo\":{\"@type\":\"ImageObject\",\"inLanguage\":\"en-GB\",\"@id\":\"https:\\\/\\\/vertidoscero.com\\\/#\\\/schema\\\/logo\\\/image\\\/\",\"url\":\"https:\\\/\\\/vertidoscero.com\\\/wp-content\\\/uploads\\\/2023\\\/05\\\/cropped-Recurso-12.png\",\"contentUrl\":\"https:\\\/\\\/vertidoscero.com\\\/wp-content\\\/uploads\\\/2023\\\/05\\\/cropped-Recurso-12.png\",\"width\":1070,\"height\":1108,\"caption\":\"Asociaci\u00f3n Vertidos Cero\"},\"image\":{\"@id\":\"https:\\\/\\\/vertidoscero.com\\\/#\\\/schema\\\/logo\\\/image\\\/\"}}]}<\/script>\n<!-- \/ Yoast SEO plugin. -->","yoast_head_json":{"title":"Libera Ciencia - R\u00edos - Asociaci\u00f3n Vertidos Cero","robots":{"index":"index","follow":"follow","max-snippet":"max-snippet:-1","max-image-preview":"max-image-preview:large","max-video-preview":"max-video-preview:-1"},"canonical":"https:\/\/vertidoscero.com\/en\/proyectos\/libera-ciencia\/","og_locale":"en_GB","og_type":"article","og_title":"Libera Ciencia - R\u00edos - Asociaci\u00f3n Vertidos Cero","og_description":"PROYECTOS VERTIDOS CERO ANTERIORES LIBERA CIENCIA \u2013 R\u00cdOS El proyecto se inicia en 2017, mediante la colaboraci\u00f3n de las asociaciones\u00a0Vertidos Cero\u00a0y\u00a0Paisaje Limpio, para la investigaci\u00f3n de nuevos sistemas de control y seguimiento de residuos y micropl\u00e1sticos en cauces fluviales. Desde el comienzo del proyecto hasta 2022, se ha llevado a cabo el estudio de cuatro [&hellip;]","og_url":"https:\/\/vertidoscero.com\/en\/proyectos\/libera-ciencia\/","og_site_name":"Asociaci\u00f3n Vertidos Cero","article_modified_time":"2026-03-30T13:23:02+00:00","og_image":[{"width":2268,"height":1102,"url":"https:\/\/vertidoscero.com\/wp-content\/uploads\/2021\/01\/LiberaCiencia_VertidosCero.gif","type":"image\/gif"}],"twitter_card":"summary_large_image","twitter_misc":{"Estimated reading time":"1 minute"},"schema":{"@context":"https:\/\/schema.org","@graph":[{"@type":"WebPage","@id":"https:\/\/vertidoscero.com\/proyectos\/libera-ciencia\/","url":"https:\/\/vertidoscero.com\/proyectos\/libera-ciencia\/","name":"Libera Ciencia - R\u00edos - Asociaci\u00f3n Vertidos Cero","isPartOf":{"@id":"https:\/\/vertidoscero.com\/#website"},"primaryImageOfPage":{"@id":"https:\/\/vertidoscero.com\/proyectos\/libera-ciencia\/#primaryimage"},"image":{"@id":"https:\/\/vertidoscero.com\/proyectos\/libera-ciencia\/#primaryimage"},"thumbnailUrl":"https:\/\/vertidoscero.com\/wp-content\/uploads\/2021\/01\/LiberaCiencia_VertidosCero.gif","datePublished":"2021-01-18T20:08:23+00:00","dateModified":"2026-03-30T13:23:02+00:00","breadcrumb":{"@id":"https:\/\/vertidoscero.com\/proyectos\/libera-ciencia\/#breadcrumb"},"inLanguage":"en-GB","potentialAction":[{"@type":"ReadAction","target":["https:\/\/vertidoscero.com\/proyectos\/libera-ciencia\/"]}]},{"@type":"ImageObject","inLanguage":"en-GB","@id":"https:\/\/vertidoscero.com\/proyectos\/libera-ciencia\/#primaryimage","url":"https:\/\/vertidoscero.com\/wp-content\/uploads\/2021\/01\/LiberaCiencia_VertidosCero.gif","contentUrl":"https:\/\/vertidoscero.com\/wp-content\/uploads\/2021\/01\/LiberaCiencia_VertidosCero.gif","width":2268,"height":1102},{"@type":"BreadcrumbList","@id":"https:\/\/vertidoscero.com\/proyectos\/libera-ciencia\/#breadcrumb","itemListElement":[{"@type":"ListItem","position":1,"name":"Portada","item":"https:\/\/vertidoscero.com\/"},{"@type":"ListItem","position":2,"name":"Proyectos","item":"https:\/\/vertidoscero.com\/proyectos\/"},{"@type":"ListItem","position":3,"name":"Libera Ciencia &#8211; R\u00edos"}]},{"@type":"WebSite","@id":"https:\/\/vertidoscero.com\/#website","url":"https:\/\/vertidoscero.com\/","name":"Asociaci\u00f3n Vertidos Cero","description":"Asociaci\u00f3n Vertidos Cero para la prevenci\u00f3n, minimizaci\u00f3n y eliminaci\u00f3n de los vertidos","publisher":{"@id":"https:\/\/vertidoscero.com\/#organization"},"potentialAction":[{"@type":"SearchAction","target":{"@type":"EntryPoint","urlTemplate":"https:\/\/vertidoscero.com\/?s={search_term_string}"},"query-input":{"@type":"PropertyValueSpecification","valueRequired":true,"valueName":"search_term_string"}}],"inLanguage":"en-GB"},{"@type":"Organization","@id":"https:\/\/vertidoscero.com\/#organization","name":"Asociaci\u00f3n Vertidos Cero","url":"https:\/\/vertidoscero.com\/","logo":{"@type":"ImageObject","inLanguage":"en-GB","@id":"https:\/\/vertidoscero.com\/#\/schema\/logo\/image\/","url":"https:\/\/vertidoscero.com\/wp-content\/uploads\/2023\/05\/cropped-Recurso-12.png","contentUrl":"https:\/\/vertidoscero.com\/wp-content\/uploads\/2023\/05\/cropped-Recurso-12.png","width":1070,"height":1108,"caption":"Asociaci\u00f3n Vertidos Cero"},"image":{"@id":"https:\/\/vertidoscero.com\/#\/schema\/logo\/image\/"}}]}},"rttpg_featured_image_url":{"full":["https:\/\/vertidoscero.com\/wp-content\/uploads\/2021\/01\/LiberaCiencia_VertidosCero.gif",2268,1102,false],"landscape":["https:\/\/vertidoscero.com\/wp-content\/uploads\/2021\/01\/LiberaCiencia_VertidosCero.gif",2268,1102,false],"portraits":["https:\/\/vertidoscero.com\/wp-content\/uploads\/2021\/01\/LiberaCiencia_VertidosCero.gif",2268,1102,false],"thumbnail":["https:\/\/vertidoscero.com\/wp-content\/uploads\/2021\/01\/LiberaCiencia_VertidosCero-150x150.gif",150,150,true],"medium":["https:\/\/vertidoscero.com\/wp-content\/uploads\/2021\/01\/LiberaCiencia_VertidosCero-300x146.gif",300,146,true],"large":["https:\/\/vertidoscero.com\/wp-content\/uploads\/2021\/01\/LiberaCiencia_VertidosCero-1024x498.gif",1024,498,true],"1536x1536":["https:\/\/vertidoscero.com\/wp-content\/uploads\/2021\/01\/LiberaCiencia_VertidosCero.gif",1536,746,false],"2048x2048":["https:\/\/vertidoscero.com\/wp-content\/uploads\/2021\/01\/LiberaCiencia_VertidosCero.gif",2048,995,false],"trp-custom-language-flag":["https:\/\/vertidoscero.com\/wp-content\/uploads\/2021\/01\/LiberaCiencia_VertidosCero.gif",18,9,false]},"rttpg_author":{"display_name":"admin3617","author_link":"https:\/\/vertidoscero.com\/en\/author\/admin3617\/"},"rttpg_comment":0,"rttpg_category":null,"rttpg_excerpt":"PROYECTOS VERTIDOS CERO ANTERIORES LIBERA CIENCIA \u2013 R\u00cdOS El proyecto se inicia en 2017, mediante la colaboraci\u00f3n de las asociaciones\u00a0Vertidos Cero\u00a0y\u00a0Paisaje Limpio, para la investigaci\u00f3n de nuevos sistemas de control y seguimiento de residuos y micropl\u00e1sticos en cauces fluviales. Desde el comienzo del proyecto hasta 2022, se ha llevado a cabo el estudio de cuatro&hellip;","_links":{"self":[{"href":"https:\/\/vertidoscero.com\/en\/wp-json\/wp\/v2\/pages\/1435","targetHints":{"allow":["GET"]}}],"collection":[{"href":"https:\/\/vertidoscero.com\/en\/wp-json\/wp\/v2\/pages"}],"about":[{"href":"https:\/\/vertidoscero.com\/en\/wp-json\/wp\/v2\/types\/page"}],"author":[{"embeddable":true,"href":"https:\/\/vertidoscero.com\/en\/wp-json\/wp\/v2\/users\/1"}],"replies":[{"embeddable":true,"href":"https:\/\/vertidoscero.com\/en\/wp-json\/wp\/v2\/comments?post=1435"}],"version-history":[{"count":2,"href":"https:\/\/vertidoscero.com\/en\/wp-json\/wp\/v2\/pages\/1435\/revisions"}],"predecessor-version":[{"id":9196,"href":"https:\/\/vertidoscero.com\/en\/wp-json\/wp\/v2\/pages\/1435\/revisions\/9196"}],"up":[{"embeddable":true,"href":"https:\/\/vertidoscero.com\/en\/wp-json\/wp\/v2\/pages\/39"}],"wp:featuredmedia":[{"embeddable":true,"href":"https:\/\/vertidoscero.com\/en\/wp-json\/wp\/v2\/media\/1438"}],"wp:attachment":[{"href":"https:\/\/vertidoscero.com\/en\/wp-json\/wp\/v2\/media?parent=1435"}],"curies":[{"name":"wp","href":"https:\/\/api.w.org\/{rel}","templated":true}]}}