{"id":256,"date":"2018-01-17T16:58:02","date_gmt":"2018-01-17T16:58:02","guid":{"rendered":"https:\/\/vertidoscero.com\/?page_id=256"},"modified":"2024-03-11T10:48:06","modified_gmt":"2024-03-11T10:48:06","slug":"marine-litterhub","status":"publish","type":"page","link":"https:\/\/vertidoscero.com\/en\/marine-litterhub\/","title":{"rendered":"Marine-LitterHub"},"content":{"rendered":"<div data-elementor-type=\"wp-page\" data-elementor-id=\"256\" class=\"elementor elementor-256\" data-elementor-post-type=\"page\">\n\t\t\t\t\t\t<section class=\"elementor-section elementor-top-section elementor-element elementor-element-27df1e25 elementor-section-height-min-height elementor-section-content-middle elementor-section-boxed elementor-section-height-default elementor-section-items-middle\" data-id=\"27df1e25\" data-element_type=\"section\" data-e-type=\"section\" data-settings=\"{&quot;background_background&quot;:&quot;classic&quot;}\">\n\t\t\t\t\t\t\t<div class=\"elementor-background-overlay\"><\/div>\n\t\t\t\t\t\t\t<div class=\"elementor-container elementor-column-gap-default\">\n\t\t\t\t\t<div class=\"elementor-column elementor-col-100 elementor-top-column elementor-element elementor-element-5cb7e051\" data-id=\"5cb7e051\" data-element_type=\"column\" data-e-type=\"column\">\n\t\t\t<div class=\"elementor-widget-wrap elementor-element-populated\">\n\t\t\t\t\t\t<div class=\"elementor-element elementor-element-5dc758da elementor-invisible elementor-widget elementor-widget-text-editor\" data-id=\"5dc758da\" data-element_type=\"widget\" data-e-type=\"widget\" data-settings=\"{&quot;_animation&quot;:&quot;fadeInDown&quot;}\" data-widget_type=\"text-editor.default\">\n\t\t\t\t<div class=\"elementor-widget-container\">\n\t\t\t\t\t\t\t\t\t<p style=\"text-align: left;\">PROYECTOS VERTIDOS CERO<\/p>\t\t\t\t\t\t\t\t<\/div>\n\t\t\t\t<\/div>\n\t\t\t\t<div class=\"elementor-element elementor-element-5664e322 elementor-widget elementor-widget-heading\" data-id=\"5664e322\" data-element_type=\"widget\" data-e-type=\"widget\" data-widget_type=\"heading.default\">\n\t\t\t\t<div class=\"elementor-widget-container\">\n\t\t\t\t\t<h1 class=\"elementor-heading-title elementor-size-default\">ANTERIORES<\/h1>\t\t\t\t<\/div>\n\t\t\t\t<\/div>\n\t\t\t\t\t<\/div>\n\t\t<\/div>\n\t\t\t\t\t<\/div>\n\t\t<\/section>\n\t\t\t\t<section class=\"elementor-section elementor-top-section elementor-element elementor-element-210ae86b elementor-section-content-middle elementor-section-boxed elementor-section-height-default elementor-section-height-default\" data-id=\"210ae86b\" data-element_type=\"section\" data-e-type=\"section\">\n\t\t\t\t\t\t<div class=\"elementor-container elementor-column-gap-no\">\n\t\t\t\t\t<div class=\"elementor-column elementor-col-100 elementor-top-column elementor-element elementor-element-3ecf32b4\" data-id=\"3ecf32b4\" data-element_type=\"column\" data-e-type=\"column\">\n\t\t\t<div class=\"elementor-widget-wrap elementor-element-populated\">\n\t\t\t\t\t\t<div class=\"elementor-element elementor-element-5da149c1 elementor-widget elementor-widget-heading\" data-id=\"5da149c1\" data-element_type=\"widget\" data-e-type=\"widget\" data-widget_type=\"heading.default\">\n\t\t\t\t<div class=\"elementor-widget-container\">\n\t\t\t\t\t<h4 class=\"elementor-heading-title elementor-size-default\">MARINE-LITTERHUB<\/h4>\t\t\t\t<\/div>\n\t\t\t\t<\/div>\n\t\t\t\t<div class=\"elementor-element elementor-element-3c126743 elementor-widget elementor-widget-text-editor\" data-id=\"3c126743\" data-element_type=\"widget\" data-e-type=\"widget\" data-widget_type=\"text-editor.default\">\n\t\t\t\t<div class=\"elementor-widget-container\">\n\t\t\t\t\t\t\t\t\t<p class=\"style11\"><strong>\u201cMARINe-LITTERHUB\u201d<\/strong>\u00a0se traduce como un \u201cpunto de conexi\u00f3n\u201d para todos los interesados en el problema de las basuras marinas, esta herramienta est\u00e1 centrada en la formaci\u00f3n y divulgaci\u00f3n sobre el tema de las basuras marinas.<\/p><p>Este proyecto es una iniciativa de <a href=\"https:\/\/vertidoscero.com\/en\/\"><strong>Asociaci\u00f3n Vertidos Cero<\/strong><\/a>\u00a0y KAI Marine Service con el apoyo del\u00a0<a href=\"https:\/\/proyectolibera.org\/\" target=\"_blank\" rel=\"noopener\">Proyecto Libera<\/a>, buscando implicar al mayor n\u00famero de actores para eliminar el problema del abandono de residuos que afecta a nuestros espacios costeros.<\/p><p>El proyecto cristaliza en una p\u00e1gina web (hub), donde las personas interesadas en la divulgaci\u00f3n del problema de las basuras marinas, pueden encontrar recursos y material audiovisual procedente de proyectos nacionales e internacionales relevantes en este tema.<\/p><p>Durante 2017-18 se cre\u00f3 una red de formadores y divulgadores ambientales. Esta experiencia innovadora fue dirigida por un grupo de investigaci\u00f3n de la Universidad Aut\u00f3noma de Madrid para obtener resultados tendentes a la creaci\u00f3n de did\u00e1cticas espec\u00edficas por parte de los miembros de la red en un contexto de colaboraci\u00f3n abierta.<\/p><p>\u00a0<\/p>\t\t\t\t\t\t\t\t<\/div>\n\t\t\t\t<\/div>\n\t\t\t\t\t<\/div>\n\t\t<\/div>\n\t\t\t\t\t<\/div>\n\t\t<\/section>\n\t\t\t\t<section class=\"elementor-section elementor-top-section elementor-element elementor-element-3bd208b8 elementor-section-boxed elementor-section-height-default elementor-section-height-default\" data-id=\"3bd208b8\" data-element_type=\"section\" data-e-type=\"section\">\n\t\t\t\t\t\t<div class=\"elementor-container elementor-column-gap-default\">\n\t\t\t\t\t<div class=\"elementor-column elementor-col-100 elementor-top-column elementor-element elementor-element-609d5fa9\" data-id=\"609d5fa9\" data-element_type=\"column\" data-e-type=\"column\">\n\t\t\t<div class=\"elementor-widget-wrap elementor-element-populated\">\n\t\t\t\t\t\t<div class=\"elementor-element elementor-element-3d51e9e3 elementor-widget elementor-widget-text-editor\" data-id=\"3d51e9e3\" data-element_type=\"widget\" data-e-type=\"widget\" data-widget_type=\"text-editor.default\">\n\t\t\t\t<div class=\"elementor-widget-container\">\n\t\t\t\t\t\t\t\t\t<p><a href=\"https:\/\/vertidoscero.com\/wp-content\/uploads\/2019\/06\/portada_FB_MLH_screen.jpg\"><img fetchpriority=\"high\" decoding=\"async\" class=\"aligncenter wp-image-928 size-full\" src=\"https:\/\/vertidoscero.com\/wp-content\/uploads\/2019\/06\/portada_FB_MLH_screen-e1710154076961.jpg\" alt=\"\" width=\"773\" height=\"815\" srcset=\"https:\/\/vertidoscero.com\/wp-content\/uploads\/2019\/06\/portada_FB_MLH_screen-e1710154076961.jpg 773w, https:\/\/vertidoscero.com\/wp-content\/uploads\/2019\/06\/portada_FB_MLH_screen-e1710154076961-285x300.jpg 285w, https:\/\/vertidoscero.com\/wp-content\/uploads\/2019\/06\/portada_FB_MLH_screen-e1710154076961-768x810.jpg 768w\" sizes=\"(max-width: 773px) 100vw, 773px\" \/><\/a><\/p>\t\t\t\t\t\t\t\t<\/div>\n\t\t\t\t<\/div>\n\t\t\t\t\t<\/div>\n\t\t<\/div>\n\t\t\t\t\t<\/div>\n\t\t<\/section>\n\t\t\t\t<\/div>","protected":false},"excerpt":{"rendered":"<p>PROYECTOS VERTIDOS CERO ANTERIORES MARINE-LITTERHUB \u201cMARINe-LITTERHUB\u201d\u00a0se traduce como un \u201cpunto de conexi\u00f3n\u201d para todos los interesados en el problema de las basuras marinas, esta herramienta est\u00e1 centrada en la formaci\u00f3n y divulgaci\u00f3n sobre el tema de las basuras marinas. Este proyecto es una iniciativa de Asociaci\u00f3n Vertidos Cero\u00a0y KAI Marine Service con el apoyo del\u00a0Proyecto [&hellip;]<\/p>\n","protected":false},"author":1,"featured_media":0,"parent":0,"menu_order":0,"comment_status":"closed","ping_status":"closed","template":"","meta":{"_monsterinsights_skip_tracking":false,"_monsterinsights_sitenote_active":false,"_monsterinsights_sitenote_note":"","_monsterinsights_sitenote_category":0,"site-sidebar-layout":"default","site-content-layout":"","ast-site-content-layout":"default","site-content-style":"default","site-sidebar-style":"default","ast-global-header-display":"","ast-banner-title-visibility":"","ast-main-header-display":"","ast-hfb-above-header-display":"","ast-hfb-below-header-display":"","ast-hfb-mobile-header-display":"","site-post-title":"","ast-breadcrumbs-content":"","ast-featured-img":"","footer-sml-layout":"","ast-disable-related-posts":"","theme-transparent-header-meta":"","adv-header-id-meta":"","stick-header-meta":"","header-above-stick-meta":"","header-main-stick-meta":"","header-below-stick-meta":"","astra-migrate-meta-layouts":"default","ast-page-background-enabled":"default","ast-page-background-meta":{"desktop":{"background-color":"var(--ast-global-color-4)","background-image":"","background-repeat":"repeat","background-position":"center center","background-size":"auto","background-attachment":"scroll","background-type":"","background-media":"","overlay-type":"","overlay-color":"","overlay-opacity":"","overlay-gradient":""},"tablet":{"background-color":"","background-image":"","background-repeat":"repeat","background-position":"center center","background-size":"auto","background-attachment":"scroll","background-type":"","background-media":"","overlay-type":"","overlay-color":"","overlay-opacity":"","overlay-gradient":""},"mobile":{"background-color":"","background-image":"","background-repeat":"repeat","background-position":"center center","background-size":"auto","background-attachment":"scroll","background-type":"","background-media":"","overlay-type":"","overlay-color":"","overlay-opacity":"","overlay-gradient":""}},"ast-content-background-meta":{"desktop":{"background-color":"var(--ast-global-color-5)","background-image":"","background-repeat":"repeat","background-position":"center center","background-size":"auto","background-attachment":"scroll","background-type":"","background-media":"","overlay-type":"","overlay-color":"","overlay-opacity":"","overlay-gradient":""},"tablet":{"background-color":"var(--ast-global-color-5)","background-image":"","background-repeat":"repeat","background-position":"center center","background-size":"auto","background-attachment":"scroll","background-type":"","background-media":"","overlay-type":"","overlay-color":"","overlay-opacity":"","overlay-gradient":""},"mobile":{"background-color":"var(--ast-global-color-5)","background-image":"","background-repeat":"repeat","background-position":"center center","background-size":"auto","background-attachment":"scroll","background-type":"","background-media":"","overlay-type":"","overlay-color":"","overlay-opacity":"","overlay-gradient":""}},"footnotes":""},"class_list":["post-256","page","type-page","status-publish","hentry"],"yoast_head":"<!-- This site is optimized with the Yoast SEO plugin v27.5 - https:\/\/yoast.com\/product\/yoast-seo-wordpress\/ -->\n<title>Marine-LitterHub - Asociaci\u00f3n Vertidos Cero<\/title>\n<meta name=\"robots\" content=\"index, follow, max-snippet:-1, max-image-preview:large, max-video-preview:-1\" \/>\n<link rel=\"canonical\" href=\"https:\/\/vertidoscero.com\/en\/marine-litterhub\/\" \/>\n<meta property=\"og:locale\" content=\"en_GB\" \/>\n<meta property=\"og:type\" content=\"article\" \/>\n<meta property=\"og:title\" content=\"Marine-LitterHub - Asociaci\u00f3n Vertidos Cero\" \/>\n<meta property=\"og:description\" content=\"PROYECTOS VERTIDOS CERO ANTERIORES MARINE-LITTERHUB \u201cMARINe-LITTERHUB\u201d\u00a0se traduce como un \u201cpunto de conexi\u00f3n\u201d para todos los interesados en el problema de las basuras marinas, esta herramienta est\u00e1 centrada en la formaci\u00f3n y divulgaci\u00f3n sobre el tema de las basuras marinas. Este proyecto es una iniciativa de Asociaci\u00f3n Vertidos Cero\u00a0y KAI Marine Service con el apoyo del\u00a0Proyecto [&hellip;]\" \/>\n<meta property=\"og:url\" content=\"https:\/\/vertidoscero.com\/en\/marine-litterhub\/\" \/>\n<meta property=\"og:site_name\" content=\"Asociaci\u00f3n Vertidos Cero\" \/>\n<meta property=\"article:modified_time\" content=\"2024-03-11T10:48:06+00:00\" \/>\n<meta property=\"og:image\" content=\"https:\/\/vertidoscero.com\/wp-content\/uploads\/2019\/06\/portada_FB_MLH_screen-e1710154076961.jpg\" \/>\n<meta name=\"twitter:card\" content=\"summary_large_image\" \/>\n<meta name=\"twitter:label1\" content=\"Estimated reading time\" \/>\n\t<meta name=\"twitter:data1\" content=\"1 minute\" \/>\n<script type=\"application\/ld+json\" class=\"yoast-schema-graph\">{\"@context\":\"https:\\\/\\\/schema.org\",\"@graph\":[{\"@type\":\"WebPage\",\"@id\":\"https:\\\/\\\/vertidoscero.com\\\/marine-litterhub\\\/\",\"url\":\"https:\\\/\\\/vertidoscero.com\\\/marine-litterhub\\\/\",\"name\":\"Marine-LitterHub - Asociaci\u00f3n Vertidos Cero\",\"isPartOf\":{\"@id\":\"https:\\\/\\\/vertidoscero.com\\\/#website\"},\"primaryImageOfPage\":{\"@id\":\"https:\\\/\\\/vertidoscero.com\\\/marine-litterhub\\\/#primaryimage\"},\"image\":{\"@id\":\"https:\\\/\\\/vertidoscero.com\\\/marine-litterhub\\\/#primaryimage\"},\"thumbnailUrl\":\"https:\\\/\\\/vertidoscero.com\\\/wp-content\\\/uploads\\\/2019\\\/06\\\/portada_FB_MLH_screen-e1710154076961.jpg\",\"datePublished\":\"2018-01-17T16:58:02+00:00\",\"dateModified\":\"2024-03-11T10:48:06+00:00\",\"breadcrumb\":{\"@id\":\"https:\\\/\\\/vertidoscero.com\\\/marine-litterhub\\\/#breadcrumb\"},\"inLanguage\":\"en-GB\",\"potentialAction\":[{\"@type\":\"ReadAction\",\"target\":[\"https:\\\/\\\/vertidoscero.com\\\/marine-litterhub\\\/\"]}]},{\"@type\":\"ImageObject\",\"inLanguage\":\"en-GB\",\"@id\":\"https:\\\/\\\/vertidoscero.com\\\/marine-litterhub\\\/#primaryimage\",\"url\":\"https:\\\/\\\/vertidoscero.com\\\/wp-content\\\/uploads\\\/2019\\\/06\\\/portada_FB_MLH_screen-e1710154076961.jpg\",\"contentUrl\":\"https:\\\/\\\/vertidoscero.com\\\/wp-content\\\/uploads\\\/2019\\\/06\\\/portada_FB_MLH_screen-e1710154076961.jpg\"},{\"@type\":\"BreadcrumbList\",\"@id\":\"https:\\\/\\\/vertidoscero.com\\\/marine-litterhub\\\/#breadcrumb\",\"itemListElement\":[{\"@type\":\"ListItem\",\"position\":1,\"name\":\"Portada\",\"item\":\"https:\\\/\\\/vertidoscero.com\\\/\"},{\"@type\":\"ListItem\",\"position\":2,\"name\":\"Marine-LitterHub\"}]},{\"@type\":\"WebSite\",\"@id\":\"https:\\\/\\\/vertidoscero.com\\\/#website\",\"url\":\"https:\\\/\\\/vertidoscero.com\\\/\",\"name\":\"Asociaci\u00f3n Vertidos Cero\",\"description\":\"Asociaci\u00f3n Vertidos Cero para la prevenci\u00f3n, minimizaci\u00f3n y eliminaci\u00f3n de los vertidos\",\"publisher\":{\"@id\":\"https:\\\/\\\/vertidoscero.com\\\/#organization\"},\"potentialAction\":[{\"@type\":\"SearchAction\",\"target\":{\"@type\":\"EntryPoint\",\"urlTemplate\":\"https:\\\/\\\/vertidoscero.com\\\/?s={search_term_string}\"},\"query-input\":{\"@type\":\"PropertyValueSpecification\",\"valueRequired\":true,\"valueName\":\"search_term_string\"}}],\"inLanguage\":\"en-GB\"},{\"@type\":\"Organization\",\"@id\":\"https:\\\/\\\/vertidoscero.com\\\/#organization\",\"name\":\"Asociaci\u00f3n Vertidos Cero\",\"url\":\"https:\\\/\\\/vertidoscero.com\\\/\",\"logo\":{\"@type\":\"ImageObject\",\"inLanguage\":\"en-GB\",\"@id\":\"https:\\\/\\\/vertidoscero.com\\\/#\\\/schema\\\/logo\\\/image\\\/\",\"url\":\"https:\\\/\\\/vertidoscero.com\\\/wp-content\\\/uploads\\\/2023\\\/05\\\/cropped-Recurso-12.png\",\"contentUrl\":\"https:\\\/\\\/vertidoscero.com\\\/wp-content\\\/uploads\\\/2023\\\/05\\\/cropped-Recurso-12.png\",\"width\":1070,\"height\":1108,\"caption\":\"Asociaci\u00f3n Vertidos Cero\"},\"image\":{\"@id\":\"https:\\\/\\\/vertidoscero.com\\\/#\\\/schema\\\/logo\\\/image\\\/\"}}]}<\/script>\n<!-- \/ Yoast SEO plugin. -->","yoast_head_json":{"title":"Marine-LitterHub - Asociaci\u00f3n Vertidos Cero","robots":{"index":"index","follow":"follow","max-snippet":"max-snippet:-1","max-image-preview":"max-image-preview:large","max-video-preview":"max-video-preview:-1"},"canonical":"https:\/\/vertidoscero.com\/en\/marine-litterhub\/","og_locale":"en_GB","og_type":"article","og_title":"Marine-LitterHub - Asociaci\u00f3n Vertidos Cero","og_description":"PROYECTOS VERTIDOS CERO ANTERIORES MARINE-LITTERHUB \u201cMARINe-LITTERHUB\u201d\u00a0se traduce como un \u201cpunto de conexi\u00f3n\u201d para todos los interesados en el problema de las basuras marinas, esta herramienta est\u00e1 centrada en la formaci\u00f3n y divulgaci\u00f3n sobre el tema de las basuras marinas. Este proyecto es una iniciativa de Asociaci\u00f3n Vertidos Cero\u00a0y KAI Marine Service con el apoyo del\u00a0Proyecto [&hellip;]","og_url":"https:\/\/vertidoscero.com\/en\/marine-litterhub\/","og_site_name":"Asociaci\u00f3n Vertidos Cero","article_modified_time":"2024-03-11T10:48:06+00:00","og_image":[{"url":"https:\/\/vertidoscero.com\/wp-content\/uploads\/2019\/06\/portada_FB_MLH_screen-e1710154076961.jpg","type":"","width":"","height":""}],"twitter_card":"summary_large_image","twitter_misc":{"Estimated reading time":"1 minute"},"schema":{"@context":"https:\/\/schema.org","@graph":[{"@type":"WebPage","@id":"https:\/\/vertidoscero.com\/marine-litterhub\/","url":"https:\/\/vertidoscero.com\/marine-litterhub\/","name":"Marine-LitterHub - Asociaci\u00f3n Vertidos Cero","isPartOf":{"@id":"https:\/\/vertidoscero.com\/#website"},"primaryImageOfPage":{"@id":"https:\/\/vertidoscero.com\/marine-litterhub\/#primaryimage"},"image":{"@id":"https:\/\/vertidoscero.com\/marine-litterhub\/#primaryimage"},"thumbnailUrl":"https:\/\/vertidoscero.com\/wp-content\/uploads\/2019\/06\/portada_FB_MLH_screen-e1710154076961.jpg","datePublished":"2018-01-17T16:58:02+00:00","dateModified":"2024-03-11T10:48:06+00:00","breadcrumb":{"@id":"https:\/\/vertidoscero.com\/marine-litterhub\/#breadcrumb"},"inLanguage":"en-GB","potentialAction":[{"@type":"ReadAction","target":["https:\/\/vertidoscero.com\/marine-litterhub\/"]}]},{"@type":"ImageObject","inLanguage":"en-GB","@id":"https:\/\/vertidoscero.com\/marine-litterhub\/#primaryimage","url":"https:\/\/vertidoscero.com\/wp-content\/uploads\/2019\/06\/portada_FB_MLH_screen-e1710154076961.jpg","contentUrl":"https:\/\/vertidoscero.com\/wp-content\/uploads\/2019\/06\/portada_FB_MLH_screen-e1710154076961.jpg"},{"@type":"BreadcrumbList","@id":"https:\/\/vertidoscero.com\/marine-litterhub\/#breadcrumb","itemListElement":[{"@type":"ListItem","position":1,"name":"Portada","item":"https:\/\/vertidoscero.com\/"},{"@type":"ListItem","position":2,"name":"Marine-LitterHub"}]},{"@type":"WebSite","@id":"https:\/\/vertidoscero.com\/#website","url":"https:\/\/vertidoscero.com\/","name":"Asociaci\u00f3n Vertidos Cero","description":"Asociaci\u00f3n Vertidos Cero para la prevenci\u00f3n, minimizaci\u00f3n y eliminaci\u00f3n de los vertidos","publisher":{"@id":"https:\/\/vertidoscero.com\/#organization"},"potentialAction":[{"@type":"SearchAction","target":{"@type":"EntryPoint","urlTemplate":"https:\/\/vertidoscero.com\/?s={search_term_string}"},"query-input":{"@type":"PropertyValueSpecification","valueRequired":true,"valueName":"search_term_string"}}],"inLanguage":"en-GB"},{"@type":"Organization","@id":"https:\/\/vertidoscero.com\/#organization","name":"Asociaci\u00f3n Vertidos Cero","url":"https:\/\/vertidoscero.com\/","logo":{"@type":"ImageObject","inLanguage":"en-GB","@id":"https:\/\/vertidoscero.com\/#\/schema\/logo\/image\/","url":"https:\/\/vertidoscero.com\/wp-content\/uploads\/2023\/05\/cropped-Recurso-12.png","contentUrl":"https:\/\/vertidoscero.com\/wp-content\/uploads\/2023\/05\/cropped-Recurso-12.png","width":1070,"height":1108,"caption":"Asociaci\u00f3n Vertidos Cero"},"image":{"@id":"https:\/\/vertidoscero.com\/#\/schema\/logo\/image\/"}}]}},"rttpg_featured_image_url":null,"rttpg_author":{"display_name":"admin3617","author_link":"https:\/\/vertidoscero.com\/en\/author\/admin3617\/"},"rttpg_comment":0,"rttpg_category":null,"rttpg_excerpt":"PROYECTOS VERTIDOS CERO ANTERIORES MARINE-LITTERHUB \u201cMARINe-LITTERHUB\u201d\u00a0se traduce como un \u201cpunto de conexi\u00f3n\u201d para todos los interesados en el problema de las basuras marinas, esta herramienta est\u00e1 centrada en la formaci\u00f3n y divulgaci\u00f3n sobre el tema de las basuras marinas. Este proyecto es una iniciativa de Asociaci\u00f3n Vertidos Cero\u00a0y KAI Marine Service con el apoyo del\u00a0Proyecto&hellip;","_links":{"self":[{"href":"https:\/\/vertidoscero.com\/en\/wp-json\/wp\/v2\/pages\/256","targetHints":{"allow":["GET"]}}],"collection":[{"href":"https:\/\/vertidoscero.com\/en\/wp-json\/wp\/v2\/pages"}],"about":[{"href":"https:\/\/vertidoscero.com\/en\/wp-json\/wp\/v2\/types\/page"}],"author":[{"embeddable":true,"href":"https:\/\/vertidoscero.com\/en\/wp-json\/wp\/v2\/users\/1"}],"replies":[{"embeddable":true,"href":"https:\/\/vertidoscero.com\/en\/wp-json\/wp\/v2\/comments?post=256"}],"version-history":[{"count":0,"href":"https:\/\/vertidoscero.com\/en\/wp-json\/wp\/v2\/pages\/256\/revisions"}],"wp:attachment":[{"href":"https:\/\/vertidoscero.com\/en\/wp-json\/wp\/v2\/media?parent=256"}],"curies":[{"name":"wp","href":"https:\/\/api.w.org\/{rel}","templated":true}]}}