{"id":258,"date":"2018-01-17T16:58:22","date_gmt":"2018-01-17T16:58:22","guid":{"rendered":"https:\/\/vertidoscero.com\/?page_id=258"},"modified":"2023-04-26T15:32:37","modified_gmt":"2023-04-26T15:32:37","slug":"repesca_plas","status":"publish","type":"page","link":"https:\/\/vertidoscero.com\/en\/repesca_plas\/","title":{"rendered":"RepescaPlas"},"content":{"rendered":"<div data-elementor-type=\"wp-page\" data-elementor-id=\"258\" class=\"elementor elementor-258\" data-elementor-post-type=\"page\">\n\t\t\t\t\t\t<section class=\"elementor-section elementor-top-section elementor-element elementor-element-7b46a488 elementor-section-height-min-height elementor-section-content-middle elementor-section-boxed elementor-section-height-default elementor-section-items-middle\" data-id=\"7b46a488\" data-element_type=\"section\" data-e-type=\"section\" data-settings=\"{&quot;background_background&quot;:&quot;classic&quot;}\">\n\t\t\t\t\t\t\t<div class=\"elementor-background-overlay\"><\/div>\n\t\t\t\t\t\t\t<div class=\"elementor-container elementor-column-gap-default\">\n\t\t\t\t\t<div class=\"elementor-column elementor-col-100 elementor-top-column elementor-element elementor-element-5010608b\" data-id=\"5010608b\" data-element_type=\"column\" data-e-type=\"column\">\n\t\t\t<div class=\"elementor-widget-wrap elementor-element-populated\">\n\t\t\t\t\t\t<div class=\"elementor-element elementor-element-4be11a68 elementor-invisible elementor-widget elementor-widget-text-editor\" data-id=\"4be11a68\" data-element_type=\"widget\" data-e-type=\"widget\" data-settings=\"{&quot;_animation&quot;:&quot;fadeInDown&quot;}\" data-widget_type=\"text-editor.default\">\n\t\t\t\t<div class=\"elementor-widget-container\">\n\t\t\t\t\t\t\t\t\t<p style=\"text-align: left;\">PROYECTOS VERTIDOS CERO<\/p>\t\t\t\t\t\t\t\t<\/div>\n\t\t\t\t<\/div>\n\t\t\t\t<div class=\"elementor-element elementor-element-3146806e elementor-widget elementor-widget-heading\" data-id=\"3146806e\" data-element_type=\"widget\" data-e-type=\"widget\" data-widget_type=\"heading.default\">\n\t\t\t\t<div class=\"elementor-widget-container\">\n\t\t\t\t\t<h1 class=\"elementor-heading-title elementor-size-default\">ANTERIORES<\/h1>\t\t\t\t<\/div>\n\t\t\t\t<\/div>\n\t\t\t\t\t<\/div>\n\t\t<\/div>\n\t\t\t\t\t<\/div>\n\t\t<\/section>\n\t\t\t\t<section class=\"elementor-section elementor-top-section elementor-element elementor-element-7ef34b05 elementor-section-boxed elementor-section-height-default elementor-section-height-default\" data-id=\"7ef34b05\" data-element_type=\"section\" data-e-type=\"section\">\n\t\t\t\t\t\t<div class=\"elementor-container elementor-column-gap-default\">\n\t\t\t\t\t<div class=\"elementor-column elementor-col-100 elementor-top-column elementor-element elementor-element-37bde2dd\" data-id=\"37bde2dd\" data-element_type=\"column\" data-e-type=\"column\">\n\t\t\t<div class=\"elementor-widget-wrap elementor-element-populated\">\n\t\t\t\t\t\t<div class=\"elementor-element elementor-element-136aced6 elementor-widget elementor-widget-text-editor\" data-id=\"136aced6\" data-element_type=\"widget\" data-e-type=\"widget\" data-widget_type=\"text-editor.default\">\n\t\t\t\t<div class=\"elementor-widget-container\">\n\t\t\t\t\t\t\t\t\t<p>El proyecto <a href=\"https:\/\/www.programapleamar.es\/proyectos\/repescaplas-3-valorizacion-material-de-residuos-plasticos-recuperados-del-mar-protocolo-de\" target=\"_blank\" rel=\"noopener\"><strong>RepescaPlas<\/strong><\/a> tiene como objetivo fundamental la reducci\u00f3n del impacto de las basuras marinas y como objetivos espec\u00edficos:<\/p>\n<ul>\n<li>Reducir la cantidad de basura presente en el mar en el \u00e1mbito de actuaci\u00f3n del proyecto.<\/li>\n<li>Incrementar el conocimiento sobre la naturaleza, las caracter\u00edsticas y el impacto ecotoxicol\u00f3gico de los residuos pl\u00e1sticos contenidos en la basura marina recogida.<\/li>\n<li>Identificar, demostrar y evaluar las posibilidades de valorizaci\u00f3n de los residuos pl\u00e1sticos.<\/li>\n<li>Transferir la experiencia a otros litorales.<\/li>\n<li>Difundir los resultados del proyecto.<\/li>\n<\/ul>\n\n\n<figure class=\"wp-block-image size-large\"><img fetchpriority=\"high\" decoding=\"async\" width=\"1024\" height=\"681\" src=\"https:\/\/vertidoscero.com\/wp-content\/uploads\/2021\/02\/Arrastrero-Llana-Gandia-web-1024x681.jpg\" alt=\"\" class=\"wp-image-1489\" srcset=\"https:\/\/vertidoscero.com\/wp-content\/uploads\/2021\/02\/Arrastrero-Llana-Gandia-web-1024x681.jpg 1024w, https:\/\/vertidoscero.com\/wp-content\/uploads\/2021\/02\/Arrastrero-Llana-Gandia-web-300x200.jpg 300w, https:\/\/vertidoscero.com\/wp-content\/uploads\/2021\/02\/Arrastrero-Llana-Gandia-web-768x511.jpg 768w, https:\/\/vertidoscero.com\/wp-content\/uploads\/2021\/02\/Arrastrero-Llana-Gandia-web-1536x1022.jpg 1536w, https:\/\/vertidoscero.com\/wp-content\/uploads\/2021\/02\/Arrastrero-Llana-Gandia-web-150x100.jpg 150w, https:\/\/vertidoscero.com\/wp-content\/uploads\/2021\/02\/Arrastrero-Llana-Gandia-web.jpg 1563w\" sizes=\"(max-width: 1024px) 100vw, 1024px\" \/><\/figure>\n\n\n<p>Coordinado por <a href=\"http:\/\/www.aimplas.es\/\" target=\"_blank\" rel=\"noopener\">AIMPLAS<\/a>, cuenta con la participaci\u00f3n de la <a href=\"https:\/\/vertidoscero.com\/en\/\" target=\"_blank\" rel=\"noopener\">Asociaci\u00f3n Vertidos Cero<\/a>, la <a href=\"https:\/\/uvigo.gal\/uvigo_es\/index.html\" target=\"_blank\" rel=\"noopener\">Universidad de Vigo<\/a>, la <a href=\"https:\/\/www.apmarin.com\/\" target=\"_blank\" rel=\"noopener\">Autoridad Portuaria de Mar\u00edn<\/a>, la <a href=\"http:\/\/www.cofradiapescadoresdegandia.com\/\" target=\"_blank\" rel=\"noreferrer noopener\">Cofrad\u00eda Pescadores de Gand\u00eda<\/a>, la <a href=\"https:\/\/pescarestinga.es\/\" target=\"_blank\" rel=\"noreferrer noopener\">Cofrad\u00eda de Pescadores de la Restinga<\/a> y la <a href=\"https:\/\/www.fundacion.valenciaport.com\/\" target=\"_blank\" rel=\"noreferrer noopener\">Fundaci\u00f3n Valenciaport<\/a>. Su fase inicial fue en 2017, habi\u00e9ndose desarrollado durante 2021 su cuarta fase, RespescaPlas.<\/p>\n<p>Las Cofrad\u00edas de pescadores de Gand\u00eda y La Restinga, as\u00ed como la Autoridad Portuaria de Mar\u00edn, se encargan de las labores de retirada de residuos que queden enredados en sus artes de pesca.<\/p>\n<p>Asociaci\u00f3n Vertidos Cero y la Universidad de Vigo se encargan de la caracterizaci\u00f3n de las basuras marinas retiradas para definir tanto el tipo de residuos, como su naturaleza y ecotoxicidad.<\/p>\n<p>AIMPLAS explora las posibilidades de reciclaje de los diferentes materiales pl\u00e1sticos presentes en las basuras marinas retiradas para tratar as\u00ed de reintegrar estos materiales en la cadena de valor.<\/p>\n<p>\u00c9ste proyecto cuenta con la colaboraci\u00f3n de la <a href=\"http:\/\/fundacion-biodiversidad.es\/es\" target=\"_blank\" rel=\"noreferrer noopener\">Fundaci\u00f3n Biodiversidad<\/a>, del <a href=\"https:\/\/www.miteco.gob.es\/es\/\" target=\"_blank\" rel=\"noreferrer noopener\">Ministerio para la Transici\u00f3n Ecol\u00f3gica y el Reto Demogr\u00e1fico<\/a>, a trav\u00e9s del <a href=\"http:\/\/fundacion-biodiversidad.es\/es\/biodiversidad-marina-y-litoral\/proyectos-propios\/programa-pleamar\" target=\"_blank\" rel=\"noreferrer noopener\">Programa pleamar<\/a>, cofinanciado por el\u00a0<a href=\"http:\/\/www.mapama.gob.es\/es\/pesca\/temas\/fondos-europeos\/femp\/\" target=\"_blank\" rel=\"noreferrer noopener\">Fondo Europeo Mar\u00edtimo y de Pesca (FEMP)<\/a>.<\/p>\n<p class=\"style11\" style=\"text-align: justify;\" align=\"justify\"><em><strong><a href=\"https:\/\/www.programapleamar.es\/proyectos\/repescaplas-3-valorizacion-material-de-residuos-plasticos-recuperados-del-mar-protocolo-de\" target=\"_blank\" rel=\"noopener\">M\u00e1s informaci\u00f3n<\/a><\/strong><\/em><\/p>\n<p align=\"justify\">Video <a href=\"https:\/\/www.youtube.com\/watch?v=s1cD-zo4Cy0&amp;feature=youtu.be\" target=\"_blank\" rel=\"noopener\"><span class=\"_5afx\"><span class=\"_58cm\">RepescaPlas<\/span><\/span>: Conservemos nuestros mares<\/a><\/p>\n<p><iframe title=\"Conservemos nuestros mares   RepescaPlas\" width=\"500\" height=\"281\" src=\"https:\/\/www.youtube.com\/embed\/s1cD-zo4Cy0?feature=oembed\" frameborder=\"0\" allow=\"accelerometer; autoplay; clipboard-write; encrypted-media; gyroscope; picture-in-picture; web-share\" referrerpolicy=\"strict-origin-when-cross-origin\" allowfullscreen><\/iframe><\/p>\t\t\t\t\t\t\t\t<\/div>\n\t\t\t\t<\/div>\n\t\t\t\t\t<\/div>\n\t\t<\/div>\n\t\t\t\t\t<\/div>\n\t\t<\/section>\n\t\t\t\t<\/div>","protected":false},"excerpt":{"rendered":"<p>PROYECTOS VERTIDOS CERO ANTERIORES El proyecto RepescaPlas tiene como objetivo fundamental la reducci\u00f3n del impacto de las basuras marinas y como objetivos espec\u00edficos: Reducir la cantidad de basura presente en el mar en el \u00e1mbito de actuaci\u00f3n del proyecto. Incrementar el conocimiento sobre la naturaleza, las caracter\u00edsticas y el impacto ecotoxicol\u00f3gico de los residuos pl\u00e1sticos [&hellip;]<\/p>\n","protected":false},"author":1,"featured_media":605,"parent":0,"menu_order":0,"comment_status":"closed","ping_status":"closed","template":"","meta":{"_monsterinsights_skip_tracking":false,"_monsterinsights_sitenote_active":false,"_monsterinsights_sitenote_note":"","_monsterinsights_sitenote_category":0,"site-sidebar-layout":"default","site-content-layout":"","ast-site-content-layout":"default","site-content-style":"default","site-sidebar-style":"default","ast-global-header-display":"","ast-banner-title-visibility":"","ast-main-header-display":"","ast-hfb-above-header-display":"","ast-hfb-below-header-display":"","ast-hfb-mobile-header-display":"","site-post-title":"","ast-breadcrumbs-content":"","ast-featured-img":"","footer-sml-layout":"","ast-disable-related-posts":"","theme-transparent-header-meta":"","adv-header-id-meta":"","stick-header-meta":"","header-above-stick-meta":"","header-main-stick-meta":"","header-below-stick-meta":"","astra-migrate-meta-layouts":"default","ast-page-background-enabled":"default","ast-page-background-meta":{"desktop":{"background-color":"var(--ast-global-color-4)","background-image":"","background-repeat":"repeat","background-position":"center center","background-size":"auto","background-attachment":"scroll","background-type":"","background-media":"","overlay-type":"","overlay-color":"","overlay-opacity":"","overlay-gradient":""},"tablet":{"background-color":"","background-image":"","background-repeat":"repeat","background-position":"center center","background-size":"auto","background-attachment":"scroll","background-type":"","background-media":"","overlay-type":"","overlay-color":"","overlay-opacity":"","overlay-gradient":""},"mobile":{"background-color":"","background-image":"","background-repeat":"repeat","background-position":"center center","background-size":"auto","background-attachment":"scroll","background-type":"","background-media":"","overlay-type":"","overlay-color":"","overlay-opacity":"","overlay-gradient":""}},"ast-content-background-meta":{"desktop":{"background-color":"var(--ast-global-color-5)","background-image":"","background-repeat":"repeat","background-position":"center center","background-size":"auto","background-attachment":"scroll","background-type":"","background-media":"","overlay-type":"","overlay-color":"","overlay-opacity":"","overlay-gradient":""},"tablet":{"background-color":"var(--ast-global-color-5)","background-image":"","background-repeat":"repeat","background-position":"center center","background-size":"auto","background-attachment":"scroll","background-type":"","background-media":"","overlay-type":"","overlay-color":"","overlay-opacity":"","overlay-gradient":""},"mobile":{"background-color":"var(--ast-global-color-5)","background-image":"","background-repeat":"repeat","background-position":"center center","background-size":"auto","background-attachment":"scroll","background-type":"","background-media":"","overlay-type":"","overlay-color":"","overlay-opacity":"","overlay-gradient":""}},"footnotes":""},"class_list":["post-258","page","type-page","status-publish","has-post-thumbnail","hentry"],"yoast_head":"<!-- This site is optimized with the Yoast SEO plugin v27.4 - https:\/\/yoast.com\/product\/yoast-seo-wordpress\/ -->\n<title>RepescaPlas - Asociaci\u00f3n Vertidos Cero<\/title>\n<meta name=\"robots\" content=\"index, follow, max-snippet:-1, max-image-preview:large, max-video-preview:-1\" \/>\n<link rel=\"canonical\" href=\"https:\/\/vertidoscero.com\/en\/repesca_plas\/\" \/>\n<meta property=\"og:locale\" content=\"en_GB\" \/>\n<meta property=\"og:type\" content=\"article\" \/>\n<meta property=\"og:title\" content=\"RepescaPlas - Asociaci\u00f3n Vertidos Cero\" \/>\n<meta property=\"og:description\" content=\"PROYECTOS VERTIDOS CERO ANTERIORES El proyecto RepescaPlas tiene como objetivo fundamental la reducci\u00f3n del impacto de las basuras marinas y como objetivos espec\u00edficos: Reducir la cantidad de basura presente en el mar en el \u00e1mbito de actuaci\u00f3n del proyecto. Incrementar el conocimiento sobre la naturaleza, las caracter\u00edsticas y el impacto ecotoxicol\u00f3gico de los residuos pl\u00e1sticos [&hellip;]\" \/>\n<meta property=\"og:url\" content=\"https:\/\/vertidoscero.com\/en\/repesca_plas\/\" \/>\n<meta property=\"og:site_name\" content=\"Asociaci\u00f3n Vertidos Cero\" \/>\n<meta property=\"article:modified_time\" content=\"2023-04-26T15:32:37+00:00\" \/>\n<meta property=\"og:image\" content=\"https:\/\/vertidoscero.com\/wp-content\/uploads\/2018\/07\/Retirada_Arrastrero_Gandia.jpg\" \/>\n\t<meta property=\"og:image:width\" content=\"1575\" \/>\n\t<meta property=\"og:image:height\" content=\"1050\" \/>\n\t<meta property=\"og:image:type\" content=\"image\/jpeg\" \/>\n<meta name=\"twitter:card\" content=\"summary_large_image\" \/>\n<meta name=\"twitter:label1\" content=\"Estimated reading time\" \/>\n\t<meta name=\"twitter:data1\" content=\"2 minutes\" \/>\n<script type=\"application\/ld+json\" class=\"yoast-schema-graph\">{\"@context\":\"https:\\\/\\\/schema.org\",\"@graph\":[{\"@type\":\"WebPage\",\"@id\":\"https:\\\/\\\/vertidoscero.com\\\/repesca_plas\\\/\",\"url\":\"https:\\\/\\\/vertidoscero.com\\\/repesca_plas\\\/\",\"name\":\"RepescaPlas - Asociaci\u00f3n Vertidos Cero\",\"isPartOf\":{\"@id\":\"https:\\\/\\\/vertidoscero.com\\\/#website\"},\"primaryImageOfPage\":{\"@id\":\"https:\\\/\\\/vertidoscero.com\\\/repesca_plas\\\/#primaryimage\"},\"image\":{\"@id\":\"https:\\\/\\\/vertidoscero.com\\\/repesca_plas\\\/#primaryimage\"},\"thumbnailUrl\":\"https:\\\/\\\/vertidoscero.com\\\/wp-content\\\/uploads\\\/2018\\\/07\\\/Retirada_Arrastrero_Gandia.jpg\",\"datePublished\":\"2018-01-17T16:58:22+00:00\",\"dateModified\":\"2023-04-26T15:32:37+00:00\",\"breadcrumb\":{\"@id\":\"https:\\\/\\\/vertidoscero.com\\\/repesca_plas\\\/#breadcrumb\"},\"inLanguage\":\"en-GB\",\"potentialAction\":[{\"@type\":\"ReadAction\",\"target\":[\"https:\\\/\\\/vertidoscero.com\\\/repesca_plas\\\/\"]}]},{\"@type\":\"ImageObject\",\"inLanguage\":\"en-GB\",\"@id\":\"https:\\\/\\\/vertidoscero.com\\\/repesca_plas\\\/#primaryimage\",\"url\":\"https:\\\/\\\/vertidoscero.com\\\/wp-content\\\/uploads\\\/2018\\\/07\\\/Retirada_Arrastrero_Gandia.jpg\",\"contentUrl\":\"https:\\\/\\\/vertidoscero.com\\\/wp-content\\\/uploads\\\/2018\\\/07\\\/Retirada_Arrastrero_Gandia.jpg\",\"width\":1575,\"height\":1050},{\"@type\":\"BreadcrumbList\",\"@id\":\"https:\\\/\\\/vertidoscero.com\\\/repesca_plas\\\/#breadcrumb\",\"itemListElement\":[{\"@type\":\"ListItem\",\"position\":1,\"name\":\"Portada\",\"item\":\"https:\\\/\\\/vertidoscero.com\\\/\"},{\"@type\":\"ListItem\",\"position\":2,\"name\":\"RepescaPlas\"}]},{\"@type\":\"WebSite\",\"@id\":\"https:\\\/\\\/vertidoscero.com\\\/#website\",\"url\":\"https:\\\/\\\/vertidoscero.com\\\/\",\"name\":\"Asociaci\u00f3n Vertidos Cero\",\"description\":\"Asociaci\u00f3n Vertidos Cero para la prevenci\u00f3n, minimizaci\u00f3n y eliminaci\u00f3n de los vertidos\",\"publisher\":{\"@id\":\"https:\\\/\\\/vertidoscero.com\\\/#organization\"},\"potentialAction\":[{\"@type\":\"SearchAction\",\"target\":{\"@type\":\"EntryPoint\",\"urlTemplate\":\"https:\\\/\\\/vertidoscero.com\\\/?s={search_term_string}\"},\"query-input\":{\"@type\":\"PropertyValueSpecification\",\"valueRequired\":true,\"valueName\":\"search_term_string\"}}],\"inLanguage\":\"en-GB\"},{\"@type\":\"Organization\",\"@id\":\"https:\\\/\\\/vertidoscero.com\\\/#organization\",\"name\":\"Asociaci\u00f3n Vertidos Cero\",\"url\":\"https:\\\/\\\/vertidoscero.com\\\/\",\"logo\":{\"@type\":\"ImageObject\",\"inLanguage\":\"en-GB\",\"@id\":\"https:\\\/\\\/vertidoscero.com\\\/#\\\/schema\\\/logo\\\/image\\\/\",\"url\":\"https:\\\/\\\/vertidoscero.com\\\/wp-content\\\/uploads\\\/2023\\\/05\\\/cropped-Recurso-12.png\",\"contentUrl\":\"https:\\\/\\\/vertidoscero.com\\\/wp-content\\\/uploads\\\/2023\\\/05\\\/cropped-Recurso-12.png\",\"width\":1070,\"height\":1108,\"caption\":\"Asociaci\u00f3n Vertidos Cero\"},\"image\":{\"@id\":\"https:\\\/\\\/vertidoscero.com\\\/#\\\/schema\\\/logo\\\/image\\\/\"}}]}<\/script>\n<!-- \/ Yoast SEO plugin. -->","yoast_head_json":{"title":"RepescaPlas - Asociaci\u00f3n Vertidos Cero","robots":{"index":"index","follow":"follow","max-snippet":"max-snippet:-1","max-image-preview":"max-image-preview:large","max-video-preview":"max-video-preview:-1"},"canonical":"https:\/\/vertidoscero.com\/en\/repesca_plas\/","og_locale":"en_GB","og_type":"article","og_title":"RepescaPlas - Asociaci\u00f3n Vertidos Cero","og_description":"PROYECTOS VERTIDOS CERO ANTERIORES El proyecto RepescaPlas tiene como objetivo fundamental la reducci\u00f3n del impacto de las basuras marinas y como objetivos espec\u00edficos: Reducir la cantidad de basura presente en el mar en el \u00e1mbito de actuaci\u00f3n del proyecto. Incrementar el conocimiento sobre la naturaleza, las caracter\u00edsticas y el impacto ecotoxicol\u00f3gico de los residuos pl\u00e1sticos [&hellip;]","og_url":"https:\/\/vertidoscero.com\/en\/repesca_plas\/","og_site_name":"Asociaci\u00f3n Vertidos Cero","article_modified_time":"2023-04-26T15:32:37+00:00","og_image":[{"width":1575,"height":1050,"url":"https:\/\/vertidoscero.com\/wp-content\/uploads\/2018\/07\/Retirada_Arrastrero_Gandia.jpg","type":"image\/jpeg"}],"twitter_card":"summary_large_image","twitter_misc":{"Estimated reading time":"2 minutes"},"schema":{"@context":"https:\/\/schema.org","@graph":[{"@type":"WebPage","@id":"https:\/\/vertidoscero.com\/repesca_plas\/","url":"https:\/\/vertidoscero.com\/repesca_plas\/","name":"RepescaPlas - Asociaci\u00f3n Vertidos Cero","isPartOf":{"@id":"https:\/\/vertidoscero.com\/#website"},"primaryImageOfPage":{"@id":"https:\/\/vertidoscero.com\/repesca_plas\/#primaryimage"},"image":{"@id":"https:\/\/vertidoscero.com\/repesca_plas\/#primaryimage"},"thumbnailUrl":"https:\/\/vertidoscero.com\/wp-content\/uploads\/2018\/07\/Retirada_Arrastrero_Gandia.jpg","datePublished":"2018-01-17T16:58:22+00:00","dateModified":"2023-04-26T15:32:37+00:00","breadcrumb":{"@id":"https:\/\/vertidoscero.com\/repesca_plas\/#breadcrumb"},"inLanguage":"en-GB","potentialAction":[{"@type":"ReadAction","target":["https:\/\/vertidoscero.com\/repesca_plas\/"]}]},{"@type":"ImageObject","inLanguage":"en-GB","@id":"https:\/\/vertidoscero.com\/repesca_plas\/#primaryimage","url":"https:\/\/vertidoscero.com\/wp-content\/uploads\/2018\/07\/Retirada_Arrastrero_Gandia.jpg","contentUrl":"https:\/\/vertidoscero.com\/wp-content\/uploads\/2018\/07\/Retirada_Arrastrero_Gandia.jpg","width":1575,"height":1050},{"@type":"BreadcrumbList","@id":"https:\/\/vertidoscero.com\/repesca_plas\/#breadcrumb","itemListElement":[{"@type":"ListItem","position":1,"name":"Portada","item":"https:\/\/vertidoscero.com\/"},{"@type":"ListItem","position":2,"name":"RepescaPlas"}]},{"@type":"WebSite","@id":"https:\/\/vertidoscero.com\/#website","url":"https:\/\/vertidoscero.com\/","name":"Asociaci\u00f3n Vertidos Cero","description":"Asociaci\u00f3n Vertidos Cero para la prevenci\u00f3n, minimizaci\u00f3n y eliminaci\u00f3n de los vertidos","publisher":{"@id":"https:\/\/vertidoscero.com\/#organization"},"potentialAction":[{"@type":"SearchAction","target":{"@type":"EntryPoint","urlTemplate":"https:\/\/vertidoscero.com\/?s={search_term_string}"},"query-input":{"@type":"PropertyValueSpecification","valueRequired":true,"valueName":"search_term_string"}}],"inLanguage":"en-GB"},{"@type":"Organization","@id":"https:\/\/vertidoscero.com\/#organization","name":"Asociaci\u00f3n Vertidos Cero","url":"https:\/\/vertidoscero.com\/","logo":{"@type":"ImageObject","inLanguage":"en-GB","@id":"https:\/\/vertidoscero.com\/#\/schema\/logo\/image\/","url":"https:\/\/vertidoscero.com\/wp-content\/uploads\/2023\/05\/cropped-Recurso-12.png","contentUrl":"https:\/\/vertidoscero.com\/wp-content\/uploads\/2023\/05\/cropped-Recurso-12.png","width":1070,"height":1108,"caption":"Asociaci\u00f3n Vertidos Cero"},"image":{"@id":"https:\/\/vertidoscero.com\/#\/schema\/logo\/image\/"}}]}},"rttpg_featured_image_url":{"full":["https:\/\/vertidoscero.com\/wp-content\/uploads\/2018\/07\/Retirada_Arrastrero_Gandia.jpg",1575,1050,false],"landscape":["https:\/\/vertidoscero.com\/wp-content\/uploads\/2018\/07\/Retirada_Arrastrero_Gandia.jpg",1575,1050,false],"portraits":["https:\/\/vertidoscero.com\/wp-content\/uploads\/2018\/07\/Retirada_Arrastrero_Gandia.jpg",1575,1050,false],"thumbnail":["https:\/\/vertidoscero.com\/wp-content\/uploads\/2018\/07\/Retirada_Arrastrero_Gandia-150x150.jpg",150,150,true],"medium":["https:\/\/vertidoscero.com\/wp-content\/uploads\/2018\/07\/Retirada_Arrastrero_Gandia-300x200.jpg",300,200,true],"large":["https:\/\/vertidoscero.com\/wp-content\/uploads\/2018\/07\/Retirada_Arrastrero_Gandia-1024x683.jpg",1024,683,true],"1536x1536":["https:\/\/vertidoscero.com\/wp-content\/uploads\/2018\/07\/Retirada_Arrastrero_Gandia.jpg",1536,1024,false],"2048x2048":["https:\/\/vertidoscero.com\/wp-content\/uploads\/2018\/07\/Retirada_Arrastrero_Gandia.jpg",1575,1050,false],"trp-custom-language-flag":["https:\/\/vertidoscero.com\/wp-content\/uploads\/2018\/07\/Retirada_Arrastrero_Gandia.jpg",18,12,false]},"rttpg_author":{"display_name":"admin3617","author_link":"https:\/\/vertidoscero.com\/en\/author\/admin3617\/"},"rttpg_comment":0,"rttpg_category":null,"rttpg_excerpt":"PROYECTOS VERTIDOS CERO ANTERIORES El proyecto RepescaPlas tiene como objetivo fundamental la reducci\u00f3n del impacto de las basuras marinas y como objetivos espec\u00edficos: Reducir la cantidad de basura presente en el mar en el \u00e1mbito de actuaci\u00f3n del proyecto. Incrementar el conocimiento sobre la naturaleza, las caracter\u00edsticas y el impacto ecotoxicol\u00f3gico de los residuos pl\u00e1sticos&hellip;","_links":{"self":[{"href":"https:\/\/vertidoscero.com\/en\/wp-json\/wp\/v2\/pages\/258","targetHints":{"allow":["GET"]}}],"collection":[{"href":"https:\/\/vertidoscero.com\/en\/wp-json\/wp\/v2\/pages"}],"about":[{"href":"https:\/\/vertidoscero.com\/en\/wp-json\/wp\/v2\/types\/page"}],"author":[{"embeddable":true,"href":"https:\/\/vertidoscero.com\/en\/wp-json\/wp\/v2\/users\/1"}],"replies":[{"embeddable":true,"href":"https:\/\/vertidoscero.com\/en\/wp-json\/wp\/v2\/comments?post=258"}],"version-history":[{"count":0,"href":"https:\/\/vertidoscero.com\/en\/wp-json\/wp\/v2\/pages\/258\/revisions"}],"wp:featuredmedia":[{"embeddable":true,"href":"https:\/\/vertidoscero.com\/en\/wp-json\/wp\/v2\/media\/605"}],"wp:attachment":[{"href":"https:\/\/vertidoscero.com\/en\/wp-json\/wp\/v2\/media?parent=258"}],"curies":[{"name":"wp","href":"https:\/\/api.w.org\/{rel}","templated":true}]}}