{"id":2614,"date":"2023-01-11T10:04:04","date_gmt":"2023-01-11T10:04:04","guid":{"rendered":"https:\/\/vertidoscero.com\/?page_id=2614"},"modified":"2023-01-20T10:53:38","modified_gmt":"2023-01-20T10:53:38","slug":"informes","status":"publish","type":"page","link":"https:\/\/vertidoscero.com\/en\/marnoba\/informes\/","title":{"rendered":"Informes"},"content":{"rendered":"<p><a href=\"https:\/\/vertidoscero.com\/wp-content\/uploads\/2023\/01\/informes.jpg\"><img fetchpriority=\"high\" decoding=\"async\" class=\"aligncenter wp-image-2665 size-full\" src=\"https:\/\/vertidoscero.com\/wp-content\/uploads\/2023\/01\/informes.jpg\" alt=\"\" width=\"600\" height=\"397\" \/><\/a><\/p>\n<p style=\"text-align: justify;\">Dentro de los programas de seguimiento del estado del medio marino en nuestro pa\u00eds se incluye un control de las basuras marinas tanto en las playas como en la columna de agua y los fondos marinos, as\u00ed como de basuras ingeridas por algunas especies marinas indicadoras o de enmalle\/enredo de organismos vivos en basuras marinas.<\/p>\n<p>El <a href=\"https:\/\/www.miteco.gob.es\/es\/costas\/temas\/proteccion-medio-marino\/basuras-marinas\/basura-programas.aspx\" target=\"_blank\" rel=\"noopener\">Programa Nacional de Seguimiento de las Basuras Marinas en playas del MITERD<\/a>, Subprograma de Datos Adicionales, se lleva a cabo con el fin de contar y caracterizar los objetos encontrados, comparar la situaci\u00f3n en las diferentes playas espa\u00f1olas, calcular tendencias y facilitar informaci\u00f3n sistem\u00e1tica que permita el establecimiento de medidas orientadas a reducir las basuras que llegan al medio marino.<\/p>\n<p><a href=\"https:\/\/vertidoscero.com\/en\/\" target=\"_blank\" rel=\"noopener\"><strong>Vertidos Cero<\/strong><\/a> contribuye anualmente facilitando los datos recogidos por <a href=\"https:\/\/marnoba.vertidoscero.com\/\" target=\"_blank\" rel=\"noopener\"><strong>MARNOBA<\/strong><\/a> para la elaboraci\u00f3n de sus informes.<\/p>\n<ul>\n<li><a title=\"Informe Basuras en playas 2016\" href=\"https:\/\/www.miteco.gob.es\/es\/costas\/temas\/proteccion-medio-marino\/informe2016-opt_tcm30-419878_bis-comprimido_tcm30-419878.pdf\" target=\"_blank\" rel=\"noopener\">BM-1: Informe de resultados 2016<\/a><\/li>\n<li><a title=\"Informe Basuras en playas 2017\" href=\"https:\/\/www.miteco.gob.es\/es\/costas\/temas\/proteccion-medio-marino\/informe2017_tcm30-455446_bis-comprimido_tcm30-455446.pdf\" target=\"_blank\" rel=\"noopener\">BM-1: Informe de resultados 2017<\/a><\/li>\n<li><a title=\"Informe Basuras en playas 2018\" href=\"https:\/\/www.miteco.gob.es\/es\/costas\/temas\/proteccion-medio-marino\/bm-1informederesultados2018_tcm30-486934_bis-comprimido_tcm30-486934.pdf\" target=\"_blank\" rel=\"noopener\">BM-1: Informe de resultados 2018<\/a><\/li>\n<li><a title=\"Informe resultados 2013-18\" href=\"https:\/\/www.miteco.gob.es\/es\/costas\/temas\/proteccion-medio-marino\/informe2013-2018-corregido_tcm30-486935_bis_tcm30-486935.pdf\" target=\"_blank\" rel=\"noopener\">BM-1: Informe de resultados 2013-2018<\/a><\/li>\n<li><a title=\"Informe Basuras en playas 2019\" href=\"https:\/\/www.miteco.gob.es\/es\/costas\/temas\/proteccion-medio-marino\/informe2019-final_web2_tcm30-507318_bis_red_tcm30-507318.pdf\" target=\"_blank\" rel=\"noopener\">BM-1: Informe de resultados 2019<\/a><\/li>\n<li><a title=\"Informe Basuras en playas 2020\" href=\"https:\/\/www.miteco.gob.es\/es\/costas\/temas\/proteccion-medio-marino\/informefinal2020_tcm30-523316_bis-comprimido_tcm30-523316.pdf\" target=\"_blank\" rel=\"noopener\">BM-1: Informe de resultados 2020<\/a><\/li>\n<li><a title=\"Informe Basuras en playas 2021\" href=\"https:\/\/www.miteco.gob.es\/es\/costas\/temas\/proteccion-medio-marino\/informefinal2021_v52_tcm30-536640.pdf\" target=\"_blank\" rel=\"noopener\">BM-1: Informe de resultados 2021<\/a><\/li>\n<\/ul>","protected":false},"excerpt":{"rendered":"<p>Dentro de los programas de seguimiento del estado del medio marino en nuestro pa\u00eds se incluye un control de las basuras marinas tanto en las playas como en la columna de agua y los fondos marinos, as\u00ed como de basuras ingeridas por algunas especies marinas indicadoras o de enmalle\/enredo de organismos vivos en basuras marinas. [&hellip;]<\/p>\n","protected":false},"author":1,"featured_media":0,"parent":227,"menu_order":0,"comment_status":"closed","ping_status":"closed","template":"","meta":{"_monsterinsights_skip_tracking":false,"_monsterinsights_sitenote_active":false,"_monsterinsights_sitenote_note":"","_monsterinsights_sitenote_category":0,"site-sidebar-layout":"default","site-content-layout":"","ast-site-content-layout":"default","site-content-style":"default","site-sidebar-style":"default","ast-global-header-display":"","ast-banner-title-visibility":"","ast-main-header-display":"","ast-hfb-above-header-display":"","ast-hfb-below-header-display":"","ast-hfb-mobile-header-display":"","site-post-title":"","ast-breadcrumbs-content":"","ast-featured-img":"","footer-sml-layout":"","ast-disable-related-posts":"","theme-transparent-header-meta":"","adv-header-id-meta":"","stick-header-meta":"","header-above-stick-meta":"","header-main-stick-meta":"","header-below-stick-meta":"","astra-migrate-meta-layouts":"default","ast-page-background-enabled":"default","ast-page-background-meta":{"desktop":{"background-color":"var(--ast-global-color-4)","background-image":"","background-repeat":"repeat","background-position":"center center","background-size":"auto","background-attachment":"scroll","background-type":"","background-media":"","overlay-type":"","overlay-color":"","overlay-opacity":"","overlay-gradient":""},"tablet":{"background-color":"","background-image":"","background-repeat":"repeat","background-position":"center center","background-size":"auto","background-attachment":"scroll","background-type":"","background-media":"","overlay-type":"","overlay-color":"","overlay-opacity":"","overlay-gradient":""},"mobile":{"background-color":"","background-image":"","background-repeat":"repeat","background-position":"center center","background-size":"auto","background-attachment":"scroll","background-type":"","background-media":"","overlay-type":"","overlay-color":"","overlay-opacity":"","overlay-gradient":""}},"ast-content-background-meta":{"desktop":{"background-color":"var(--ast-global-color-5)","background-image":"","background-repeat":"repeat","background-position":"center center","background-size":"auto","background-attachment":"scroll","background-type":"","background-media":"","overlay-type":"","overlay-color":"","overlay-opacity":"","overlay-gradient":""},"tablet":{"background-color":"var(--ast-global-color-5)","background-image":"","background-repeat":"repeat","background-position":"center center","background-size":"auto","background-attachment":"scroll","background-type":"","background-media":"","overlay-type":"","overlay-color":"","overlay-opacity":"","overlay-gradient":""},"mobile":{"background-color":"var(--ast-global-color-5)","background-image":"","background-repeat":"repeat","background-position":"center center","background-size":"auto","background-attachment":"scroll","background-type":"","background-media":"","overlay-type":"","overlay-color":"","overlay-opacity":"","overlay-gradient":""}},"footnotes":""},"class_list":["post-2614","page","type-page","status-publish","hentry"],"yoast_head":"<!-- This site is optimized with the Yoast SEO plugin v27.5 - https:\/\/yoast.com\/product\/yoast-seo-wordpress\/ -->\n<title>Informes - Asociaci\u00f3n Vertidos Cero<\/title>\n<meta name=\"robots\" content=\"index, follow, max-snippet:-1, max-image-preview:large, max-video-preview:-1\" \/>\n<link rel=\"canonical\" href=\"https:\/\/vertidoscero.com\/en\/marnoba\/informes\/\" \/>\n<meta property=\"og:locale\" content=\"en_GB\" \/>\n<meta property=\"og:type\" content=\"article\" \/>\n<meta property=\"og:title\" content=\"Informes - Asociaci\u00f3n Vertidos Cero\" \/>\n<meta property=\"og:description\" content=\"Dentro de los programas de seguimiento del estado del medio marino en nuestro pa\u00eds se incluye un control de las basuras marinas tanto en las playas como en la columna de agua y los fondos marinos, as\u00ed como de basuras ingeridas por algunas especies marinas indicadoras o de enmalle\/enredo de organismos vivos en basuras marinas. [&hellip;]\" \/>\n<meta property=\"og:url\" content=\"https:\/\/vertidoscero.com\/en\/marnoba\/informes\/\" \/>\n<meta property=\"og:site_name\" content=\"Asociaci\u00f3n Vertidos Cero\" \/>\n<meta property=\"article:modified_time\" content=\"2023-01-20T10:53:38+00:00\" \/>\n<meta property=\"og:image\" content=\"https:\/\/vertidoscero.com\/wp-content\/uploads\/2023\/01\/informes.jpg\" \/>\n<meta name=\"twitter:card\" content=\"summary_large_image\" \/>\n<meta name=\"twitter:label1\" content=\"Estimated reading time\" \/>\n\t<meta name=\"twitter:data1\" content=\"1 minute\" \/>\n<script type=\"application\/ld+json\" class=\"yoast-schema-graph\">{\"@context\":\"https:\\\/\\\/schema.org\",\"@graph\":[{\"@type\":\"WebPage\",\"@id\":\"https:\\\/\\\/vertidoscero.com\\\/marnoba\\\/informes\\\/\",\"url\":\"https:\\\/\\\/vertidoscero.com\\\/marnoba\\\/informes\\\/\",\"name\":\"Informes - Asociaci\u00f3n Vertidos Cero\",\"isPartOf\":{\"@id\":\"https:\\\/\\\/vertidoscero.com\\\/#website\"},\"primaryImageOfPage\":{\"@id\":\"https:\\\/\\\/vertidoscero.com\\\/marnoba\\\/informes\\\/#primaryimage\"},\"image\":{\"@id\":\"https:\\\/\\\/vertidoscero.com\\\/marnoba\\\/informes\\\/#primaryimage\"},\"thumbnailUrl\":\"https:\\\/\\\/vertidoscero.com\\\/wp-content\\\/uploads\\\/2023\\\/01\\\/informes.jpg\",\"datePublished\":\"2023-01-11T10:04:04+00:00\",\"dateModified\":\"2023-01-20T10:53:38+00:00\",\"breadcrumb\":{\"@id\":\"https:\\\/\\\/vertidoscero.com\\\/marnoba\\\/informes\\\/#breadcrumb\"},\"inLanguage\":\"en-GB\",\"potentialAction\":[{\"@type\":\"ReadAction\",\"target\":[\"https:\\\/\\\/vertidoscero.com\\\/marnoba\\\/informes\\\/\"]}]},{\"@type\":\"ImageObject\",\"inLanguage\":\"en-GB\",\"@id\":\"https:\\\/\\\/vertidoscero.com\\\/marnoba\\\/informes\\\/#primaryimage\",\"url\":\"https:\\\/\\\/vertidoscero.com\\\/wp-content\\\/uploads\\\/2023\\\/01\\\/informes.jpg\",\"contentUrl\":\"https:\\\/\\\/vertidoscero.com\\\/wp-content\\\/uploads\\\/2023\\\/01\\\/informes.jpg\"},{\"@type\":\"BreadcrumbList\",\"@id\":\"https:\\\/\\\/vertidoscero.com\\\/marnoba\\\/informes\\\/#breadcrumb\",\"itemListElement\":[{\"@type\":\"ListItem\",\"position\":1,\"name\":\"Portada\",\"item\":\"https:\\\/\\\/vertidoscero.com\\\/\"},{\"@type\":\"ListItem\",\"position\":2,\"name\":\"Marnoba\",\"item\":\"https:\\\/\\\/vertidoscero.com\\\/marnoba\\\/\"},{\"@type\":\"ListItem\",\"position\":3,\"name\":\"Informes\"}]},{\"@type\":\"WebSite\",\"@id\":\"https:\\\/\\\/vertidoscero.com\\\/#website\",\"url\":\"https:\\\/\\\/vertidoscero.com\\\/\",\"name\":\"Asociaci\u00f3n Vertidos Cero\",\"description\":\"Asociaci\u00f3n Vertidos Cero para la prevenci\u00f3n, minimizaci\u00f3n y eliminaci\u00f3n de los vertidos\",\"publisher\":{\"@id\":\"https:\\\/\\\/vertidoscero.com\\\/#organization\"},\"potentialAction\":[{\"@type\":\"SearchAction\",\"target\":{\"@type\":\"EntryPoint\",\"urlTemplate\":\"https:\\\/\\\/vertidoscero.com\\\/?s={search_term_string}\"},\"query-input\":{\"@type\":\"PropertyValueSpecification\",\"valueRequired\":true,\"valueName\":\"search_term_string\"}}],\"inLanguage\":\"en-GB\"},{\"@type\":\"Organization\",\"@id\":\"https:\\\/\\\/vertidoscero.com\\\/#organization\",\"name\":\"Asociaci\u00f3n Vertidos Cero\",\"url\":\"https:\\\/\\\/vertidoscero.com\\\/\",\"logo\":{\"@type\":\"ImageObject\",\"inLanguage\":\"en-GB\",\"@id\":\"https:\\\/\\\/vertidoscero.com\\\/#\\\/schema\\\/logo\\\/image\\\/\",\"url\":\"https:\\\/\\\/vertidoscero.com\\\/wp-content\\\/uploads\\\/2023\\\/05\\\/cropped-Recurso-12.png\",\"contentUrl\":\"https:\\\/\\\/vertidoscero.com\\\/wp-content\\\/uploads\\\/2023\\\/05\\\/cropped-Recurso-12.png\",\"width\":1070,\"height\":1108,\"caption\":\"Asociaci\u00f3n Vertidos Cero\"},\"image\":{\"@id\":\"https:\\\/\\\/vertidoscero.com\\\/#\\\/schema\\\/logo\\\/image\\\/\"}}]}<\/script>\n<!-- \/ Yoast SEO plugin. -->","yoast_head_json":{"title":"Informes - Asociaci\u00f3n Vertidos Cero","robots":{"index":"index","follow":"follow","max-snippet":"max-snippet:-1","max-image-preview":"max-image-preview:large","max-video-preview":"max-video-preview:-1"},"canonical":"https:\/\/vertidoscero.com\/en\/marnoba\/informes\/","og_locale":"en_GB","og_type":"article","og_title":"Informes - Asociaci\u00f3n Vertidos Cero","og_description":"Dentro de los programas de seguimiento del estado del medio marino en nuestro pa\u00eds se incluye un control de las basuras marinas tanto en las playas como en la columna de agua y los fondos marinos, as\u00ed como de basuras ingeridas por algunas especies marinas indicadoras o de enmalle\/enredo de organismos vivos en basuras marinas. [&hellip;]","og_url":"https:\/\/vertidoscero.com\/en\/marnoba\/informes\/","og_site_name":"Asociaci\u00f3n Vertidos Cero","article_modified_time":"2023-01-20T10:53:38+00:00","og_image":[{"url":"https:\/\/vertidoscero.com\/wp-content\/uploads\/2023\/01\/informes.jpg","type":"","width":"","height":""}],"twitter_card":"summary_large_image","twitter_misc":{"Estimated reading time":"1 minute"},"schema":{"@context":"https:\/\/schema.org","@graph":[{"@type":"WebPage","@id":"https:\/\/vertidoscero.com\/marnoba\/informes\/","url":"https:\/\/vertidoscero.com\/marnoba\/informes\/","name":"Informes - Asociaci\u00f3n Vertidos Cero","isPartOf":{"@id":"https:\/\/vertidoscero.com\/#website"},"primaryImageOfPage":{"@id":"https:\/\/vertidoscero.com\/marnoba\/informes\/#primaryimage"},"image":{"@id":"https:\/\/vertidoscero.com\/marnoba\/informes\/#primaryimage"},"thumbnailUrl":"https:\/\/vertidoscero.com\/wp-content\/uploads\/2023\/01\/informes.jpg","datePublished":"2023-01-11T10:04:04+00:00","dateModified":"2023-01-20T10:53:38+00:00","breadcrumb":{"@id":"https:\/\/vertidoscero.com\/marnoba\/informes\/#breadcrumb"},"inLanguage":"en-GB","potentialAction":[{"@type":"ReadAction","target":["https:\/\/vertidoscero.com\/marnoba\/informes\/"]}]},{"@type":"ImageObject","inLanguage":"en-GB","@id":"https:\/\/vertidoscero.com\/marnoba\/informes\/#primaryimage","url":"https:\/\/vertidoscero.com\/wp-content\/uploads\/2023\/01\/informes.jpg","contentUrl":"https:\/\/vertidoscero.com\/wp-content\/uploads\/2023\/01\/informes.jpg"},{"@type":"BreadcrumbList","@id":"https:\/\/vertidoscero.com\/marnoba\/informes\/#breadcrumb","itemListElement":[{"@type":"ListItem","position":1,"name":"Portada","item":"https:\/\/vertidoscero.com\/"},{"@type":"ListItem","position":2,"name":"Marnoba","item":"https:\/\/vertidoscero.com\/marnoba\/"},{"@type":"ListItem","position":3,"name":"Informes"}]},{"@type":"WebSite","@id":"https:\/\/vertidoscero.com\/#website","url":"https:\/\/vertidoscero.com\/","name":"Asociaci\u00f3n Vertidos Cero","description":"Asociaci\u00f3n Vertidos Cero para la prevenci\u00f3n, minimizaci\u00f3n y eliminaci\u00f3n de los vertidos","publisher":{"@id":"https:\/\/vertidoscero.com\/#organization"},"potentialAction":[{"@type":"SearchAction","target":{"@type":"EntryPoint","urlTemplate":"https:\/\/vertidoscero.com\/?s={search_term_string}"},"query-input":{"@type":"PropertyValueSpecification","valueRequired":true,"valueName":"search_term_string"}}],"inLanguage":"en-GB"},{"@type":"Organization","@id":"https:\/\/vertidoscero.com\/#organization","name":"Asociaci\u00f3n Vertidos Cero","url":"https:\/\/vertidoscero.com\/","logo":{"@type":"ImageObject","inLanguage":"en-GB","@id":"https:\/\/vertidoscero.com\/#\/schema\/logo\/image\/","url":"https:\/\/vertidoscero.com\/wp-content\/uploads\/2023\/05\/cropped-Recurso-12.png","contentUrl":"https:\/\/vertidoscero.com\/wp-content\/uploads\/2023\/05\/cropped-Recurso-12.png","width":1070,"height":1108,"caption":"Asociaci\u00f3n Vertidos Cero"},"image":{"@id":"https:\/\/vertidoscero.com\/#\/schema\/logo\/image\/"}}]}},"rttpg_featured_image_url":null,"rttpg_author":{"display_name":"admin3617","author_link":"https:\/\/vertidoscero.com\/en\/author\/admin3617\/"},"rttpg_comment":0,"rttpg_category":null,"rttpg_excerpt":"Dentro de los programas de seguimiento del estado del medio marino en nuestro pa\u00eds se incluye un control de las basuras marinas tanto en las playas como en la columna de agua y los fondos marinos, as\u00ed como de basuras ingeridas por algunas especies marinas indicadoras o de enmalle\/enredo de organismos vivos en basuras marinas.&hellip;","_links":{"self":[{"href":"https:\/\/vertidoscero.com\/en\/wp-json\/wp\/v2\/pages\/2614","targetHints":{"allow":["GET"]}}],"collection":[{"href":"https:\/\/vertidoscero.com\/en\/wp-json\/wp\/v2\/pages"}],"about":[{"href":"https:\/\/vertidoscero.com\/en\/wp-json\/wp\/v2\/types\/page"}],"author":[{"embeddable":true,"href":"https:\/\/vertidoscero.com\/en\/wp-json\/wp\/v2\/users\/1"}],"replies":[{"embeddable":true,"href":"https:\/\/vertidoscero.com\/en\/wp-json\/wp\/v2\/comments?post=2614"}],"version-history":[{"count":0,"href":"https:\/\/vertidoscero.com\/en\/wp-json\/wp\/v2\/pages\/2614\/revisions"}],"up":[{"embeddable":true,"href":"https:\/\/vertidoscero.com\/en\/wp-json\/wp\/v2\/pages\/227"}],"wp:attachment":[{"href":"https:\/\/vertidoscero.com\/en\/wp-json\/wp\/v2\/media?parent=2614"}],"curies":[{"name":"wp","href":"https:\/\/api.w.org\/{rel}","templated":true}]}}