{"id":262,"date":"2018-01-17T16:58:57","date_gmt":"2018-01-17T16:58:57","guid":{"rendered":"https:\/\/vertidoscero.com\/?page_id=262"},"modified":"2026-03-30T10:20:57","modified_gmt":"2026-03-30T10:20:57","slug":"conversion-de-residuos-de-amianto","status":"publish","type":"page","link":"https:\/\/vertidoscero.com\/en\/conversion-de-residuos-de-amianto\/","title":{"rendered":"Conversi\u00f3n de residuos de amianto"},"content":{"rendered":"<div data-elementor-type=\"wp-page\" data-elementor-id=\"262\" class=\"elementor elementor-262\" data-elementor-post-type=\"page\">\n\t\t\t\t\t\t<section class=\"elementor-section elementor-top-section elementor-element elementor-element-38f1586d elementor-section-height-min-height elementor-section-content-middle elementor-section-boxed elementor-section-height-default elementor-section-items-middle\" data-id=\"38f1586d\" data-element_type=\"section\" data-e-type=\"section\" data-settings=\"{&quot;background_background&quot;:&quot;classic&quot;}\">\n\t\t\t\t\t\t\t<div class=\"elementor-background-overlay\"><\/div>\n\t\t\t\t\t\t\t<div class=\"elementor-container elementor-column-gap-default\">\n\t\t\t\t\t<div class=\"elementor-column elementor-col-100 elementor-top-column elementor-element elementor-element-55d47b3b\" data-id=\"55d47b3b\" data-element_type=\"column\" data-e-type=\"column\">\n\t\t\t<div class=\"elementor-widget-wrap elementor-element-populated\">\n\t\t\t\t\t\t<div class=\"elementor-element elementor-element-58d33a58 elementor-invisible elementor-widget elementor-widget-text-editor\" data-id=\"58d33a58\" data-element_type=\"widget\" data-e-type=\"widget\" data-settings=\"{&quot;_animation&quot;:&quot;fadeInDown&quot;}\" data-widget_type=\"text-editor.default\">\n\t\t\t\t<div class=\"elementor-widget-container\">\n\t\t\t\t\t\t\t\t\t<p style=\"text-align: left;\">PROYECTOS VERTIDOS CERO<\/p>\t\t\t\t\t\t\t\t<\/div>\n\t\t\t\t<\/div>\n\t\t\t\t<div class=\"elementor-element elementor-element-373048a0 elementor-widget elementor-widget-heading\" data-id=\"373048a0\" data-element_type=\"widget\" data-e-type=\"widget\" data-widget_type=\"heading.default\">\n\t\t\t\t<div class=\"elementor-widget-container\">\n\t\t\t\t\t<h1 class=\"elementor-heading-title elementor-size-default\">ANTERIORES<\/h1>\t\t\t\t<\/div>\n\t\t\t\t<\/div>\n\t\t\t\t\t<\/div>\n\t\t<\/div>\n\t\t\t\t\t<\/div>\n\t\t<\/section>\n\t\t\t\t<section class=\"elementor-section elementor-top-section elementor-element elementor-element-1d95f280 elementor-section-content-middle elementor-section-boxed elementor-section-height-default elementor-section-height-default\" data-id=\"1d95f280\" data-element_type=\"section\" data-e-type=\"section\">\n\t\t\t\t\t\t<div class=\"elementor-container elementor-column-gap-no\">\n\t\t\t\t\t<div class=\"elementor-column elementor-col-50 elementor-top-column elementor-element elementor-element-5945c363\" data-id=\"5945c363\" data-element_type=\"column\" data-e-type=\"column\">\n\t\t\t<div class=\"elementor-widget-wrap elementor-element-populated\">\n\t\t\t\t\t\t<div class=\"elementor-element elementor-element-6cd2b063 elementor-widget elementor-widget-image\" data-id=\"6cd2b063\" data-element_type=\"widget\" data-e-type=\"widget\" data-widget_type=\"image.default\">\n\t\t\t\t<div class=\"elementor-widget-container\">\n\t\t\t\t\t\t\t\t\t\t\t\t\t\t\t<img fetchpriority=\"high\" decoding=\"async\" width=\"1027\" height=\"744\" src=\"https:\/\/vertidoscero.com\/wp-content\/uploads\/2018\/01\/Amianto_2016.png\" class=\"attachment-full size-full wp-image-59\" alt=\"\" srcset=\"https:\/\/vertidoscero.com\/wp-content\/uploads\/2018\/01\/Amianto_2016.png 1027w, https:\/\/vertidoscero.com\/wp-content\/uploads\/2018\/01\/Amianto_2016-300x217.png 300w, https:\/\/vertidoscero.com\/wp-content\/uploads\/2018\/01\/Amianto_2016-768x556.png 768w, https:\/\/vertidoscero.com\/wp-content\/uploads\/2018\/01\/Amianto_2016-1024x742.png 1024w, https:\/\/vertidoscero.com\/wp-content\/uploads\/2018\/01\/Amianto_2016-150x109.png 150w\" sizes=\"(max-width: 1027px) 100vw, 1027px\" \/>\t\t\t\t\t\t\t\t\t\t\t\t\t\t\t<\/div>\n\t\t\t\t<\/div>\n\t\t\t\t\t<\/div>\n\t\t<\/div>\n\t\t\t\t<div class=\"elementor-column elementor-col-50 elementor-top-column elementor-element elementor-element-3704fb54\" data-id=\"3704fb54\" data-element_type=\"column\" data-e-type=\"column\">\n\t\t\t<div class=\"elementor-widget-wrap elementor-element-populated\">\n\t\t\t\t\t\t<div class=\"elementor-element elementor-element-142a4eaa elementor-widget elementor-widget-heading\" data-id=\"142a4eaa\" data-element_type=\"widget\" data-e-type=\"widget\" data-widget_type=\"heading.default\">\n\t\t\t\t<div class=\"elementor-widget-container\">\n\t\t\t\t\t<h4 class=\"elementor-heading-title elementor-size-default\">CONVERSI\u00d3N DE RESIDUOS DE AMIANTO<\/h4>\t\t\t\t<\/div>\n\t\t\t\t<\/div>\n\t\t\t\t<div class=\"elementor-element elementor-element-37ddb686 elementor-widget elementor-widget-text-editor\" data-id=\"37ddb686\" data-element_type=\"widget\" data-e-type=\"widget\" data-widget_type=\"text-editor.default\">\n\t\t\t\t<div class=\"elementor-widget-container\">\n\t\t\t\t\t\t\t\t\t<p>La Asociaci\u00f3n Vertidos Cero, junto al grupo de investigaci\u00f3n del profesor Jaime Cuevas del\u00a0<strong>Dpto. de Geolog\u00eda y Geoqu\u00edmica<\/strong>\u00a0de la\u00a0<a href=\"http:\/\/www.uam.es\/\" target=\"_blank\" rel=\"noopener\">Universidad Aut\u00f3noma de Madrid<\/a>\u00a0y la empresa\u00a0Desamianta S.L., han desarrollado este proyecto que ha sido financiado por el\u00a0<a href=\"https:\/\/www.cdti.es\/\" target=\"_blank\" rel=\"noopener\">Centro para el Desarrollo Tecnol\u00f3gico e Industrial (CDTI)<\/a>.<\/p><p>El proyecto busca valorizar el producto obtenido tras la transformaci\u00f3n por medio de la conversi\u00f3n termoqu\u00edmica, fusi\u00f3n parcial y recristalizaci\u00f3n de los residuos de materiales con contenido en amianto.<\/p><p>Se investigan las posibilidades como materia prima secundaria del producto obtenido con el reciclaje de estos residuos, donde se han eliminado las fibras de amianto que clasificaban estos materiales como residuos peligrosos, pudiendo ser reintroducidos en diversos procesos industriales y evitando que terminen depositados en vertederos destinados a este tipo de residuos.<\/p><p>Los primeros resultados de este proyecto han sido publicados en la revista FuturEnviro de marzo de 2016.\u00a0<\/p>\t\t\t\t\t\t\t\t<\/div>\n\t\t\t\t<\/div>\n\t\t\t\t\t<\/div>\n\t\t<\/div>\n\t\t\t\t\t<\/div>\n\t\t<\/section>\n\t\t\t\t<\/div>","protected":false},"excerpt":{"rendered":"<p>PROYECTOS VERTIDOS CERO ANTERIORES CONVERSI\u00d3N DE RESIDUOS DE AMIANTO La Asociaci\u00f3n Vertidos Cero, junto al grupo de investigaci\u00f3n del profesor Jaime Cuevas del\u00a0Dpto. de Geolog\u00eda y Geoqu\u00edmica\u00a0de la\u00a0Universidad Aut\u00f3noma de Madrid\u00a0y la empresa\u00a0Desamianta S.L., han desarrollado este proyecto que ha sido financiado por el\u00a0Centro para el Desarrollo Tecnol\u00f3gico e Industrial (CDTI). El proyecto busca valorizar [&hellip;]<\/p>\n","protected":false},"author":1,"featured_media":0,"parent":0,"menu_order":0,"comment_status":"closed","ping_status":"closed","template":"","meta":{"_monsterinsights_skip_tracking":false,"_monsterinsights_sitenote_active":false,"_monsterinsights_sitenote_note":"","_monsterinsights_sitenote_category":0,"site-sidebar-layout":"default","site-content-layout":"","ast-site-content-layout":"default","site-content-style":"default","site-sidebar-style":"default","ast-global-header-display":"","ast-banner-title-visibility":"","ast-main-header-display":"","ast-hfb-above-header-display":"","ast-hfb-below-header-display":"","ast-hfb-mobile-header-display":"","site-post-title":"disabled","ast-breadcrumbs-content":"","ast-featured-img":"","footer-sml-layout":"","ast-disable-related-posts":"","theme-transparent-header-meta":"","adv-header-id-meta":"","stick-header-meta":"","header-above-stick-meta":"","header-main-stick-meta":"","header-below-stick-meta":"","astra-migrate-meta-layouts":"default","ast-page-background-enabled":"default","ast-page-background-meta":{"desktop":{"background-color":"var(--ast-global-color-4)","background-image":"","background-repeat":"repeat","background-position":"center center","background-size":"auto","background-attachment":"scroll","background-type":"","background-media":"","overlay-type":"","overlay-color":"","overlay-opacity":"","overlay-gradient":""},"tablet":{"background-color":"","background-image":"","background-repeat":"repeat","background-position":"center center","background-size":"auto","background-attachment":"scroll","background-type":"","background-media":"","overlay-type":"","overlay-color":"","overlay-opacity":"","overlay-gradient":""},"mobile":{"background-color":"","background-image":"","background-repeat":"repeat","background-position":"center center","background-size":"auto","background-attachment":"scroll","background-type":"","background-media":"","overlay-type":"","overlay-color":"","overlay-opacity":"","overlay-gradient":""}},"ast-content-background-meta":{"desktop":{"background-color":"var(--ast-global-color-5)","background-image":"","background-repeat":"repeat","background-position":"center center","background-size":"auto","background-attachment":"scroll","background-type":"","background-media":"","overlay-type":"","overlay-color":"","overlay-opacity":"","overlay-gradient":""},"tablet":{"background-color":"var(--ast-global-color-5)","background-image":"","background-repeat":"repeat","background-position":"center center","background-size":"auto","background-attachment":"scroll","background-type":"","background-media":"","overlay-type":"","overlay-color":"","overlay-opacity":"","overlay-gradient":""},"mobile":{"background-color":"var(--ast-global-color-5)","background-image":"","background-repeat":"repeat","background-position":"center center","background-size":"auto","background-attachment":"scroll","background-type":"","background-media":"","overlay-type":"","overlay-color":"","overlay-opacity":"","overlay-gradient":""}},"footnotes":""},"class_list":["post-262","page","type-page","status-publish","hentry"],"yoast_head":"<!-- This site is optimized with the Yoast SEO plugin v27.5 - https:\/\/yoast.com\/product\/yoast-seo-wordpress\/ -->\n<title>Conversi\u00f3n de residuos de amianto - Asociaci\u00f3n Vertidos Cero<\/title>\n<meta name=\"robots\" content=\"index, follow, max-snippet:-1, max-image-preview:large, max-video-preview:-1\" \/>\n<link rel=\"canonical\" href=\"https:\/\/vertidoscero.com\/en\/conversion-de-residuos-de-amianto\/\" \/>\n<meta property=\"og:locale\" content=\"en_GB\" \/>\n<meta property=\"og:type\" content=\"article\" \/>\n<meta property=\"og:title\" content=\"Conversi\u00f3n de residuos de amianto - Asociaci\u00f3n Vertidos Cero\" \/>\n<meta property=\"og:description\" content=\"PROYECTOS VERTIDOS CERO ANTERIORES CONVERSI\u00d3N DE RESIDUOS DE AMIANTO La Asociaci\u00f3n Vertidos Cero, junto al grupo de investigaci\u00f3n del profesor Jaime Cuevas del\u00a0Dpto. de Geolog\u00eda y Geoqu\u00edmica\u00a0de la\u00a0Universidad Aut\u00f3noma de Madrid\u00a0y la empresa\u00a0Desamianta S.L., han desarrollado este proyecto que ha sido financiado por el\u00a0Centro para el Desarrollo Tecnol\u00f3gico e Industrial (CDTI). El proyecto busca valorizar [&hellip;]\" \/>\n<meta property=\"og:url\" content=\"https:\/\/vertidoscero.com\/en\/conversion-de-residuos-de-amianto\/\" \/>\n<meta property=\"og:site_name\" content=\"Asociaci\u00f3n Vertidos Cero\" \/>\n<meta property=\"article:modified_time\" content=\"2026-03-30T10:20:57+00:00\" \/>\n<meta property=\"og:image\" content=\"https:\/\/vertidoscero.com\/wp-content\/uploads\/2018\/01\/Amianto_2016.png\" \/>\n\t<meta property=\"og:image:width\" content=\"1027\" \/>\n\t<meta property=\"og:image:height\" content=\"744\" \/>\n\t<meta property=\"og:image:type\" content=\"image\/png\" \/>\n<meta name=\"twitter:card\" content=\"summary_large_image\" \/>\n<meta name=\"twitter:label1\" content=\"Estimated reading time\" \/>\n\t<meta name=\"twitter:data1\" content=\"1 minute\" \/>\n<script type=\"application\/ld+json\" class=\"yoast-schema-graph\">{\"@context\":\"https:\\\/\\\/schema.org\",\"@graph\":[{\"@type\":\"WebPage\",\"@id\":\"https:\\\/\\\/vertidoscero.com\\\/conversion-de-residuos-de-amianto\\\/\",\"url\":\"https:\\\/\\\/vertidoscero.com\\\/conversion-de-residuos-de-amianto\\\/\",\"name\":\"Conversi\u00f3n de residuos de amianto - Asociaci\u00f3n Vertidos Cero\",\"isPartOf\":{\"@id\":\"https:\\\/\\\/vertidoscero.com\\\/#website\"},\"primaryImageOfPage\":{\"@id\":\"https:\\\/\\\/vertidoscero.com\\\/conversion-de-residuos-de-amianto\\\/#primaryimage\"},\"image\":{\"@id\":\"https:\\\/\\\/vertidoscero.com\\\/conversion-de-residuos-de-amianto\\\/#primaryimage\"},\"thumbnailUrl\":\"https:\\\/\\\/vertidoscero.com\\\/wp-content\\\/uploads\\\/2018\\\/01\\\/Amianto_2016.png\",\"datePublished\":\"2018-01-17T16:58:57+00:00\",\"dateModified\":\"2026-03-30T10:20:57+00:00\",\"breadcrumb\":{\"@id\":\"https:\\\/\\\/vertidoscero.com\\\/conversion-de-residuos-de-amianto\\\/#breadcrumb\"},\"inLanguage\":\"en-GB\",\"potentialAction\":[{\"@type\":\"ReadAction\",\"target\":[\"https:\\\/\\\/vertidoscero.com\\\/conversion-de-residuos-de-amianto\\\/\"]}]},{\"@type\":\"ImageObject\",\"inLanguage\":\"en-GB\",\"@id\":\"https:\\\/\\\/vertidoscero.com\\\/conversion-de-residuos-de-amianto\\\/#primaryimage\",\"url\":\"https:\\\/\\\/vertidoscero.com\\\/wp-content\\\/uploads\\\/2018\\\/01\\\/Amianto_2016.png\",\"contentUrl\":\"https:\\\/\\\/vertidoscero.com\\\/wp-content\\\/uploads\\\/2018\\\/01\\\/Amianto_2016.png\"},{\"@type\":\"BreadcrumbList\",\"@id\":\"https:\\\/\\\/vertidoscero.com\\\/conversion-de-residuos-de-amianto\\\/#breadcrumb\",\"itemListElement\":[{\"@type\":\"ListItem\",\"position\":1,\"name\":\"Portada\",\"item\":\"https:\\\/\\\/vertidoscero.com\\\/\"},{\"@type\":\"ListItem\",\"position\":2,\"name\":\"Conversi\u00f3n de residuos de amianto\"}]},{\"@type\":\"WebSite\",\"@id\":\"https:\\\/\\\/vertidoscero.com\\\/#website\",\"url\":\"https:\\\/\\\/vertidoscero.com\\\/\",\"name\":\"Asociaci\u00f3n Vertidos Cero\",\"description\":\"Asociaci\u00f3n Vertidos Cero para la prevenci\u00f3n, minimizaci\u00f3n y eliminaci\u00f3n de los vertidos\",\"publisher\":{\"@id\":\"https:\\\/\\\/vertidoscero.com\\\/#organization\"},\"potentialAction\":[{\"@type\":\"SearchAction\",\"target\":{\"@type\":\"EntryPoint\",\"urlTemplate\":\"https:\\\/\\\/vertidoscero.com\\\/?s={search_term_string}\"},\"query-input\":{\"@type\":\"PropertyValueSpecification\",\"valueRequired\":true,\"valueName\":\"search_term_string\"}}],\"inLanguage\":\"en-GB\"},{\"@type\":\"Organization\",\"@id\":\"https:\\\/\\\/vertidoscero.com\\\/#organization\",\"name\":\"Asociaci\u00f3n Vertidos Cero\",\"url\":\"https:\\\/\\\/vertidoscero.com\\\/\",\"logo\":{\"@type\":\"ImageObject\",\"inLanguage\":\"en-GB\",\"@id\":\"https:\\\/\\\/vertidoscero.com\\\/#\\\/schema\\\/logo\\\/image\\\/\",\"url\":\"https:\\\/\\\/vertidoscero.com\\\/wp-content\\\/uploads\\\/2023\\\/05\\\/cropped-Recurso-12.png\",\"contentUrl\":\"https:\\\/\\\/vertidoscero.com\\\/wp-content\\\/uploads\\\/2023\\\/05\\\/cropped-Recurso-12.png\",\"width\":1070,\"height\":1108,\"caption\":\"Asociaci\u00f3n Vertidos Cero\"},\"image\":{\"@id\":\"https:\\\/\\\/vertidoscero.com\\\/#\\\/schema\\\/logo\\\/image\\\/\"}}]}<\/script>\n<!-- \/ Yoast SEO plugin. -->","yoast_head_json":{"title":"Conversi\u00f3n de residuos de amianto - Asociaci\u00f3n Vertidos Cero","robots":{"index":"index","follow":"follow","max-snippet":"max-snippet:-1","max-image-preview":"max-image-preview:large","max-video-preview":"max-video-preview:-1"},"canonical":"https:\/\/vertidoscero.com\/en\/conversion-de-residuos-de-amianto\/","og_locale":"en_GB","og_type":"article","og_title":"Conversi\u00f3n de residuos de amianto - Asociaci\u00f3n Vertidos Cero","og_description":"PROYECTOS VERTIDOS CERO ANTERIORES CONVERSI\u00d3N DE RESIDUOS DE AMIANTO La Asociaci\u00f3n Vertidos Cero, junto al grupo de investigaci\u00f3n del profesor Jaime Cuevas del\u00a0Dpto. de Geolog\u00eda y Geoqu\u00edmica\u00a0de la\u00a0Universidad Aut\u00f3noma de Madrid\u00a0y la empresa\u00a0Desamianta S.L., han desarrollado este proyecto que ha sido financiado por el\u00a0Centro para el Desarrollo Tecnol\u00f3gico e Industrial (CDTI). El proyecto busca valorizar [&hellip;]","og_url":"https:\/\/vertidoscero.com\/en\/conversion-de-residuos-de-amianto\/","og_site_name":"Asociaci\u00f3n Vertidos Cero","article_modified_time":"2026-03-30T10:20:57+00:00","og_image":[{"width":1027,"height":744,"url":"https:\/\/vertidoscero.com\/wp-content\/uploads\/2018\/01\/Amianto_2016.png","type":"image\/png"}],"twitter_card":"summary_large_image","twitter_misc":{"Estimated reading time":"1 minute"},"schema":{"@context":"https:\/\/schema.org","@graph":[{"@type":"WebPage","@id":"https:\/\/vertidoscero.com\/conversion-de-residuos-de-amianto\/","url":"https:\/\/vertidoscero.com\/conversion-de-residuos-de-amianto\/","name":"Conversi\u00f3n de residuos de amianto - Asociaci\u00f3n Vertidos Cero","isPartOf":{"@id":"https:\/\/vertidoscero.com\/#website"},"primaryImageOfPage":{"@id":"https:\/\/vertidoscero.com\/conversion-de-residuos-de-amianto\/#primaryimage"},"image":{"@id":"https:\/\/vertidoscero.com\/conversion-de-residuos-de-amianto\/#primaryimage"},"thumbnailUrl":"https:\/\/vertidoscero.com\/wp-content\/uploads\/2018\/01\/Amianto_2016.png","datePublished":"2018-01-17T16:58:57+00:00","dateModified":"2026-03-30T10:20:57+00:00","breadcrumb":{"@id":"https:\/\/vertidoscero.com\/conversion-de-residuos-de-amianto\/#breadcrumb"},"inLanguage":"en-GB","potentialAction":[{"@type":"ReadAction","target":["https:\/\/vertidoscero.com\/conversion-de-residuos-de-amianto\/"]}]},{"@type":"ImageObject","inLanguage":"en-GB","@id":"https:\/\/vertidoscero.com\/conversion-de-residuos-de-amianto\/#primaryimage","url":"https:\/\/vertidoscero.com\/wp-content\/uploads\/2018\/01\/Amianto_2016.png","contentUrl":"https:\/\/vertidoscero.com\/wp-content\/uploads\/2018\/01\/Amianto_2016.png"},{"@type":"BreadcrumbList","@id":"https:\/\/vertidoscero.com\/conversion-de-residuos-de-amianto\/#breadcrumb","itemListElement":[{"@type":"ListItem","position":1,"name":"Portada","item":"https:\/\/vertidoscero.com\/"},{"@type":"ListItem","position":2,"name":"Conversi\u00f3n de residuos de amianto"}]},{"@type":"WebSite","@id":"https:\/\/vertidoscero.com\/#website","url":"https:\/\/vertidoscero.com\/","name":"Asociaci\u00f3n Vertidos Cero","description":"Asociaci\u00f3n Vertidos Cero para la prevenci\u00f3n, minimizaci\u00f3n y eliminaci\u00f3n de los vertidos","publisher":{"@id":"https:\/\/vertidoscero.com\/#organization"},"potentialAction":[{"@type":"SearchAction","target":{"@type":"EntryPoint","urlTemplate":"https:\/\/vertidoscero.com\/?s={search_term_string}"},"query-input":{"@type":"PropertyValueSpecification","valueRequired":true,"valueName":"search_term_string"}}],"inLanguage":"en-GB"},{"@type":"Organization","@id":"https:\/\/vertidoscero.com\/#organization","name":"Asociaci\u00f3n Vertidos Cero","url":"https:\/\/vertidoscero.com\/","logo":{"@type":"ImageObject","inLanguage":"en-GB","@id":"https:\/\/vertidoscero.com\/#\/schema\/logo\/image\/","url":"https:\/\/vertidoscero.com\/wp-content\/uploads\/2023\/05\/cropped-Recurso-12.png","contentUrl":"https:\/\/vertidoscero.com\/wp-content\/uploads\/2023\/05\/cropped-Recurso-12.png","width":1070,"height":1108,"caption":"Asociaci\u00f3n Vertidos Cero"},"image":{"@id":"https:\/\/vertidoscero.com\/#\/schema\/logo\/image\/"}}]}},"rttpg_featured_image_url":null,"rttpg_author":{"display_name":"admin3617","author_link":"https:\/\/vertidoscero.com\/en\/author\/admin3617\/"},"rttpg_comment":0,"rttpg_category":null,"rttpg_excerpt":"PROYECTOS VERTIDOS CERO ANTERIORES CONVERSI\u00d3N DE RESIDUOS DE AMIANTO La Asociaci\u00f3n Vertidos Cero, junto al grupo de investigaci\u00f3n del profesor Jaime Cuevas del\u00a0Dpto. de Geolog\u00eda y Geoqu\u00edmica\u00a0de la\u00a0Universidad Aut\u00f3noma de Madrid\u00a0y la empresa\u00a0Desamianta S.L., han desarrollado este proyecto que ha sido financiado por el\u00a0Centro para el Desarrollo Tecnol\u00f3gico e Industrial (CDTI). El proyecto busca valorizar&hellip;","_links":{"self":[{"href":"https:\/\/vertidoscero.com\/en\/wp-json\/wp\/v2\/pages\/262","targetHints":{"allow":["GET"]}}],"collection":[{"href":"https:\/\/vertidoscero.com\/en\/wp-json\/wp\/v2\/pages"}],"about":[{"href":"https:\/\/vertidoscero.com\/en\/wp-json\/wp\/v2\/types\/page"}],"author":[{"embeddable":true,"href":"https:\/\/vertidoscero.com\/en\/wp-json\/wp\/v2\/users\/1"}],"replies":[{"embeddable":true,"href":"https:\/\/vertidoscero.com\/en\/wp-json\/wp\/v2\/comments?post=262"}],"version-history":[{"count":2,"href":"https:\/\/vertidoscero.com\/en\/wp-json\/wp\/v2\/pages\/262\/revisions"}],"predecessor-version":[{"id":9181,"href":"https:\/\/vertidoscero.com\/en\/wp-json\/wp\/v2\/pages\/262\/revisions\/9181"}],"wp:attachment":[{"href":"https:\/\/vertidoscero.com\/en\/wp-json\/wp\/v2\/media?parent=262"}],"curies":[{"name":"wp","href":"https:\/\/api.w.org\/{rel}","templated":true}]}}