{"id":8109,"date":"2023-06-14T12:29:22","date_gmt":"2023-06-14T12:29:22","guid":{"rendered":"https:\/\/vertidoscero.com\/?page_id=8109"},"modified":"2023-06-14T13:48:58","modified_gmt":"2023-06-14T13:48:58","slug":"declaracion-accesibilidad","status":"publish","type":"page","link":"https:\/\/vertidoscero.com\/en\/declaracion-accesibilidad\/","title":{"rendered":"Declaraci\u00f3n de accesibilidad"},"content":{"rendered":"<div data-elementor-type=\"wp-page\" data-elementor-id=\"8109\" class=\"elementor elementor-8109\" data-elementor-post-type=\"page\">\n\t\t\t\t\t\t<section class=\"elementor-section elementor-top-section elementor-element elementor-element-deb439c elementor-section-boxed elementor-section-height-default elementor-section-height-default\" data-id=\"deb439c\" data-element_type=\"section\" data-e-type=\"section\">\n\t\t\t\t\t\t<div class=\"elementor-container elementor-column-gap-default\">\n\t\t\t\t\t<div class=\"elementor-column elementor-col-100 elementor-top-column elementor-element elementor-element-1239323\" data-id=\"1239323\" data-element_type=\"column\" data-e-type=\"column\">\n\t\t\t<div class=\"elementor-widget-wrap elementor-element-populated\">\n\t\t\t\t\t\t<div class=\"elementor-element elementor-element-cd2e420 elementor-widget elementor-widget-text-editor\" data-id=\"cd2e420\" data-element_type=\"widget\" data-e-type=\"widget\" data-widget_type=\"text-editor.default\">\n\t\t\t\t<div class=\"elementor-widget-container\">\n\t\t\t\t\t\t\t\t\t<p class=\"font_8 wixui-rich-text__text\">Asociaci\u00f3n Vertidos Cero se ha comprometido a hacer accesibles sus sitios web de conformidad con el <span class=\"wixui-rich-text__text\"><a class=\"wixui-rich-text__text\" href=\"https:\/\/www.boe.es\/buscar\/act.php?id=BOE-A-2018-12699\" target=\"_blank\" rel=\"noreferrer noopener\">Real Decreto 1112\/2018, de 7 de septiembre, sobre accesibilidad de los sitios web y aplicaciones para dispositivos m\u00f3viles del sector p\u00fablico<\/a><\/span>.<\/p>\n<p class=\"font_8 wixui-rich-text__text\"><span class=\"wixui-rich-text__text\"><span class=\"wixGuard wixui-rich-text__text\"><\/span><\/span><\/p>\n<h3 class=\"font_8 wixui-rich-text__text\"><span class=\"wixui-rich-text__text\">SITUACI\u00d3N DE CUMPLIMIENTO<\/span><\/h3>\n<p class=\"font_8 wixui-rich-text__text\"><span class=\"wixui-rich-text__text\"><span class=\"wixGuard wixui-rich-text__text\"><\/span><\/span><\/p>\n<p class=\"font_8 wixui-rich-text__text\">Este sitio web es parcialmente conforme con el &nbsp;<span class=\"wixui-rich-text__text\"><a class=\"wixui-rich-text__text\" href=\"https:\/\/www.boe.es\/diario_boe\/txt.php?id=BOE-A-2018-12699\" target=\"_blank\" rel=\"noreferrer noopener\">RD 1112\/2018<\/a><\/span>&nbsp; debido a las excepciones y a la falta de conformidad de los aspectos que se indican a continuaci\u00f3n.<\/p>\n<p class=\"font_8 wixui-rich-text__text\"><span class=\"wixGuard wixui-rich-text__text\"><\/span><\/p>\n<h3 class=\"font_8 wixui-rich-text__text\"><span class=\"wixui-rich-text__text\">CONTENIDO NO ACCESIBLE<\/span><\/h3>\n<p class=\"font_8 wixui-rich-text__text\"><span class=\"wixui-rich-text__text\"><span class=\"wixGuard wixui-rich-text__text\"><\/span><\/span><\/p>\n<p class=\"font_8 wixui-rich-text__text\">El contenido que se recoge a continuaci\u00f3n no es accesible por lo siguiente:&nbsp;<\/p>\n<ul class=\"font_8 wixui-rich-text__text\">\n<li class=\"wixui-rich-text__text\">\n<p class=\"font_8 wixui-rich-text__text\">Falta de conformidad con el RD 1112\/2018:<\/p>\n<\/li>\n<li class=\"wixui-rich-text__text\">\n<p class=\"font_8 wixui-rich-text__text\">Hay contenido textual sin un contraste suficiente<\/p>\n<\/li>\n<li class=\"wixui-rich-text__text\">\n<p class=\"font_8 wixui-rich-text__text\">Se observa como en algunos casos el foco no cumple con el m\u00ednimo ratio de contraste requerido<\/p>\n<\/li>\n<li class=\"wixui-rich-text__text\">\n<p class=\"font_8 wixui-rich-text__text\">En alg\u00fan caso puede producirse solapamiento de contenido<\/p>\n<\/li>\n<li class=\"wixui-rich-text__text\">\n<p class=\"font_8 wixui-rich-text__text\">Existen documentos PDF con problemas de accesibilidad<\/p>\n<\/li>\n<li class=\"wixui-rich-text__text\">\n<p class=\"font_8 wixui-rich-text__text\">En el portal pueden existir contenidos en otros idiomas en los que no est\u00e1 etiquetado correctamente el cambio de idioma<\/p>\n<\/li>\n<\/ul>\n<ul class=\"font_8 wixui-rich-text__text\">\n<li class=\"wixui-rich-text__text\">\n<p class=\"font_8 wixui-rich-text__text\">Carga desproporcionada:<\/p>\n<\/li>\n<\/ul>\n<p class=\"font_8 wixui-rich-text__text\">&nbsp; &nbsp; &nbsp; &nbsp; &nbsp; No aplica.<\/p>\n<p class=\"font_8 wixui-rich-text__text\">\n<\/p><p class=\"font_8 wixui-rich-text__text\">\n<\/p><h3 class=\"font_8 wixui-rich-text__text\">PREPARACI\u00d3N DE LA PRESENTE DECLARACI\u00d3N DE ACCESIBILIDAD<\/h3>\n<p class=\"font_8 wixui-rich-text__text\"><span class=\"wixGuard wixui-rich-text__text\"><\/span><\/p>\n<p class=\"font_8 wixui-rich-text__text\">La presente declaraci\u00f3n fue preparada el 14-06-2023<\/p>\n<p class=\"font_8 wixui-rich-text__text\">El m\u00e9todo empleado para la presente declaraci\u00f3n ha sido una autoevaluaci\u00f3n realizada por la propia Agencia con el soporte de la<span class=\"wixui-rich-text__text\"><a class=\"wixui-rich-text__text\" href=\"https:\/\/herramienta-ira.administracionelectronica.gob.es\/#!\/\" target=\"_blank\" rel=\"noreferrer noopener\">&nbsp;Herramienta IRA (Informe de Revisi\u00f3n de Accesibilidad)<\/a><\/span>&nbsp;del Observatorio de Accesibilidad.<\/p>\n<p class=\"font_8 wixui-rich-text__text\">\n<\/p><h3 class=\"font_8 wixui-rich-text__text\">OBSERVACIONES Y DATOS DE CONTACTO<\/h3>\n<p class=\"font_8 wixui-rich-text__text\"><span class=\"wixGuard wixui-rich-text__text\"><\/span><\/p>\n<p class=\"font_8 wixui-rich-text__text\">Comunicaciones sobre requisitos de accesibilidad<\/p>\n<p class=\"font_8 wixui-rich-text__text\">Puede realizar comunicaciones sobre requisitos de accesibilidad (art\u00edculo 10.2.a del RD 1112\/2018) como, por ejemplo:<\/p>\n<p class=\"font_8 wixui-rich-text__text\"><span class=\"wixGuard wixui-rich-text__text\"><\/span><\/p>\n<ul class=\"font_8 wixui-rich-text__text\">\n<li class=\"wixui-rich-text__text\">\n<p class=\"font_8 wixui-rich-text__text\">informar sobre cualquier posible incumplimiento por parte de este sitio web<\/p>\n<\/li>\n<li class=\"wixui-rich-text__text\">\n<p class=\"font_8 wixui-rich-text__text\">transmitir otras dificultades de acceso al contenido<\/p>\n<\/li>\n<li class=\"wixui-rich-text__text\">\n<p class=\"font_8 wixui-rich-text__text\">formular cualquier otra consulta o sugerencia de mejora relativa a la accesibilidad del sitio web<\/p>\n<\/li>\n<\/ul>\n<p class=\"font_8 wixui-rich-text__text\">a trav\u00e9s del &lt;poner link a formulario de la web&gt; &nbsp;formulario de contacto sobre requisitos de accesibilidad&nbsp;<\/p>\n<p class=\"font_8 wixui-rich-text__text\">Solicitudes de informaci\u00f3n accesible y quejas<\/p>\n<p class=\"font_8 wixui-rich-text__text\">A trav\u00e9s del &lt;poner link a formulario de la web&gt; formulario de solicitudes de informaci\u00f3n accesible y de quejas en materia de quejas de accesibilidad puede presentar:<\/p>\n<ul class=\"font_8 wixui-rich-text__text\">\n<li class=\"wixui-rich-text__text\">\n<p class=\"font_8 wixui-rich-text__text\">una Queja relativa al cumplimiento de los requisitos del RD 1112\/2018&nbsp;<\/p>\n<\/li>\n<li class=\"wixui-rich-text__text\">\n<p class=\"font_8 wixui-rich-text__text\">una Solicitud de Informaci\u00f3n accesible relativa a:<\/p>\n<\/li>\n<li class=\"wixui-rich-text__text\">\n<p class=\"font_8 wixui-rich-text__text\">contenidos que est\u00e1n excluidos del \u00e1mbito de aplicaci\u00f3n del RD 1112\/2018 seg\u00fan lo establecido por el art\u00edculo 3, apartado 4<\/p>\n<\/li>\n<li class=\"wixui-rich-text__text\">\n<p class=\"font_8 wixui-rich-text__text\">contenidos que est\u00e1n exentos del cumplimiento de los requisitos de accesibilidad por imponer una carga desproporcionada.<\/p>\n<\/li>\n<\/ul>\n<p class=\"font_8 wixui-rich-text__text\">En la Solicitud de informaci\u00f3n accesible, se debe concretar, con toda claridad, los hechos, razones y petici\u00f3n que permitan constatar que se trata de una solicitud razonable y leg\u00edtima.<\/p>\n<p class=\"font_8 wixui-rich-text__text\"><span class=\"wixui-rich-text__text\"><span class=\"wixGuard wixui-rich-text__text\"><\/span><\/span><\/p>\n<h3 class=\"font_8 wixui-rich-text__text\"><span class=\"wixui-rich-text__text\">PROCEDIMIENTO DE APLICACI\u00d3N<\/span><\/h3>\n<p class=\"font_8 wixui-rich-text__text\"><span class=\"wixui-rich-text__text\"><span class=\"wixGuard wixui-rich-text__text\"><\/span><\/span><\/p>\n<p class=\"font_8 wixui-rich-text__text\">Si una vez realizada una solicitud de informaci\u00f3n accesible o queja, \u00e9sta hubiera sido desestimada, no se estuviera de acuerdo con la decisi\u00f3n adoptada, o la respuesta no cumpliera los requisitos contemplados en el art\u00edculo 12.5 del RD 1112\/2018, la persona interesada podr\u00e1 iniciar una reclamaci\u00f3n. Igualmente se podr\u00e1 iniciar una reclamaci\u00f3n en el caso de no haber obtenido respuesta.<\/p>\n<p class=\"font_8 wixui-rich-text__text\">El procedimiento reclamaci\u00f3n recogido en el art\u00edculo 13 del RD 1112\/2018, puede iniciarse a trav\u00e9s de&nbsp;<span class=\"wixui-rich-text__text\"><a class=\"wixui-rich-text__text\" href=\"https:\/\/sedeagpd.gob.es\/sede-electronica-web\/vistas\/formProcedimientoEntrada\/procedimientoEntradaAmpliado.jsf\" target=\"_blank\" rel=\"noreferrer noopener\">este enlace<\/a><\/span>.<\/p>\n<p class=\"font_8 wixui-rich-text__text\">\n<\/p><h3 class=\"font_8 wixui-rich-text__text\">CONTENIDO OPCIONAL<\/h3>\n<p class=\"font_8 wixui-rich-text__text\">El sitio web:<\/p>\n<ul class=\"font_8 wixui-rich-text__text\">\n<li class=\"wixui-rich-text__text\">\n<p class=\"font_8 wixui-rich-text__text\">se ha dise\u00f1ado adapt\u00e1ndose a los est\u00e1ndares y normativas vigentes en relaci\u00f3n a la accesibilidad, cumpliendo con los puntos de verificaci\u00f3n de prioridad 2 (AA) definidos en la especificaci\u00f3n de Pautas de Accesibilidad al Contenido en la Web (WCAG 2.1)<\/p>\n<\/li>\n<li class=\"wixui-rich-text__text\">\n<p class=\"font_8 wixui-rich-text__text\">est\u00e1 optimizado para las \u00faltimas versiones vigentes de Chrome, Edge, Firefox, Safari y Opera<\/p>\n<\/li>\n<li class=\"wixui-rich-text__text\">\n<p class=\"font_8 wixui-rich-text__text\">est\u00e1 dise\u00f1ado para su correcta visualizaci\u00f3n en cualquier resoluci\u00f3n y dispositivo de escritorio, tabletas o m\u00f3viles (dise\u00f1o responsive)<\/p>\n<\/li>\n<li class=\"wixui-rich-text__text\">\n<p class=\"font_8 wixui-rich-text__text\">se ha realizado utilizando HTML5 como lenguaje de marcado y hojas de estilo CSS 3 para su dise\u00f1o<\/p>\n<\/li>\n<\/ul>\n<p class=\"font_8 wixui-rich-text__text\">Adem\u00e1s, se realiza un trabajo continuo de auditor\u00eda y revisi\u00f3n de contenidos para facilitar su interpretaci\u00f3n y mejorar la navegaci\u00f3n por el portal web.<\/p>\n<p class=\"font_8 wixui-rich-text__text\"><span class=\"wixGuard wixui-rich-text__text\"><\/span><\/p>\t\t\t\t\t\t\t\t<\/div>\n\t\t\t\t<\/div>\n\t\t\t\t\t<\/div>\n\t\t<\/div>\n\t\t\t\t\t<\/div>\n\t\t<\/section>\n\t\t\t\t<\/div>","protected":false},"excerpt":{"rendered":"<p>Asociaci\u00f3n Vertidos Cero se ha comprometido a hacer accesibles sus sitios web de conformidad con el Real Decreto 1112\/2018, de 7 de septiembre, sobre accesibilidad de los sitios web y aplicaciones para dispositivos m\u00f3viles del sector p\u00fablico. SITUACI\u00d3N DE CUMPLIMIENTO Este sitio web es parcialmente conforme con el &nbsp;RD 1112\/2018&nbsp; debido a las excepciones y [&hellip;]<\/p>\n","protected":false},"author":1,"featured_media":0,"parent":0,"menu_order":0,"comment_status":"closed","ping_status":"closed","template":"","meta":{"_monsterinsights_skip_tracking":false,"_monsterinsights_sitenote_active":false,"_monsterinsights_sitenote_note":"","_monsterinsights_sitenote_category":0,"site-sidebar-layout":"no-sidebar","site-content-layout":"page-builder","ast-site-content-layout":"default","site-content-style":"default","site-sidebar-style":"default","ast-global-header-display":"","ast-banner-title-visibility":"","ast-main-header-display":"","ast-hfb-above-header-display":"","ast-hfb-below-header-display":"","ast-hfb-mobile-header-display":"","site-post-title":"disabled","ast-breadcrumbs-content":"","ast-featured-img":"disabled","footer-sml-layout":"","ast-disable-related-posts":"","theme-transparent-header-meta":"","adv-header-id-meta":"","stick-header-meta":"","header-above-stick-meta":"","header-main-stick-meta":"","header-below-stick-meta":"","astra-migrate-meta-layouts":"default","ast-page-background-enabled":"default","ast-page-background-meta":{"desktop":{"background-color":"var(--ast-global-color-4)","background-image":"","background-repeat":"repeat","background-position":"center center","background-size":"auto","background-attachment":"scroll","background-type":"","background-media":"","overlay-type":"","overlay-color":"","overlay-opacity":"","overlay-gradient":""},"tablet":{"background-color":"","background-image":"","background-repeat":"repeat","background-position":"center center","background-size":"auto","background-attachment":"scroll","background-type":"","background-media":"","overlay-type":"","overlay-color":"","overlay-opacity":"","overlay-gradient":""},"mobile":{"background-color":"","background-image":"","background-repeat":"repeat","background-position":"center center","background-size":"auto","background-attachment":"scroll","background-type":"","background-media":"","overlay-type":"","overlay-color":"","overlay-opacity":"","overlay-gradient":""}},"ast-content-background-meta":{"desktop":{"background-color":"var(--ast-global-color-5)","background-image":"","background-repeat":"repeat","background-position":"center center","background-size":"auto","background-attachment":"scroll","background-type":"","background-media":"","overlay-type":"","overlay-color":"","overlay-opacity":"","overlay-gradient":""},"tablet":{"background-color":"var(--ast-global-color-5)","background-image":"","background-repeat":"repeat","background-position":"center center","background-size":"auto","background-attachment":"scroll","background-type":"","background-media":"","overlay-type":"","overlay-color":"","overlay-opacity":"","overlay-gradient":""},"mobile":{"background-color":"var(--ast-global-color-5)","background-image":"","background-repeat":"repeat","background-position":"center center","background-size":"auto","background-attachment":"scroll","background-type":"","background-media":"","overlay-type":"","overlay-color":"","overlay-opacity":"","overlay-gradient":""}},"footnotes":""},"class_list":["post-8109","page","type-page","status-publish","hentry"],"yoast_head":"<!-- This site is optimized with the Yoast SEO plugin v27.3 - https:\/\/yoast.com\/product\/yoast-seo-wordpress\/ -->\n<title>Declaraci\u00f3n de accesibilidad - Asociaci\u00f3n Vertidos Cero<\/title>\n<meta name=\"robots\" content=\"index, follow, max-snippet:-1, max-image-preview:large, max-video-preview:-1\" \/>\n<link rel=\"canonical\" href=\"https:\/\/vertidoscero.com\/en\/declaracion-accesibilidad\/\" \/>\n<meta property=\"og:locale\" content=\"en_GB\" \/>\n<meta property=\"og:type\" content=\"article\" \/>\n<meta property=\"og:title\" content=\"Declaraci\u00f3n de accesibilidad - Asociaci\u00f3n Vertidos Cero\" \/>\n<meta property=\"og:description\" content=\"Asociaci\u00f3n Vertidos Cero se ha comprometido a hacer accesibles sus sitios web de conformidad con el Real Decreto 1112\/2018, de 7 de septiembre, sobre accesibilidad de los sitios web y aplicaciones para dispositivos m\u00f3viles del sector p\u00fablico. SITUACI\u00d3N DE CUMPLIMIENTO Este sitio web es parcialmente conforme con el &nbsp;RD 1112\/2018&nbsp; debido a las excepciones y [&hellip;]\" \/>\n<meta property=\"og:url\" content=\"https:\/\/vertidoscero.com\/en\/declaracion-accesibilidad\/\" \/>\n<meta property=\"og:site_name\" content=\"Asociaci\u00f3n Vertidos Cero\" \/>\n<meta property=\"article:modified_time\" content=\"2023-06-14T13:48:58+00:00\" \/>\n<meta name=\"twitter:card\" content=\"summary_large_image\" \/>\n<meta name=\"twitter:label1\" content=\"Estimated reading time\" \/>\n\t<meta name=\"twitter:data1\" content=\"3 minutes\" \/>\n<script type=\"application\/ld+json\" class=\"yoast-schema-graph\">{\"@context\":\"https:\\\/\\\/schema.org\",\"@graph\":[{\"@type\":\"WebPage\",\"@id\":\"https:\\\/\\\/vertidoscero.com\\\/declaracion-accesibilidad\\\/\",\"url\":\"https:\\\/\\\/vertidoscero.com\\\/declaracion-accesibilidad\\\/\",\"name\":\"Declaraci\u00f3n de accesibilidad - Asociaci\u00f3n Vertidos Cero\",\"isPartOf\":{\"@id\":\"https:\\\/\\\/vertidoscero.com\\\/#website\"},\"datePublished\":\"2023-06-14T12:29:22+00:00\",\"dateModified\":\"2023-06-14T13:48:58+00:00\",\"breadcrumb\":{\"@id\":\"https:\\\/\\\/vertidoscero.com\\\/declaracion-accesibilidad\\\/#breadcrumb\"},\"inLanguage\":\"en-GB\",\"potentialAction\":[{\"@type\":\"ReadAction\",\"target\":[\"https:\\\/\\\/vertidoscero.com\\\/declaracion-accesibilidad\\\/\"]}]},{\"@type\":\"BreadcrumbList\",\"@id\":\"https:\\\/\\\/vertidoscero.com\\\/declaracion-accesibilidad\\\/#breadcrumb\",\"itemListElement\":[{\"@type\":\"ListItem\",\"position\":1,\"name\":\"Portada\",\"item\":\"https:\\\/\\\/vertidoscero.com\\\/\"},{\"@type\":\"ListItem\",\"position\":2,\"name\":\"Declaraci\u00f3n de accesibilidad\"}]},{\"@type\":\"WebSite\",\"@id\":\"https:\\\/\\\/vertidoscero.com\\\/#website\",\"url\":\"https:\\\/\\\/vertidoscero.com\\\/\",\"name\":\"Asociaci\u00f3n Vertidos Cero\",\"description\":\"Asociaci\u00f3n Vertidos Cero para la prevenci\u00f3n, minimizaci\u00f3n y eliminaci\u00f3n de los vertidos\",\"publisher\":{\"@id\":\"https:\\\/\\\/vertidoscero.com\\\/#organization\"},\"potentialAction\":[{\"@type\":\"SearchAction\",\"target\":{\"@type\":\"EntryPoint\",\"urlTemplate\":\"https:\\\/\\\/vertidoscero.com\\\/?s={search_term_string}\"},\"query-input\":{\"@type\":\"PropertyValueSpecification\",\"valueRequired\":true,\"valueName\":\"search_term_string\"}}],\"inLanguage\":\"en-GB\"},{\"@type\":\"Organization\",\"@id\":\"https:\\\/\\\/vertidoscero.com\\\/#organization\",\"name\":\"Asociaci\u00f3n Vertidos Cero\",\"url\":\"https:\\\/\\\/vertidoscero.com\\\/\",\"logo\":{\"@type\":\"ImageObject\",\"inLanguage\":\"en-GB\",\"@id\":\"https:\\\/\\\/vertidoscero.com\\\/#\\\/schema\\\/logo\\\/image\\\/\",\"url\":\"https:\\\/\\\/vertidoscero.com\\\/wp-content\\\/uploads\\\/2023\\\/05\\\/cropped-Recurso-12.png\",\"contentUrl\":\"https:\\\/\\\/vertidoscero.com\\\/wp-content\\\/uploads\\\/2023\\\/05\\\/cropped-Recurso-12.png\",\"width\":1070,\"height\":1108,\"caption\":\"Asociaci\u00f3n Vertidos Cero\"},\"image\":{\"@id\":\"https:\\\/\\\/vertidoscero.com\\\/#\\\/schema\\\/logo\\\/image\\\/\"}}]}<\/script>\n<!-- \/ Yoast SEO plugin. -->","yoast_head_json":{"title":"Declaraci\u00f3n de accesibilidad - Asociaci\u00f3n Vertidos Cero","robots":{"index":"index","follow":"follow","max-snippet":"max-snippet:-1","max-image-preview":"max-image-preview:large","max-video-preview":"max-video-preview:-1"},"canonical":"https:\/\/vertidoscero.com\/en\/declaracion-accesibilidad\/","og_locale":"en_GB","og_type":"article","og_title":"Declaraci\u00f3n de accesibilidad - Asociaci\u00f3n Vertidos Cero","og_description":"Asociaci\u00f3n Vertidos Cero se ha comprometido a hacer accesibles sus sitios web de conformidad con el Real Decreto 1112\/2018, de 7 de septiembre, sobre accesibilidad de los sitios web y aplicaciones para dispositivos m\u00f3viles del sector p\u00fablico. SITUACI\u00d3N DE CUMPLIMIENTO Este sitio web es parcialmente conforme con el &nbsp;RD 1112\/2018&nbsp; debido a las excepciones y [&hellip;]","og_url":"https:\/\/vertidoscero.com\/en\/declaracion-accesibilidad\/","og_site_name":"Asociaci\u00f3n Vertidos Cero","article_modified_time":"2023-06-14T13:48:58+00:00","twitter_card":"summary_large_image","twitter_misc":{"Estimated reading time":"3 minutes"},"schema":{"@context":"https:\/\/schema.org","@graph":[{"@type":"WebPage","@id":"https:\/\/vertidoscero.com\/declaracion-accesibilidad\/","url":"https:\/\/vertidoscero.com\/declaracion-accesibilidad\/","name":"Declaraci\u00f3n de accesibilidad - Asociaci\u00f3n Vertidos Cero","isPartOf":{"@id":"https:\/\/vertidoscero.com\/#website"},"datePublished":"2023-06-14T12:29:22+00:00","dateModified":"2023-06-14T13:48:58+00:00","breadcrumb":{"@id":"https:\/\/vertidoscero.com\/declaracion-accesibilidad\/#breadcrumb"},"inLanguage":"en-GB","potentialAction":[{"@type":"ReadAction","target":["https:\/\/vertidoscero.com\/declaracion-accesibilidad\/"]}]},{"@type":"BreadcrumbList","@id":"https:\/\/vertidoscero.com\/declaracion-accesibilidad\/#breadcrumb","itemListElement":[{"@type":"ListItem","position":1,"name":"Portada","item":"https:\/\/vertidoscero.com\/"},{"@type":"ListItem","position":2,"name":"Declaraci\u00f3n de accesibilidad"}]},{"@type":"WebSite","@id":"https:\/\/vertidoscero.com\/#website","url":"https:\/\/vertidoscero.com\/","name":"Asociaci\u00f3n Vertidos Cero","description":"Asociaci\u00f3n Vertidos Cero para la prevenci\u00f3n, minimizaci\u00f3n y eliminaci\u00f3n de los vertidos","publisher":{"@id":"https:\/\/vertidoscero.com\/#organization"},"potentialAction":[{"@type":"SearchAction","target":{"@type":"EntryPoint","urlTemplate":"https:\/\/vertidoscero.com\/?s={search_term_string}"},"query-input":{"@type":"PropertyValueSpecification","valueRequired":true,"valueName":"search_term_string"}}],"inLanguage":"en-GB"},{"@type":"Organization","@id":"https:\/\/vertidoscero.com\/#organization","name":"Asociaci\u00f3n Vertidos Cero","url":"https:\/\/vertidoscero.com\/","logo":{"@type":"ImageObject","inLanguage":"en-GB","@id":"https:\/\/vertidoscero.com\/#\/schema\/logo\/image\/","url":"https:\/\/vertidoscero.com\/wp-content\/uploads\/2023\/05\/cropped-Recurso-12.png","contentUrl":"https:\/\/vertidoscero.com\/wp-content\/uploads\/2023\/05\/cropped-Recurso-12.png","width":1070,"height":1108,"caption":"Asociaci\u00f3n Vertidos Cero"},"image":{"@id":"https:\/\/vertidoscero.com\/#\/schema\/logo\/image\/"}}]}},"rttpg_featured_image_url":null,"rttpg_author":{"display_name":"admin3617","author_link":"https:\/\/vertidoscero.com\/en\/author\/admin3617\/"},"rttpg_comment":0,"rttpg_category":null,"rttpg_excerpt":"Asociaci\u00f3n Vertidos Cero se ha comprometido a hacer accesibles sus sitios web de conformidad con el Real Decreto 1112\/2018, de 7 de septiembre, sobre accesibilidad de los sitios web y aplicaciones para dispositivos m\u00f3viles del sector p\u00fablico. SITUACI\u00d3N DE CUMPLIMIENTO Este sitio web es parcialmente conforme con el &nbsp;RD 1112\/2018&nbsp; debido a las excepciones y&hellip;","_links":{"self":[{"href":"https:\/\/vertidoscero.com\/en\/wp-json\/wp\/v2\/pages\/8109","targetHints":{"allow":["GET"]}}],"collection":[{"href":"https:\/\/vertidoscero.com\/en\/wp-json\/wp\/v2\/pages"}],"about":[{"href":"https:\/\/vertidoscero.com\/en\/wp-json\/wp\/v2\/types\/page"}],"author":[{"embeddable":true,"href":"https:\/\/vertidoscero.com\/en\/wp-json\/wp\/v2\/users\/1"}],"replies":[{"embeddable":true,"href":"https:\/\/vertidoscero.com\/en\/wp-json\/wp\/v2\/comments?post=8109"}],"version-history":[{"count":0,"href":"https:\/\/vertidoscero.com\/en\/wp-json\/wp\/v2\/pages\/8109\/revisions"}],"wp:attachment":[{"href":"https:\/\/vertidoscero.com\/en\/wp-json\/wp\/v2\/media?parent=8109"}],"curies":[{"name":"wp","href":"https:\/\/api.w.org\/{rel}","templated":true}]}}