{"id":849,"date":"2019-04-29T09:34:42","date_gmt":"2019-04-29T09:34:42","guid":{"rendered":"https:\/\/vertidoscero.com\/?page_id=849"},"modified":"2024-02-19T12:10:43","modified_gmt":"2024-02-19T12:10:43","slug":"oceanets","status":"publish","type":"page","link":"https:\/\/vertidoscero.com\/en\/proyectos\/oceanets\/","title":{"rendered":"Oceanets"},"content":{"rendered":"<div data-elementor-type=\"wp-page\" data-elementor-id=\"849\" class=\"elementor elementor-849\" data-elementor-post-type=\"page\">\n\t\t\t\t\t\t<section class=\"elementor-section elementor-top-section elementor-element elementor-element-439a684a elementor-section-height-min-height elementor-section-content-middle elementor-section-boxed elementor-section-height-default elementor-section-items-middle\" data-id=\"439a684a\" data-element_type=\"section\" data-e-type=\"section\" data-settings=\"{&quot;background_background&quot;:&quot;classic&quot;}\">\n\t\t\t\t\t\t\t<div class=\"elementor-background-overlay\"><\/div>\n\t\t\t\t\t\t\t<div class=\"elementor-container elementor-column-gap-default\">\n\t\t\t\t\t<div class=\"elementor-column elementor-col-100 elementor-top-column elementor-element elementor-element-1bbe029f\" data-id=\"1bbe029f\" data-element_type=\"column\" data-e-type=\"column\">\n\t\t\t<div class=\"elementor-widget-wrap elementor-element-populated\">\n\t\t\t\t\t\t<div class=\"elementor-element elementor-element-e28e763 elementor-invisible elementor-widget elementor-widget-text-editor\" data-id=\"e28e763\" data-element_type=\"widget\" data-e-type=\"widget\" data-settings=\"{&quot;_animation&quot;:&quot;fadeInDown&quot;}\" data-widget_type=\"text-editor.default\">\n\t\t\t\t<div class=\"elementor-widget-container\">\n\t\t\t\t\t\t\t\t\t<p style=\"text-align: left;\">PROYECTOS VERTIDOS CERO<\/p>\t\t\t\t\t\t\t\t<\/div>\n\t\t\t\t<\/div>\n\t\t\t\t<div class=\"elementor-element elementor-element-3de59bc2 elementor-widget elementor-widget-heading\" data-id=\"3de59bc2\" data-element_type=\"widget\" data-e-type=\"widget\" data-widget_type=\"heading.default\">\n\t\t\t\t<div class=\"elementor-widget-container\">\n\t\t\t\t\t<h1 class=\"elementor-heading-title elementor-size-default\">ANTERIORES<\/h1>\t\t\t\t<\/div>\n\t\t\t\t<\/div>\n\t\t\t\t\t<\/div>\n\t\t<\/div>\n\t\t\t\t\t<\/div>\n\t\t<\/section>\n\t\t\t\t<section class=\"elementor-section elementor-top-section elementor-element elementor-element-7d4097dc elementor-section-content-middle elementor-section-boxed elementor-section-height-default elementor-section-height-default\" data-id=\"7d4097dc\" data-element_type=\"section\" data-e-type=\"section\">\n\t\t\t\t\t\t<div class=\"elementor-container elementor-column-gap-no\">\n\t\t\t\t\t<div class=\"elementor-column elementor-col-50 elementor-top-column elementor-element elementor-element-27163217\" data-id=\"27163217\" data-element_type=\"column\" data-e-type=\"column\">\n\t\t\t<div class=\"elementor-widget-wrap elementor-element-populated\">\n\t\t\t\t\t\t<div class=\"elementor-element elementor-element-409ba3d3 elementor-widget elementor-widget-image\" data-id=\"409ba3d3\" data-element_type=\"widget\" data-e-type=\"widget\" data-widget_type=\"image.default\">\n\t\t\t\t<div class=\"elementor-widget-container\">\n\t\t\t\t\t\t\t\t\t\t\t\t\t\t\t<img fetchpriority=\"high\" decoding=\"async\" width=\"2560\" height=\"1707\" src=\"https:\/\/vertidoscero.com\/wp-content\/uploads\/2021\/03\/oceanets_materiales3-scaled.jpg\" class=\"attachment-full size-full wp-image-1549\" alt=\"\" srcset=\"https:\/\/vertidoscero.com\/wp-content\/uploads\/2021\/03\/oceanets_materiales3-scaled.jpg 2560w, https:\/\/vertidoscero.com\/wp-content\/uploads\/2021\/03\/oceanets_materiales3-300x200.jpg 300w, https:\/\/vertidoscero.com\/wp-content\/uploads\/2021\/03\/oceanets_materiales3-1024x683.jpg 1024w, https:\/\/vertidoscero.com\/wp-content\/uploads\/2021\/03\/oceanets_materiales3-768x512.jpg 768w, https:\/\/vertidoscero.com\/wp-content\/uploads\/2021\/03\/oceanets_materiales3-1536x1024.jpg 1536w, https:\/\/vertidoscero.com\/wp-content\/uploads\/2021\/03\/oceanets_materiales3-2048x1365.jpg 2048w, https:\/\/vertidoscero.com\/wp-content\/uploads\/2021\/03\/oceanets_materiales3-150x100.jpg 150w\" sizes=\"(max-width: 2560px) 100vw, 2560px\" \/>\t\t\t\t\t\t\t\t\t\t\t\t\t\t\t<\/div>\n\t\t\t\t<\/div>\n\t\t\t\t\t<\/div>\n\t\t<\/div>\n\t\t\t\t<div class=\"elementor-column elementor-col-50 elementor-top-column elementor-element elementor-element-542eac29\" data-id=\"542eac29\" data-element_type=\"column\" data-e-type=\"column\">\n\t\t\t<div class=\"elementor-widget-wrap elementor-element-populated\">\n\t\t\t\t\t\t<div class=\"elementor-element elementor-element-d695db8 elementor-align-right elementor-widget elementor-widget-button\" data-id=\"d695db8\" data-element_type=\"widget\" data-e-type=\"widget\" data-widget_type=\"button.default\">\n\t\t\t\t<div class=\"elementor-widget-container\">\n\t\t\t\t\t\t\t\t\t<div class=\"elementor-button-wrapper\">\n\t\t\t\t\t<a class=\"elementor-button elementor-button-link elementor-size-sm\" href=\"https:\/\/oceanets.vertidoscero.com\/\" target=\"_blank\">\n\t\t\t\t\t\t<span class=\"elementor-button-content-wrapper\">\n\t\t\t\t\t\t\t\t\t<span class=\"elementor-button-text\">Acceso a la herramienta<\/span>\n\t\t\t\t\t<\/span>\n\t\t\t\t\t<\/a>\n\t\t\t\t<\/div>\n\t\t\t\t\t\t\t\t<\/div>\n\t\t\t\t<\/div>\n\t\t\t\t<div class=\"elementor-element elementor-element-14214e0e elementor-widget elementor-widget-heading\" data-id=\"14214e0e\" data-element_type=\"widget\" data-e-type=\"widget\" data-widget_type=\"heading.default\">\n\t\t\t\t<div class=\"elementor-widget-container\">\n\t\t\t\t\t<h4 class=\"elementor-heading-title elementor-size-default\">OCEANETS<\/h4>\t\t\t\t<\/div>\n\t\t\t\t<\/div>\n\t\t\t\t<div class=\"elementor-element elementor-element-bcc6df4 elementor-widget elementor-widget-text-editor\" data-id=\"bcc6df4\" data-element_type=\"widget\" data-e-type=\"widget\" data-widget_type=\"text-editor.default\">\n\t\t\t\t<div class=\"elementor-widget-container\">\n\t\t\t\t\t\t\t\t\t<p><a href=\"http:\/\/oceanets.eu\/\" target=\"_blank\" rel=\"noopener noreferrer\">Oceanets<\/a>\u00a0es un proyecto de prevenci\u00f3n, recuperaci\u00f3n, reutilizaci\u00f3n y reciclaje de artes de pesca para obtener productos de valor a\u00f1adido en la industria textil.<\/p>\n<p>Surge de la necesidad de prevenir la p\u00e9rdida de los aparejos de pesca en el mar que, adem\u00e1s de la consiguiente p\u00e9rdida econ\u00f3mica, supone un impacto ambiental negativo por la producci\u00f3n de residuos pl\u00e1sticos y la pesca fantasma. Igualmente, <a class=\"_58cn\" href=\"http:\/\/oceanets.eu\/\" target=\"_blank\" rel=\"noopener noreferrer\" data-ft=\"{&quot;type&quot;:104,&quot;tn&quot;:&quot;*N&quot;}\"><span class=\"_5afx\"><span class=\"_58cm\">Oceanets<\/span><\/span><\/a>\u00a0pretende poner en valor las redes de pesca da\u00f1adas que\u00a0<span class=\"text_exposed_show\">no se puedan reparar para contribuir al reciclado de estos residuos generando un potencial beneficio econ\u00f3mico.<\/span><\/p>\n<p>Oceanets un proyecto coordinado por\u00a0<a href=\"https:\/\/www.aimplas.es\/\" target=\"_blank\" rel=\"noopener noreferrer\">AIMPLAS<\/a>\u00a0en colaboraci\u00f3n con la\u00a0<a href=\"https:\/\/www.uvigo.gal\/\" target=\"_blank\" rel=\"noopener noreferrer\">Universidad de Vigo<\/a>, la\u00a0<a href=\"http:\/\/www.arvi.org\/\" target=\"_blank\" rel=\"noopener noreferrer\">Cooperativa de Armadores de Pesca del Puerto de Vigo (<\/a><a href=\"http:\/\/www.arvi.org\/\" target=\"_blank\" rel=\"noopener noreferrer\">ARVI<\/a><a href=\"http:\/\/www.arvi.org\/\" target=\"_blank\" rel=\"noopener noreferrer\">)<\/a>,\u00a0\u00a0<a href=\"https:\/\/ecoalf.com\/\" target=\"_blank\" rel=\"noopener noreferrer\">ECOALF,<\/a>\u00a0<a href=\"http:\/\/www.sintex.cz\/en\/\" target=\"_blank\" rel=\"noopener noreferrer\">SINTEX<\/a>\u00a0y\u00a0<a href=\"https:\/\/vertidoscero.com\/en\/\" target=\"_blank\" rel=\"noopener noreferrer\">Asociaci\u00f3n Vertidos Cero<\/a>\u00a0financiado por la Agencia Ejecutiva de la Peque\u00f1a y Mediana Empresa de la Comisi\u00f3n Europea y los Fondos Europeos Mar\u00edtimos y Pesqueros (EASME).<\/p>\t\t\t\t\t\t\t\t<\/div>\n\t\t\t\t<\/div>\n\t\t\t\t\t<\/div>\n\t\t<\/div>\n\t\t\t\t\t<\/div>\n\t\t<\/section>\n\t\t\t\t<section class=\"elementor-section elementor-top-section elementor-element elementor-element-bd9b8fb elementor-section-boxed elementor-section-height-default elementor-section-height-default\" data-id=\"bd9b8fb\" data-element_type=\"section\" data-e-type=\"section\">\n\t\t\t\t\t\t<div class=\"elementor-container elementor-column-gap-default\">\n\t\t\t\t\t<div class=\"elementor-column elementor-col-100 elementor-top-column elementor-element elementor-element-fb7002a\" data-id=\"fb7002a\" data-element_type=\"column\" data-e-type=\"column\">\n\t\t\t<div class=\"elementor-widget-wrap\">\n\t\t\t\t\t\t\t<\/div>\n\t\t<\/div>\n\t\t\t\t\t<\/div>\n\t\t<\/section>\n\t\t\t\t<section class=\"elementor-section elementor-top-section elementor-element elementor-element-5a145d2 elementor-section-content-middle elementor-section-boxed elementor-section-height-default elementor-section-height-default\" data-id=\"5a145d2\" data-element_type=\"section\" data-e-type=\"section\">\n\t\t\t\t\t\t<div class=\"elementor-container elementor-column-gap-no\">\n\t\t\t\t\t<div class=\"elementor-column elementor-col-50 elementor-top-column elementor-element elementor-element-308971d\" data-id=\"308971d\" data-element_type=\"column\" data-e-type=\"column\">\n\t\t\t<div class=\"elementor-widget-wrap elementor-element-populated\">\n\t\t\t\t\t\t<div class=\"elementor-element elementor-element-cc98ceb elementor-widget elementor-widget-text-editor\" data-id=\"cc98ceb\" data-element_type=\"widget\" data-e-type=\"widget\" data-widget_type=\"text-editor.default\">\n\t\t\t\t<div class=\"elementor-widget-container\">\n\t\t\t\t\t\t\t\t\t<p>En el marco del proyecto,\u00a0<a href=\"https:\/\/vertidoscero.com\/en\/\" target=\"_blank\" rel=\"noreferrer noopener\">Vertidos Cero<\/a>\u00a0ha desarrollado una herramienta inform\u00e1tica que permite al sector pesquero crear una base de datos com\u00fan y colaborativa de puntos donde se encuentren obst\u00e1culos (rocas, pecios, contenedores, aparejos extraviados\u2026) que puedan provocar enganches del aparejo. El objetivo es reducir los enganches y por tanto las p\u00e9rdidas parciales o totales del aparejo\u00a0que dan lugar al incremento de las basuras marinas y la pesca fantasma.<\/p>\t\t\t\t\t\t\t\t<\/div>\n\t\t\t\t<\/div>\n\t\t\t\t\t<\/div>\n\t\t<\/div>\n\t\t\t\t<div class=\"elementor-column elementor-col-50 elementor-top-column elementor-element elementor-element-ef34b50\" data-id=\"ef34b50\" data-element_type=\"column\" data-e-type=\"column\">\n\t\t\t<div class=\"elementor-widget-wrap elementor-element-populated\">\n\t\t\t\t\t\t<div class=\"elementor-element elementor-element-319a170 elementor-widget elementor-widget-image\" data-id=\"319a170\" data-element_type=\"widget\" data-e-type=\"widget\" data-widget_type=\"image.default\">\n\t\t\t\t<div class=\"elementor-widget-container\">\n\t\t\t\t\t\t\t\t\t\t\t\t\t\t\t<img decoding=\"async\" width=\"800\" height=\"600\" src=\"https:\/\/vertidoscero.com\/wp-content\/uploads\/2019\/04\/etiqueta-144.jpg\" class=\"attachment-full size-full wp-image-850\" alt=\"\" srcset=\"https:\/\/vertidoscero.com\/wp-content\/uploads\/2019\/04\/etiqueta-144.jpg 800w, https:\/\/vertidoscero.com\/wp-content\/uploads\/2019\/04\/etiqueta-144-300x225.jpg 300w, https:\/\/vertidoscero.com\/wp-content\/uploads\/2019\/04\/etiqueta-144-768x576.jpg 768w, https:\/\/vertidoscero.com\/wp-content\/uploads\/2019\/04\/etiqueta-144-150x113.jpg 150w\" sizes=\"(max-width: 800px) 100vw, 800px\" \/>\t\t\t\t\t\t\t\t\t\t\t\t\t\t\t<\/div>\n\t\t\t\t<\/div>\n\t\t\t\t\t<\/div>\n\t\t<\/div>\n\t\t\t\t\t<\/div>\n\t\t<\/section>\n\t\t\t\t<\/div>","protected":false},"excerpt":{"rendered":"<p>PROYECTOS VERTIDOS CERO ANTERIORES Acceso a la herramienta OCEANETS Oceanets\u00a0es un proyecto de prevenci\u00f3n, recuperaci\u00f3n, reutilizaci\u00f3n y reciclaje de artes de pesca para obtener productos de valor a\u00f1adido en la industria textil. Surge de la necesidad de prevenir la p\u00e9rdida de los aparejos de pesca en el mar que, adem\u00e1s de la consiguiente p\u00e9rdida econ\u00f3mica, [&hellip;]<\/p>\n","protected":false},"author":1,"featured_media":850,"parent":39,"menu_order":0,"comment_status":"closed","ping_status":"closed","template":"","meta":{"_monsterinsights_skip_tracking":false,"_monsterinsights_sitenote_active":false,"_monsterinsights_sitenote_note":"","_monsterinsights_sitenote_category":0,"site-sidebar-layout":"default","site-content-layout":"","ast-site-content-layout":"default","site-content-style":"default","site-sidebar-style":"default","ast-global-header-display":"","ast-banner-title-visibility":"","ast-main-header-display":"","ast-hfb-above-header-display":"","ast-hfb-below-header-display":"","ast-hfb-mobile-header-display":"","site-post-title":"","ast-breadcrumbs-content":"","ast-featured-img":"","footer-sml-layout":"","ast-disable-related-posts":"","theme-transparent-header-meta":"","adv-header-id-meta":"","stick-header-meta":"","header-above-stick-meta":"","header-main-stick-meta":"","header-below-stick-meta":"","astra-migrate-meta-layouts":"default","ast-page-background-enabled":"default","ast-page-background-meta":{"desktop":{"background-color":"var(--ast-global-color-4)","background-image":"","background-repeat":"repeat","background-position":"center center","background-size":"auto","background-attachment":"scroll","background-type":"","background-media":"","overlay-type":"","overlay-color":"","overlay-opacity":"","overlay-gradient":""},"tablet":{"background-color":"","background-image":"","background-repeat":"repeat","background-position":"center center","background-size":"auto","background-attachment":"scroll","background-type":"","background-media":"","overlay-type":"","overlay-color":"","overlay-opacity":"","overlay-gradient":""},"mobile":{"background-color":"","background-image":"","background-repeat":"repeat","background-position":"center center","background-size":"auto","background-attachment":"scroll","background-type":"","background-media":"","overlay-type":"","overlay-color":"","overlay-opacity":"","overlay-gradient":""}},"ast-content-background-meta":{"desktop":{"background-color":"var(--ast-global-color-5)","background-image":"","background-repeat":"repeat","background-position":"center center","background-size":"auto","background-attachment":"scroll","background-type":"","background-media":"","overlay-type":"","overlay-color":"","overlay-opacity":"","overlay-gradient":""},"tablet":{"background-color":"var(--ast-global-color-5)","background-image":"","background-repeat":"repeat","background-position":"center center","background-size":"auto","background-attachment":"scroll","background-type":"","background-media":"","overlay-type":"","overlay-color":"","overlay-opacity":"","overlay-gradient":""},"mobile":{"background-color":"var(--ast-global-color-5)","background-image":"","background-repeat":"repeat","background-position":"center center","background-size":"auto","background-attachment":"scroll","background-type":"","background-media":"","overlay-type":"","overlay-color":"","overlay-opacity":"","overlay-gradient":""}},"footnotes":""},"class_list":["post-849","page","type-page","status-publish","has-post-thumbnail","hentry"],"yoast_head":"<!-- This site is optimized with the Yoast SEO plugin v27.5 - https:\/\/yoast.com\/product\/yoast-seo-wordpress\/ -->\n<title>Oceanets - Asociaci\u00f3n Vertidos Cero<\/title>\n<meta name=\"robots\" content=\"index, follow, max-snippet:-1, max-image-preview:large, max-video-preview:-1\" \/>\n<link rel=\"canonical\" href=\"https:\/\/vertidoscero.com\/en\/proyectos\/oceanets\/\" \/>\n<meta property=\"og:locale\" content=\"en_GB\" \/>\n<meta property=\"og:type\" content=\"article\" \/>\n<meta property=\"og:title\" content=\"Oceanets - Asociaci\u00f3n Vertidos Cero\" \/>\n<meta property=\"og:description\" content=\"PROYECTOS VERTIDOS CERO ANTERIORES Acceso a la herramienta OCEANETS Oceanets\u00a0es un proyecto de prevenci\u00f3n, recuperaci\u00f3n, reutilizaci\u00f3n y reciclaje de artes de pesca para obtener productos de valor a\u00f1adido en la industria textil. Surge de la necesidad de prevenir la p\u00e9rdida de los aparejos de pesca en el mar que, adem\u00e1s de la consiguiente p\u00e9rdida econ\u00f3mica, [&hellip;]\" \/>\n<meta property=\"og:url\" content=\"https:\/\/vertidoscero.com\/en\/proyectos\/oceanets\/\" \/>\n<meta property=\"og:site_name\" content=\"Asociaci\u00f3n Vertidos Cero\" \/>\n<meta property=\"article:modified_time\" content=\"2024-02-19T12:10:43+00:00\" \/>\n<meta property=\"og:image\" content=\"https:\/\/vertidoscero.com\/wp-content\/uploads\/2019\/04\/etiqueta-144.jpg\" \/>\n\t<meta property=\"og:image:width\" content=\"800\" \/>\n\t<meta property=\"og:image:height\" content=\"600\" \/>\n\t<meta property=\"og:image:type\" content=\"image\/jpeg\" \/>\n<meta name=\"twitter:card\" content=\"summary_large_image\" \/>\n<meta name=\"twitter:label1\" content=\"Estimated reading time\" \/>\n\t<meta name=\"twitter:data1\" content=\"2 minutes\" \/>\n<script type=\"application\/ld+json\" class=\"yoast-schema-graph\">{\"@context\":\"https:\\\/\\\/schema.org\",\"@graph\":[{\"@type\":\"WebPage\",\"@id\":\"https:\\\/\\\/vertidoscero.com\\\/proyectos\\\/oceanets\\\/\",\"url\":\"https:\\\/\\\/vertidoscero.com\\\/proyectos\\\/oceanets\\\/\",\"name\":\"Oceanets - Asociaci\u00f3n Vertidos Cero\",\"isPartOf\":{\"@id\":\"https:\\\/\\\/vertidoscero.com\\\/#website\"},\"primaryImageOfPage\":{\"@id\":\"https:\\\/\\\/vertidoscero.com\\\/proyectos\\\/oceanets\\\/#primaryimage\"},\"image\":{\"@id\":\"https:\\\/\\\/vertidoscero.com\\\/proyectos\\\/oceanets\\\/#primaryimage\"},\"thumbnailUrl\":\"https:\\\/\\\/vertidoscero.com\\\/wp-content\\\/uploads\\\/2019\\\/04\\\/etiqueta-144.jpg\",\"datePublished\":\"2019-04-29T09:34:42+00:00\",\"dateModified\":\"2024-02-19T12:10:43+00:00\",\"breadcrumb\":{\"@id\":\"https:\\\/\\\/vertidoscero.com\\\/proyectos\\\/oceanets\\\/#breadcrumb\"},\"inLanguage\":\"en-GB\",\"potentialAction\":[{\"@type\":\"ReadAction\",\"target\":[\"https:\\\/\\\/vertidoscero.com\\\/proyectos\\\/oceanets\\\/\"]}]},{\"@type\":\"ImageObject\",\"inLanguage\":\"en-GB\",\"@id\":\"https:\\\/\\\/vertidoscero.com\\\/proyectos\\\/oceanets\\\/#primaryimage\",\"url\":\"https:\\\/\\\/vertidoscero.com\\\/wp-content\\\/uploads\\\/2019\\\/04\\\/etiqueta-144.jpg\",\"contentUrl\":\"https:\\\/\\\/vertidoscero.com\\\/wp-content\\\/uploads\\\/2019\\\/04\\\/etiqueta-144.jpg\",\"width\":800,\"height\":600},{\"@type\":\"BreadcrumbList\",\"@id\":\"https:\\\/\\\/vertidoscero.com\\\/proyectos\\\/oceanets\\\/#breadcrumb\",\"itemListElement\":[{\"@type\":\"ListItem\",\"position\":1,\"name\":\"Portada\",\"item\":\"https:\\\/\\\/vertidoscero.com\\\/\"},{\"@type\":\"ListItem\",\"position\":2,\"name\":\"Proyectos\",\"item\":\"https:\\\/\\\/vertidoscero.com\\\/proyectos\\\/\"},{\"@type\":\"ListItem\",\"position\":3,\"name\":\"Oceanets\"}]},{\"@type\":\"WebSite\",\"@id\":\"https:\\\/\\\/vertidoscero.com\\\/#website\",\"url\":\"https:\\\/\\\/vertidoscero.com\\\/\",\"name\":\"Asociaci\u00f3n Vertidos Cero\",\"description\":\"Asociaci\u00f3n Vertidos Cero para la prevenci\u00f3n, minimizaci\u00f3n y eliminaci\u00f3n de los vertidos\",\"publisher\":{\"@id\":\"https:\\\/\\\/vertidoscero.com\\\/#organization\"},\"potentialAction\":[{\"@type\":\"SearchAction\",\"target\":{\"@type\":\"EntryPoint\",\"urlTemplate\":\"https:\\\/\\\/vertidoscero.com\\\/?s={search_term_string}\"},\"query-input\":{\"@type\":\"PropertyValueSpecification\",\"valueRequired\":true,\"valueName\":\"search_term_string\"}}],\"inLanguage\":\"en-GB\"},{\"@type\":\"Organization\",\"@id\":\"https:\\\/\\\/vertidoscero.com\\\/#organization\",\"name\":\"Asociaci\u00f3n Vertidos Cero\",\"url\":\"https:\\\/\\\/vertidoscero.com\\\/\",\"logo\":{\"@type\":\"ImageObject\",\"inLanguage\":\"en-GB\",\"@id\":\"https:\\\/\\\/vertidoscero.com\\\/#\\\/schema\\\/logo\\\/image\\\/\",\"url\":\"https:\\\/\\\/vertidoscero.com\\\/wp-content\\\/uploads\\\/2023\\\/05\\\/cropped-Recurso-12.png\",\"contentUrl\":\"https:\\\/\\\/vertidoscero.com\\\/wp-content\\\/uploads\\\/2023\\\/05\\\/cropped-Recurso-12.png\",\"width\":1070,\"height\":1108,\"caption\":\"Asociaci\u00f3n Vertidos Cero\"},\"image\":{\"@id\":\"https:\\\/\\\/vertidoscero.com\\\/#\\\/schema\\\/logo\\\/image\\\/\"}}]}<\/script>\n<!-- \/ Yoast SEO plugin. -->","yoast_head_json":{"title":"Oceanets - Asociaci\u00f3n Vertidos Cero","robots":{"index":"index","follow":"follow","max-snippet":"max-snippet:-1","max-image-preview":"max-image-preview:large","max-video-preview":"max-video-preview:-1"},"canonical":"https:\/\/vertidoscero.com\/en\/proyectos\/oceanets\/","og_locale":"en_GB","og_type":"article","og_title":"Oceanets - Asociaci\u00f3n Vertidos Cero","og_description":"PROYECTOS VERTIDOS CERO ANTERIORES Acceso a la herramienta OCEANETS Oceanets\u00a0es un proyecto de prevenci\u00f3n, recuperaci\u00f3n, reutilizaci\u00f3n y reciclaje de artes de pesca para obtener productos de valor a\u00f1adido en la industria textil. Surge de la necesidad de prevenir la p\u00e9rdida de los aparejos de pesca en el mar que, adem\u00e1s de la consiguiente p\u00e9rdida econ\u00f3mica, [&hellip;]","og_url":"https:\/\/vertidoscero.com\/en\/proyectos\/oceanets\/","og_site_name":"Asociaci\u00f3n Vertidos Cero","article_modified_time":"2024-02-19T12:10:43+00:00","og_image":[{"width":800,"height":600,"url":"https:\/\/vertidoscero.com\/wp-content\/uploads\/2019\/04\/etiqueta-144.jpg","type":"image\/jpeg"}],"twitter_card":"summary_large_image","twitter_misc":{"Estimated reading time":"2 minutes"},"schema":{"@context":"https:\/\/schema.org","@graph":[{"@type":"WebPage","@id":"https:\/\/vertidoscero.com\/proyectos\/oceanets\/","url":"https:\/\/vertidoscero.com\/proyectos\/oceanets\/","name":"Oceanets - Asociaci\u00f3n Vertidos Cero","isPartOf":{"@id":"https:\/\/vertidoscero.com\/#website"},"primaryImageOfPage":{"@id":"https:\/\/vertidoscero.com\/proyectos\/oceanets\/#primaryimage"},"image":{"@id":"https:\/\/vertidoscero.com\/proyectos\/oceanets\/#primaryimage"},"thumbnailUrl":"https:\/\/vertidoscero.com\/wp-content\/uploads\/2019\/04\/etiqueta-144.jpg","datePublished":"2019-04-29T09:34:42+00:00","dateModified":"2024-02-19T12:10:43+00:00","breadcrumb":{"@id":"https:\/\/vertidoscero.com\/proyectos\/oceanets\/#breadcrumb"},"inLanguage":"en-GB","potentialAction":[{"@type":"ReadAction","target":["https:\/\/vertidoscero.com\/proyectos\/oceanets\/"]}]},{"@type":"ImageObject","inLanguage":"en-GB","@id":"https:\/\/vertidoscero.com\/proyectos\/oceanets\/#primaryimage","url":"https:\/\/vertidoscero.com\/wp-content\/uploads\/2019\/04\/etiqueta-144.jpg","contentUrl":"https:\/\/vertidoscero.com\/wp-content\/uploads\/2019\/04\/etiqueta-144.jpg","width":800,"height":600},{"@type":"BreadcrumbList","@id":"https:\/\/vertidoscero.com\/proyectos\/oceanets\/#breadcrumb","itemListElement":[{"@type":"ListItem","position":1,"name":"Portada","item":"https:\/\/vertidoscero.com\/"},{"@type":"ListItem","position":2,"name":"Proyectos","item":"https:\/\/vertidoscero.com\/proyectos\/"},{"@type":"ListItem","position":3,"name":"Oceanets"}]},{"@type":"WebSite","@id":"https:\/\/vertidoscero.com\/#website","url":"https:\/\/vertidoscero.com\/","name":"Asociaci\u00f3n Vertidos Cero","description":"Asociaci\u00f3n Vertidos Cero para la prevenci\u00f3n, minimizaci\u00f3n y eliminaci\u00f3n de los vertidos","publisher":{"@id":"https:\/\/vertidoscero.com\/#organization"},"potentialAction":[{"@type":"SearchAction","target":{"@type":"EntryPoint","urlTemplate":"https:\/\/vertidoscero.com\/?s={search_term_string}"},"query-input":{"@type":"PropertyValueSpecification","valueRequired":true,"valueName":"search_term_string"}}],"inLanguage":"en-GB"},{"@type":"Organization","@id":"https:\/\/vertidoscero.com\/#organization","name":"Asociaci\u00f3n Vertidos Cero","url":"https:\/\/vertidoscero.com\/","logo":{"@type":"ImageObject","inLanguage":"en-GB","@id":"https:\/\/vertidoscero.com\/#\/schema\/logo\/image\/","url":"https:\/\/vertidoscero.com\/wp-content\/uploads\/2023\/05\/cropped-Recurso-12.png","contentUrl":"https:\/\/vertidoscero.com\/wp-content\/uploads\/2023\/05\/cropped-Recurso-12.png","width":1070,"height":1108,"caption":"Asociaci\u00f3n Vertidos Cero"},"image":{"@id":"https:\/\/vertidoscero.com\/#\/schema\/logo\/image\/"}}]}},"rttpg_featured_image_url":{"full":["https:\/\/vertidoscero.com\/wp-content\/uploads\/2019\/04\/etiqueta-144.jpg",800,600,false],"landscape":["https:\/\/vertidoscero.com\/wp-content\/uploads\/2019\/04\/etiqueta-144.jpg",800,600,false],"portraits":["https:\/\/vertidoscero.com\/wp-content\/uploads\/2019\/04\/etiqueta-144.jpg",800,600,false],"thumbnail":["https:\/\/vertidoscero.com\/wp-content\/uploads\/2019\/04\/etiqueta-144-150x150.jpg",150,150,true],"medium":["https:\/\/vertidoscero.com\/wp-content\/uploads\/2019\/04\/etiqueta-144-300x225.jpg",300,225,true],"large":["https:\/\/vertidoscero.com\/wp-content\/uploads\/2019\/04\/etiqueta-144.jpg",800,600,false],"1536x1536":["https:\/\/vertidoscero.com\/wp-content\/uploads\/2019\/04\/etiqueta-144.jpg",800,600,false],"2048x2048":["https:\/\/vertidoscero.com\/wp-content\/uploads\/2019\/04\/etiqueta-144.jpg",800,600,false],"trp-custom-language-flag":["https:\/\/vertidoscero.com\/wp-content\/uploads\/2019\/04\/etiqueta-144.jpg",16,12,false]},"rttpg_author":{"display_name":"admin3617","author_link":"https:\/\/vertidoscero.com\/en\/author\/admin3617\/"},"rttpg_comment":0,"rttpg_category":null,"rttpg_excerpt":"PROYECTOS VERTIDOS CERO ANTERIORES Acceso a la herramienta OCEANETS Oceanets\u00a0es un proyecto de prevenci\u00f3n, recuperaci\u00f3n, reutilizaci\u00f3n y reciclaje de artes de pesca para obtener productos de valor a\u00f1adido en la industria textil. Surge de la necesidad de prevenir la p\u00e9rdida de los aparejos de pesca en el mar que, adem\u00e1s de la consiguiente p\u00e9rdida econ\u00f3mica,&hellip;","_links":{"self":[{"href":"https:\/\/vertidoscero.com\/en\/wp-json\/wp\/v2\/pages\/849","targetHints":{"allow":["GET"]}}],"collection":[{"href":"https:\/\/vertidoscero.com\/en\/wp-json\/wp\/v2\/pages"}],"about":[{"href":"https:\/\/vertidoscero.com\/en\/wp-json\/wp\/v2\/types\/page"}],"author":[{"embeddable":true,"href":"https:\/\/vertidoscero.com\/en\/wp-json\/wp\/v2\/users\/1"}],"replies":[{"embeddable":true,"href":"https:\/\/vertidoscero.com\/en\/wp-json\/wp\/v2\/comments?post=849"}],"version-history":[{"count":0,"href":"https:\/\/vertidoscero.com\/en\/wp-json\/wp\/v2\/pages\/849\/revisions"}],"up":[{"embeddable":true,"href":"https:\/\/vertidoscero.com\/en\/wp-json\/wp\/v2\/pages\/39"}],"wp:featuredmedia":[{"embeddable":true,"href":"https:\/\/vertidoscero.com\/en\/wp-json\/wp\/v2\/media\/850"}],"wp:attachment":[{"href":"https:\/\/vertidoscero.com\/en\/wp-json\/wp\/v2\/media?parent=849"}],"curies":[{"name":"wp","href":"https:\/\/api.w.org\/{rel}","templated":true}]}}