{"id":891,"date":"2019-05-23T08:26:33","date_gmt":"2019-05-23T08:26:33","guid":{"rendered":"https:\/\/vertidoscero.com\/?page_id=891"},"modified":"2023-04-26T15:08:01","modified_gmt":"2023-04-26T15:08:01","slug":"cies-fondeo-limpio","status":"publish","type":"page","link":"https:\/\/vertidoscero.com\/en\/proyectos\/cies-fondeo-limpio\/","title":{"rendered":"C\u00edes Fondeo Limpio"},"content":{"rendered":"<div data-elementor-type=\"wp-page\" data-elementor-id=\"891\" class=\"elementor elementor-891\" data-elementor-post-type=\"page\">\n\t\t\t\t\t\t<section class=\"elementor-section elementor-top-section elementor-element elementor-element-9d9c9a elementor-section-height-min-height elementor-section-content-middle elementor-section-boxed elementor-section-height-default elementor-section-items-middle\" data-id=\"9d9c9a\" data-element_type=\"section\" data-e-type=\"section\" data-settings=\"{&quot;background_background&quot;:&quot;classic&quot;}\">\n\t\t\t\t\t\t\t<div class=\"elementor-background-overlay\"><\/div>\n\t\t\t\t\t\t\t<div class=\"elementor-container elementor-column-gap-default\">\n\t\t\t\t\t<div class=\"elementor-column elementor-col-100 elementor-top-column elementor-element elementor-element-4407d579\" data-id=\"4407d579\" data-element_type=\"column\" data-e-type=\"column\">\n\t\t\t<div class=\"elementor-widget-wrap elementor-element-populated\">\n\t\t\t\t\t\t<div class=\"elementor-element elementor-element-315206eb elementor-invisible elementor-widget elementor-widget-text-editor\" data-id=\"315206eb\" data-element_type=\"widget\" data-e-type=\"widget\" data-settings=\"{&quot;_animation&quot;:&quot;fadeInDown&quot;}\" data-widget_type=\"text-editor.default\">\n\t\t\t\t<div class=\"elementor-widget-container\">\n\t\t\t\t\t\t\t\t\t<p style=\"text-align: left;\">PROYECTOS VERTIDOS CERO<\/p>\t\t\t\t\t\t\t\t<\/div>\n\t\t\t\t<\/div>\n\t\t\t\t<div class=\"elementor-element elementor-element-120a7a2f elementor-widget elementor-widget-heading\" data-id=\"120a7a2f\" data-element_type=\"widget\" data-e-type=\"widget\" data-widget_type=\"heading.default\">\n\t\t\t\t<div class=\"elementor-widget-container\">\n\t\t\t\t\t<h1 class=\"elementor-heading-title elementor-size-default\">ANTERIORES<\/h1>\t\t\t\t<\/div>\n\t\t\t\t<\/div>\n\t\t\t\t\t<\/div>\n\t\t<\/div>\n\t\t\t\t\t<\/div>\n\t\t<\/section>\n\t\t\t\t<section class=\"elementor-section elementor-top-section elementor-element elementor-element-4a89e5b7 elementor-section-content-middle elementor-section-boxed elementor-section-height-default elementor-section-height-default\" data-id=\"4a89e5b7\" data-element_type=\"section\" data-e-type=\"section\">\n\t\t\t\t\t\t<div class=\"elementor-container elementor-column-gap-no\">\n\t\t\t\t\t<div class=\"elementor-column elementor-col-50 elementor-top-column elementor-element elementor-element-20158570\" data-id=\"20158570\" data-element_type=\"column\" data-e-type=\"column\">\n\t\t\t<div class=\"elementor-widget-wrap elementor-element-populated\">\n\t\t\t\t\t\t<div class=\"elementor-element elementor-element-70db4b73 elementor-widget elementor-widget-image\" data-id=\"70db4b73\" data-element_type=\"widget\" data-e-type=\"widget\" data-widget_type=\"image.default\">\n\t\t\t\t<div class=\"elementor-widget-container\">\n\t\t\t\t\t\t\t\t\t\t\t\t\t\t\t<img fetchpriority=\"high\" decoding=\"async\" width=\"1200\" height=\"675\" src=\"https:\/\/vertidoscero.com\/wp-content\/uploads\/2021\/06\/buceador_web.jpg\" class=\"attachment-full size-full wp-image-1802\" alt=\"\" srcset=\"https:\/\/vertidoscero.com\/wp-content\/uploads\/2021\/06\/buceador_web.jpg 1200w, https:\/\/vertidoscero.com\/wp-content\/uploads\/2021\/06\/buceador_web-300x169.jpg 300w, https:\/\/vertidoscero.com\/wp-content\/uploads\/2021\/06\/buceador_web-1024x576.jpg 1024w, https:\/\/vertidoscero.com\/wp-content\/uploads\/2021\/06\/buceador_web-768x432.jpg 768w, https:\/\/vertidoscero.com\/wp-content\/uploads\/2021\/06\/buceador_web-150x84.jpg 150w\" sizes=\"(max-width: 1200px) 100vw, 1200px\" \/>\t\t\t\t\t\t\t\t\t\t\t\t\t\t\t<\/div>\n\t\t\t\t<\/div>\n\t\t\t\t\t<\/div>\n\t\t<\/div>\n\t\t\t\t<div class=\"elementor-column elementor-col-50 elementor-top-column elementor-element elementor-element-6b119c0b\" data-id=\"6b119c0b\" data-element_type=\"column\" data-e-type=\"column\">\n\t\t\t<div class=\"elementor-widget-wrap elementor-element-populated\">\n\t\t\t\t\t\t<div class=\"elementor-element elementor-element-4b9e8726 elementor-widget elementor-widget-heading\" data-id=\"4b9e8726\" data-element_type=\"widget\" data-e-type=\"widget\" data-widget_type=\"heading.default\">\n\t\t\t\t<div class=\"elementor-widget-container\">\n\t\t\t\t\t<h4 class=\"elementor-heading-title elementor-size-default\">C\u00cdES FONDEO LIMPIO<\/h4>\t\t\t\t<\/div>\n\t\t\t\t<\/div>\n\t\t\t\t<div class=\"elementor-element elementor-element-24c329a2 elementor-widget elementor-widget-text-editor\" data-id=\"24c329a2\" data-element_type=\"widget\" data-e-type=\"widget\" data-widget_type=\"text-editor.default\">\n\t\t\t\t<div class=\"elementor-widget-container\">\n\t\t\t\t\t\t\t\t\t<p>El\u00a0<a href=\"http:\/\/www.parquenacionalillasatlanticas.com\/index.php?lang=es\" target=\"_blank\" rel=\"noopener\">Parque Nacional Mar\u00edtimo Terrestre de las Islas Atl\u00e1ntica<\/a>\u00a0 es un espacio de alto valor ecol\u00f3gico cuya franja marina constituye el 86% de la superficie total protegida. En sus aguas podemos encontrar diversos tipos de fondos que acogen ecosistemas de gran valor, pero susceptibles de ser alterados y destruidos si no se regulan de forma adecuada las actividades que se llevan a cabo en esta zona como son la navegaci\u00f3n y el fondeo de embarcaciones.<\/p><p>El proyecto\u00a0<a href=\"https:\/\/fundacionglobalnature.org\/que-hacemos\/sostenibilidad-corporativa\/residuos-basuras-marinas\/cies-fondeo-limpio\/\" target=\"_blank\" rel=\"noopener\"><strong>C\u00edes, Fondeo Limpio<\/strong><\/a>\u00a0tiene por objetivo aumentar el conocimiento sobre la presencia de basuras marinas en los fondos superficiales del Parque Nacional Illas Atl\u00e1nticas de Galicia. En este contexto,\u00a0<a href=\"https:\/\/vertidoscero.com\/en\/\" target=\"_blank\" rel=\"noopener\">Asociaci\u00f3n Vertidos Cero<\/a>\u00a0ha participado como apoyo t\u00e9cnico al proyecto dirigido por\u00a0<em>Rub\u00e9n Rodr\u00edguez<\/em>\u00a0con la colaboraci\u00f3n del\u00a0Parque Nacional Mar\u00edtimo Terrestre de las Islas Atl\u00e1nticas y\u00a0<a href=\"https:\/\/fundacionglobalnature.org\/\" target=\"_blank\" rel=\"noopener\">Fundaci\u00f3n Global Nature<\/a>, gracias al apoyo de\u00a0<a href=\"https:\/\/www.unnefar.es\/\" target=\"_blank\" rel=\"noopener\">Unnefar<\/a>.<\/p>\t\t\t\t\t\t\t\t<\/div>\n\t\t\t\t<\/div>\n\t\t\t\t\t<\/div>\n\t\t<\/div>\n\t\t\t\t\t<\/div>\n\t\t<\/section>\n\t\t\t\t<section class=\"elementor-section elementor-top-section elementor-element elementor-element-22908e1b elementor-section-boxed elementor-section-height-default elementor-section-height-default\" data-id=\"22908e1b\" data-element_type=\"section\" data-e-type=\"section\">\n\t\t\t\t\t\t<div class=\"elementor-container elementor-column-gap-default\">\n\t\t\t\t\t<div class=\"elementor-column elementor-col-100 elementor-top-column elementor-element elementor-element-392f655e\" data-id=\"392f655e\" data-element_type=\"column\" data-e-type=\"column\">\n\t\t\t<div class=\"elementor-widget-wrap elementor-element-populated\">\n\t\t\t\t\t\t<div class=\"elementor-element elementor-element-75887392 elementor-widget elementor-widget-text-editor\" data-id=\"75887392\" data-element_type=\"widget\" data-e-type=\"widget\" data-widget_type=\"text-editor.default\">\n\t\t\t\t<div class=\"elementor-widget-container\">\n\t\t\t\t\t\t\t\t\t<p style=\"text-align: justify;\"><span style=\"font-style: inherit; font-weight: inherit; color: var( --e-global-color-text ); font-family: -apple-system, BlinkMacSystemFont, 'Segoe UI', Roboto, Oxygen-Sans, Ubuntu, Cantarell, 'Helvetica Neue', sans-serif;\">Os dejamos aqu\u00ed este v\u00eddeo resumen de las labores de inspecci\u00f3n de zonas de fondeo llevadas a cabo dentro del proyecto.<\/span><\/p><p><div class=\"ast-oembed-container\" style=\"height: 100%;\"><iframe title=\"CONTROL BASURAS MARINAS PNMTIAG\" width=\"500\" height=\"281\" src=\"https:\/\/www.youtube.com\/embed\/pfw6hwZTxUc?feature=oembed\" frameborder=\"0\" allow=\"accelerometer; autoplay; clipboard-write; encrypted-media; gyroscope; picture-in-picture; web-share\" referrerpolicy=\"strict-origin-when-cross-origin\" allowfullscreen><\/iframe><\/div><\/p>\t\t\t\t\t\t\t\t<\/div>\n\t\t\t\t<\/div>\n\t\t\t\t\t<\/div>\n\t\t<\/div>\n\t\t\t\t\t<\/div>\n\t\t<\/section>\n\t\t\t\t<\/div>","protected":false},"excerpt":{"rendered":"<p>PROYECTOS VERTIDOS CERO ANTERIORES C\u00cdES FONDEO LIMPIO El\u00a0Parque Nacional Mar\u00edtimo Terrestre de las Islas Atl\u00e1ntica\u00a0 es un espacio de alto valor ecol\u00f3gico cuya franja marina constituye el 86% de la superficie total protegida. En sus aguas podemos encontrar diversos tipos de fondos que acogen ecosistemas de gran valor, pero susceptibles de ser alterados y destruidos [&hellip;]<\/p>\n","protected":false},"author":1,"featured_media":892,"parent":39,"menu_order":0,"comment_status":"closed","ping_status":"closed","template":"","meta":{"_monsterinsights_skip_tracking":false,"_monsterinsights_sitenote_active":false,"_monsterinsights_sitenote_note":"","_monsterinsights_sitenote_category":0,"site-sidebar-layout":"default","site-content-layout":"","ast-site-content-layout":"default","site-content-style":"default","site-sidebar-style":"default","ast-global-header-display":"","ast-banner-title-visibility":"","ast-main-header-display":"","ast-hfb-above-header-display":"","ast-hfb-below-header-display":"","ast-hfb-mobile-header-display":"","site-post-title":"","ast-breadcrumbs-content":"","ast-featured-img":"","footer-sml-layout":"","ast-disable-related-posts":"","theme-transparent-header-meta":"","adv-header-id-meta":"","stick-header-meta":"","header-above-stick-meta":"","header-main-stick-meta":"","header-below-stick-meta":"","astra-migrate-meta-layouts":"default","ast-page-background-enabled":"default","ast-page-background-meta":{"desktop":{"background-color":"var(--ast-global-color-4)","background-image":"","background-repeat":"repeat","background-position":"center center","background-size":"auto","background-attachment":"scroll","background-type":"","background-media":"","overlay-type":"","overlay-color":"","overlay-opacity":"","overlay-gradient":""},"tablet":{"background-color":"","background-image":"","background-repeat":"repeat","background-position":"center center","background-size":"auto","background-attachment":"scroll","background-type":"","background-media":"","overlay-type":"","overlay-color":"","overlay-opacity":"","overlay-gradient":""},"mobile":{"background-color":"","background-image":"","background-repeat":"repeat","background-position":"center center","background-size":"auto","background-attachment":"scroll","background-type":"","background-media":"","overlay-type":"","overlay-color":"","overlay-opacity":"","overlay-gradient":""}},"ast-content-background-meta":{"desktop":{"background-color":"var(--ast-global-color-5)","background-image":"","background-repeat":"repeat","background-position":"center center","background-size":"auto","background-attachment":"scroll","background-type":"","background-media":"","overlay-type":"","overlay-color":"","overlay-opacity":"","overlay-gradient":""},"tablet":{"background-color":"var(--ast-global-color-5)","background-image":"","background-repeat":"repeat","background-position":"center center","background-size":"auto","background-attachment":"scroll","background-type":"","background-media":"","overlay-type":"","overlay-color":"","overlay-opacity":"","overlay-gradient":""},"mobile":{"background-color":"var(--ast-global-color-5)","background-image":"","background-repeat":"repeat","background-position":"center center","background-size":"auto","background-attachment":"scroll","background-type":"","background-media":"","overlay-type":"","overlay-color":"","overlay-opacity":"","overlay-gradient":""}},"footnotes":""},"class_list":["post-891","page","type-page","status-publish","has-post-thumbnail","hentry"],"yoast_head":"<!-- This site is optimized with the Yoast SEO plugin v27.5 - https:\/\/yoast.com\/product\/yoast-seo-wordpress\/ -->\n<title>C\u00edes Fondeo Limpio - Asociaci\u00f3n Vertidos Cero<\/title>\n<meta name=\"robots\" content=\"index, follow, max-snippet:-1, max-image-preview:large, max-video-preview:-1\" \/>\n<link rel=\"canonical\" href=\"https:\/\/vertidoscero.com\/en\/proyectos\/cies-fondeo-limpio\/\" \/>\n<meta property=\"og:locale\" content=\"en_GB\" \/>\n<meta property=\"og:type\" content=\"article\" \/>\n<meta property=\"og:title\" content=\"C\u00edes Fondeo Limpio - Asociaci\u00f3n Vertidos Cero\" \/>\n<meta property=\"og:description\" content=\"PROYECTOS VERTIDOS CERO ANTERIORES C\u00cdES FONDEO LIMPIO El\u00a0Parque Nacional Mar\u00edtimo Terrestre de las Islas Atl\u00e1ntica\u00a0 es un espacio de alto valor ecol\u00f3gico cuya franja marina constituye el 86% de la superficie total protegida. En sus aguas podemos encontrar diversos tipos de fondos que acogen ecosistemas de gran valor, pero susceptibles de ser alterados y destruidos [&hellip;]\" \/>\n<meta property=\"og:url\" content=\"https:\/\/vertidoscero.com\/en\/proyectos\/cies-fondeo-limpio\/\" \/>\n<meta property=\"og:site_name\" content=\"Asociaci\u00f3n Vertidos Cero\" \/>\n<meta property=\"article:modified_time\" content=\"2023-04-26T15:08:01+00:00\" \/>\n<meta property=\"og:image\" content=\"https:\/\/vertidoscero.com\/wp-content\/uploads\/2019\/05\/cies_fondo_limpio.jpeg\" \/>\n\t<meta property=\"og:image:width\" content=\"700\" \/>\n\t<meta property=\"og:image:height\" content=\"393\" \/>\n\t<meta property=\"og:image:type\" content=\"image\/jpeg\" \/>\n<meta name=\"twitter:card\" content=\"summary_large_image\" \/>\n<meta name=\"twitter:label1\" content=\"Estimated reading time\" \/>\n\t<meta name=\"twitter:data1\" content=\"1 minute\" \/>\n<script type=\"application\/ld+json\" class=\"yoast-schema-graph\">{\"@context\":\"https:\\\/\\\/schema.org\",\"@graph\":[{\"@type\":\"WebPage\",\"@id\":\"https:\\\/\\\/vertidoscero.com\\\/proyectos\\\/cies-fondeo-limpio\\\/\",\"url\":\"https:\\\/\\\/vertidoscero.com\\\/proyectos\\\/cies-fondeo-limpio\\\/\",\"name\":\"C\u00edes Fondeo Limpio - Asociaci\u00f3n Vertidos Cero\",\"isPartOf\":{\"@id\":\"https:\\\/\\\/vertidoscero.com\\\/#website\"},\"primaryImageOfPage\":{\"@id\":\"https:\\\/\\\/vertidoscero.com\\\/proyectos\\\/cies-fondeo-limpio\\\/#primaryimage\"},\"image\":{\"@id\":\"https:\\\/\\\/vertidoscero.com\\\/proyectos\\\/cies-fondeo-limpio\\\/#primaryimage\"},\"thumbnailUrl\":\"https:\\\/\\\/vertidoscero.com\\\/wp-content\\\/uploads\\\/2019\\\/05\\\/cies_fondo_limpio.jpeg\",\"datePublished\":\"2019-05-23T08:26:33+00:00\",\"dateModified\":\"2023-04-26T15:08:01+00:00\",\"breadcrumb\":{\"@id\":\"https:\\\/\\\/vertidoscero.com\\\/proyectos\\\/cies-fondeo-limpio\\\/#breadcrumb\"},\"inLanguage\":\"en-GB\",\"potentialAction\":[{\"@type\":\"ReadAction\",\"target\":[\"https:\\\/\\\/vertidoscero.com\\\/proyectos\\\/cies-fondeo-limpio\\\/\"]}]},{\"@type\":\"ImageObject\",\"inLanguage\":\"en-GB\",\"@id\":\"https:\\\/\\\/vertidoscero.com\\\/proyectos\\\/cies-fondeo-limpio\\\/#primaryimage\",\"url\":\"https:\\\/\\\/vertidoscero.com\\\/wp-content\\\/uploads\\\/2019\\\/05\\\/cies_fondo_limpio.jpeg\",\"contentUrl\":\"https:\\\/\\\/vertidoscero.com\\\/wp-content\\\/uploads\\\/2019\\\/05\\\/cies_fondo_limpio.jpeg\",\"width\":700,\"height\":393},{\"@type\":\"BreadcrumbList\",\"@id\":\"https:\\\/\\\/vertidoscero.com\\\/proyectos\\\/cies-fondeo-limpio\\\/#breadcrumb\",\"itemListElement\":[{\"@type\":\"ListItem\",\"position\":1,\"name\":\"Portada\",\"item\":\"https:\\\/\\\/vertidoscero.com\\\/\"},{\"@type\":\"ListItem\",\"position\":2,\"name\":\"Proyectos\",\"item\":\"https:\\\/\\\/vertidoscero.com\\\/proyectos\\\/\"},{\"@type\":\"ListItem\",\"position\":3,\"name\":\"C\u00edes Fondeo Limpio\"}]},{\"@type\":\"WebSite\",\"@id\":\"https:\\\/\\\/vertidoscero.com\\\/#website\",\"url\":\"https:\\\/\\\/vertidoscero.com\\\/\",\"name\":\"Asociaci\u00f3n Vertidos Cero\",\"description\":\"Asociaci\u00f3n Vertidos Cero para la prevenci\u00f3n, minimizaci\u00f3n y eliminaci\u00f3n de los vertidos\",\"publisher\":{\"@id\":\"https:\\\/\\\/vertidoscero.com\\\/#organization\"},\"potentialAction\":[{\"@type\":\"SearchAction\",\"target\":{\"@type\":\"EntryPoint\",\"urlTemplate\":\"https:\\\/\\\/vertidoscero.com\\\/?s={search_term_string}\"},\"query-input\":{\"@type\":\"PropertyValueSpecification\",\"valueRequired\":true,\"valueName\":\"search_term_string\"}}],\"inLanguage\":\"en-GB\"},{\"@type\":\"Organization\",\"@id\":\"https:\\\/\\\/vertidoscero.com\\\/#organization\",\"name\":\"Asociaci\u00f3n Vertidos Cero\",\"url\":\"https:\\\/\\\/vertidoscero.com\\\/\",\"logo\":{\"@type\":\"ImageObject\",\"inLanguage\":\"en-GB\",\"@id\":\"https:\\\/\\\/vertidoscero.com\\\/#\\\/schema\\\/logo\\\/image\\\/\",\"url\":\"https:\\\/\\\/vertidoscero.com\\\/wp-content\\\/uploads\\\/2023\\\/05\\\/cropped-Recurso-12.png\",\"contentUrl\":\"https:\\\/\\\/vertidoscero.com\\\/wp-content\\\/uploads\\\/2023\\\/05\\\/cropped-Recurso-12.png\",\"width\":1070,\"height\":1108,\"caption\":\"Asociaci\u00f3n Vertidos Cero\"},\"image\":{\"@id\":\"https:\\\/\\\/vertidoscero.com\\\/#\\\/schema\\\/logo\\\/image\\\/\"}}]}<\/script>\n<!-- \/ Yoast SEO plugin. -->","yoast_head_json":{"title":"C\u00edes Fondeo Limpio - Asociaci\u00f3n Vertidos Cero","robots":{"index":"index","follow":"follow","max-snippet":"max-snippet:-1","max-image-preview":"max-image-preview:large","max-video-preview":"max-video-preview:-1"},"canonical":"https:\/\/vertidoscero.com\/en\/proyectos\/cies-fondeo-limpio\/","og_locale":"en_GB","og_type":"article","og_title":"C\u00edes Fondeo Limpio - Asociaci\u00f3n Vertidos Cero","og_description":"PROYECTOS VERTIDOS CERO ANTERIORES C\u00cdES FONDEO LIMPIO El\u00a0Parque Nacional Mar\u00edtimo Terrestre de las Islas Atl\u00e1ntica\u00a0 es un espacio de alto valor ecol\u00f3gico cuya franja marina constituye el 86% de la superficie total protegida. En sus aguas podemos encontrar diversos tipos de fondos que acogen ecosistemas de gran valor, pero susceptibles de ser alterados y destruidos [&hellip;]","og_url":"https:\/\/vertidoscero.com\/en\/proyectos\/cies-fondeo-limpio\/","og_site_name":"Asociaci\u00f3n Vertidos Cero","article_modified_time":"2023-04-26T15:08:01+00:00","og_image":[{"width":700,"height":393,"url":"https:\/\/vertidoscero.com\/wp-content\/uploads\/2019\/05\/cies_fondo_limpio.jpeg","type":"image\/jpeg"}],"twitter_card":"summary_large_image","twitter_misc":{"Estimated reading time":"1 minute"},"schema":{"@context":"https:\/\/schema.org","@graph":[{"@type":"WebPage","@id":"https:\/\/vertidoscero.com\/proyectos\/cies-fondeo-limpio\/","url":"https:\/\/vertidoscero.com\/proyectos\/cies-fondeo-limpio\/","name":"C\u00edes Fondeo Limpio - Asociaci\u00f3n Vertidos Cero","isPartOf":{"@id":"https:\/\/vertidoscero.com\/#website"},"primaryImageOfPage":{"@id":"https:\/\/vertidoscero.com\/proyectos\/cies-fondeo-limpio\/#primaryimage"},"image":{"@id":"https:\/\/vertidoscero.com\/proyectos\/cies-fondeo-limpio\/#primaryimage"},"thumbnailUrl":"https:\/\/vertidoscero.com\/wp-content\/uploads\/2019\/05\/cies_fondo_limpio.jpeg","datePublished":"2019-05-23T08:26:33+00:00","dateModified":"2023-04-26T15:08:01+00:00","breadcrumb":{"@id":"https:\/\/vertidoscero.com\/proyectos\/cies-fondeo-limpio\/#breadcrumb"},"inLanguage":"en-GB","potentialAction":[{"@type":"ReadAction","target":["https:\/\/vertidoscero.com\/proyectos\/cies-fondeo-limpio\/"]}]},{"@type":"ImageObject","inLanguage":"en-GB","@id":"https:\/\/vertidoscero.com\/proyectos\/cies-fondeo-limpio\/#primaryimage","url":"https:\/\/vertidoscero.com\/wp-content\/uploads\/2019\/05\/cies_fondo_limpio.jpeg","contentUrl":"https:\/\/vertidoscero.com\/wp-content\/uploads\/2019\/05\/cies_fondo_limpio.jpeg","width":700,"height":393},{"@type":"BreadcrumbList","@id":"https:\/\/vertidoscero.com\/proyectos\/cies-fondeo-limpio\/#breadcrumb","itemListElement":[{"@type":"ListItem","position":1,"name":"Portada","item":"https:\/\/vertidoscero.com\/"},{"@type":"ListItem","position":2,"name":"Proyectos","item":"https:\/\/vertidoscero.com\/proyectos\/"},{"@type":"ListItem","position":3,"name":"C\u00edes Fondeo Limpio"}]},{"@type":"WebSite","@id":"https:\/\/vertidoscero.com\/#website","url":"https:\/\/vertidoscero.com\/","name":"Asociaci\u00f3n Vertidos Cero","description":"Asociaci\u00f3n Vertidos Cero para la prevenci\u00f3n, minimizaci\u00f3n y eliminaci\u00f3n de los vertidos","publisher":{"@id":"https:\/\/vertidoscero.com\/#organization"},"potentialAction":[{"@type":"SearchAction","target":{"@type":"EntryPoint","urlTemplate":"https:\/\/vertidoscero.com\/?s={search_term_string}"},"query-input":{"@type":"PropertyValueSpecification","valueRequired":true,"valueName":"search_term_string"}}],"inLanguage":"en-GB"},{"@type":"Organization","@id":"https:\/\/vertidoscero.com\/#organization","name":"Asociaci\u00f3n Vertidos Cero","url":"https:\/\/vertidoscero.com\/","logo":{"@type":"ImageObject","inLanguage":"en-GB","@id":"https:\/\/vertidoscero.com\/#\/schema\/logo\/image\/","url":"https:\/\/vertidoscero.com\/wp-content\/uploads\/2023\/05\/cropped-Recurso-12.png","contentUrl":"https:\/\/vertidoscero.com\/wp-content\/uploads\/2023\/05\/cropped-Recurso-12.png","width":1070,"height":1108,"caption":"Asociaci\u00f3n Vertidos Cero"},"image":{"@id":"https:\/\/vertidoscero.com\/#\/schema\/logo\/image\/"}}]}},"rttpg_featured_image_url":{"full":["https:\/\/vertidoscero.com\/wp-content\/uploads\/2019\/05\/cies_fondo_limpio.jpeg",700,393,false],"landscape":["https:\/\/vertidoscero.com\/wp-content\/uploads\/2019\/05\/cies_fondo_limpio.jpeg",700,393,false],"portraits":["https:\/\/vertidoscero.com\/wp-content\/uploads\/2019\/05\/cies_fondo_limpio.jpeg",700,393,false],"thumbnail":["https:\/\/vertidoscero.com\/wp-content\/uploads\/2019\/05\/cies_fondo_limpio-150x150.jpeg",150,150,true],"medium":["https:\/\/vertidoscero.com\/wp-content\/uploads\/2019\/05\/cies_fondo_limpio-300x168.jpeg",300,168,true],"large":["https:\/\/vertidoscero.com\/wp-content\/uploads\/2019\/05\/cies_fondo_limpio.jpeg",700,393,false],"1536x1536":["https:\/\/vertidoscero.com\/wp-content\/uploads\/2019\/05\/cies_fondo_limpio.jpeg",700,393,false],"2048x2048":["https:\/\/vertidoscero.com\/wp-content\/uploads\/2019\/05\/cies_fondo_limpio.jpeg",700,393,false],"trp-custom-language-flag":["https:\/\/vertidoscero.com\/wp-content\/uploads\/2019\/05\/cies_fondo_limpio.jpeg",18,10,false]},"rttpg_author":{"display_name":"admin3617","author_link":"https:\/\/vertidoscero.com\/en\/author\/admin3617\/"},"rttpg_comment":0,"rttpg_category":null,"rttpg_excerpt":"PROYECTOS VERTIDOS CERO ANTERIORES C\u00cdES FONDEO LIMPIO El\u00a0Parque Nacional Mar\u00edtimo Terrestre de las Islas Atl\u00e1ntica\u00a0 es un espacio de alto valor ecol\u00f3gico cuya franja marina constituye el 86% de la superficie total protegida. En sus aguas podemos encontrar diversos tipos de fondos que acogen ecosistemas de gran valor, pero susceptibles de ser alterados y destruidos&hellip;","_links":{"self":[{"href":"https:\/\/vertidoscero.com\/en\/wp-json\/wp\/v2\/pages\/891","targetHints":{"allow":["GET"]}}],"collection":[{"href":"https:\/\/vertidoscero.com\/en\/wp-json\/wp\/v2\/pages"}],"about":[{"href":"https:\/\/vertidoscero.com\/en\/wp-json\/wp\/v2\/types\/page"}],"author":[{"embeddable":true,"href":"https:\/\/vertidoscero.com\/en\/wp-json\/wp\/v2\/users\/1"}],"replies":[{"embeddable":true,"href":"https:\/\/vertidoscero.com\/en\/wp-json\/wp\/v2\/comments?post=891"}],"version-history":[{"count":0,"href":"https:\/\/vertidoscero.com\/en\/wp-json\/wp\/v2\/pages\/891\/revisions"}],"up":[{"embeddable":true,"href":"https:\/\/vertidoscero.com\/en\/wp-json\/wp\/v2\/pages\/39"}],"wp:featuredmedia":[{"embeddable":true,"href":"https:\/\/vertidoscero.com\/en\/wp-json\/wp\/v2\/media\/892"}],"wp:attachment":[{"href":"https:\/\/vertidoscero.com\/en\/wp-json\/wp\/v2\/media?parent=891"}],"curies":[{"name":"wp","href":"https:\/\/api.w.org\/{rel}","templated":true}]}}